{"id":896526,"date":"2016-06-27T12:57:20","date_gmt":"2016-06-27T10:57:20","guid":{"rendered":"https:\/\/staging.pokeriomokykla.com\/iletisim"},"modified":"2025-04-28T23:56:11","modified_gmt":"2025-04-28T21:56:11","slug":"iletisim","status":"publish","type":"page","link":"https:\/\/staging.pokeriomokykla.com\/tr\/iletisim","title":{"rendered":"\u0130leti\u015fim"},"content":{"rendered":"<p>Herhangi bir sorunuz veya \u00f6neriniz var m\u0131? Bizimle ileti\u015fime ge\u00e7in.<br \/>PokerioMokykla.com ile ileti\u015fime ge\u00e7in!<br \/><strong>E-posta<\/strong>:\u00a0<a href=\"mailto:info@pokeriomokykla.com\">info@pokeriomokykla.com<\/a><\/p>\n","protected":false},"excerpt":{"rendered":"<p>Herhangi bir sorunuz veya \u00f6neriniz var m\u0131? Bizimle ileti\u015fime ge\u00e7in.PokerioMokykla.com&#8230;<\/p>\n","protected":false},"author":491,"featured_media":0,"parent":0,"menu_order":6,"comment_status":"closed","ping_status":"closed","template":"","meta":{"_acf_changed":false,"footnotes":""},"class_list":["post-896526","page","type-page","status-publish","hentry"],"acf":[],"_links":{"self":[{"href":"https:\/\/staging.pokeriomokykla.com\/tr\/wp-json\/wp\/v2\/pages\/896526","targetHints":{"allow":["GET"]}}],"collection":[{"href":"https:\/\/staging.pokeriomokykla.com\/tr\/wp-json\/wp\/v2\/pages"}],"about":[{"href":"https:\/\/staging.pokeriomokykla.com\/tr\/wp-json\/wp\/v2\/types\/page"}],"author":[{"embeddable":true,"href":"https:\/\/staging.pokeriomokykla.com\/tr\/wp-json\/wp\/v2\/users\/491"}],"replies":[{"embeddable":true,"href":"https:\/\/staging.pokeriomokykla.com\/tr\/wp-json\/wp\/v2\/comments?post=896526"}],"version-history":[{"count":3,"href":"https:\/\/staging.pokeriomokykla.com\/tr\/wp-json\/wp\/v2\/pages\/896526\/revisions"}],"predecessor-version":[{"id":1089909,"href":"https:\/\/staging.pokeriomokykla.com\/tr\/wp-json\/wp\/v2\/pages\/896526\/revisions\/1089909"}],"wp:attachment":[{"href":"https:\/\/staging.pokeriomokykla.com\/tr\/wp-json\/wp\/v2\/media?parent=896526"}],"curies":[{"name":"wp","href":"https:\/\/api.w.org\/{rel}","templated":true}]}}