{"id":896496,"date":"2016-08-10T17:45:47","date_gmt":"2016-08-10T15:45:47","guid":{"rendered":"https:\/\/staging.pokeriomokykla.com\/kurallar-ve-sartlar"},"modified":"2025-04-28T23:55:14","modified_gmt":"2025-04-28T21:55:14","slug":"kurallar-ve-sartlar","status":"publish","type":"page","link":"https:\/\/staging.pokeriomokykla.com\/tr\/kurallar-denklemler","title":{"rendered":"Kurallar ir \u015eartlar"},"content":{"rendered":"<div id=\"ez-toc-container\" class=\"ez-toc-v2_0_76 ez-toc-wrap-left counter-hierarchy ez-toc-counter ez-toc-light-blue ez-toc-container-direction\">\n<div class=\"ez-toc-title-container\">\n<p class=\"ez-toc-title\" style=\"cursor:inherit\">Table of contents tur<\/p>\n<span class=\"ez-toc-title-toggle\"><a href=\"#\" class=\"ez-toc-pull-right ez-toc-btn ez-toc-btn-xs ez-toc-btn-default ez-toc-toggle\" aria-label=\"Toggle Table of Content\"><span class=\"ez-toc-js-icon-con\"><span class=\"\"><span class=\"eztoc-hide\" style=\"display:none;\">Toggle<\/span><span class=\"ez-toc-icon-toggle-span\"><svg style=\"fill: #000000;color:#000000\" xmlns=\"http:\/\/www.w3.org\/2000\/svg\" class=\"list-377408\" width=\"20px\" height=\"20px\" viewBox=\"0 0 24 24\" fill=\"none\"><path d=\"M6 6H4v2h2V6zm14 0H8v2h12V6zM4 11h2v2H4v-2zm16 0H8v2h12v-2zM4 16h2v2H4v-2zm16 0H8v2h12v-2z\" fill=\"currentColor\"><\/path><\/svg><svg style=\"fill: #000000;color:#000000\" class=\"arrow-unsorted-368013\" xmlns=\"http:\/\/www.w3.org\/2000\/svg\" width=\"10px\" height=\"10px\" viewBox=\"0 0 24 24\" version=\"1.2\" baseProfile=\"tiny\"><path d=\"M18.2 9.3l-6.2-6.3-6.2 6.3c-.2.2-.3.4-.3.7s.1.5.3.7c.2.2.4.3.7.3h11c.3 0 .5-.1.7-.3.2-.2.3-.5.3-.7s-.1-.5-.3-.7zM5.8 14.7l6.2 6.3 6.2-6.3c.2-.2.3-.5.3-.7s-.1-.5-.3-.7c-.2-.2-.4-.3-.7-.3h-11c-.3 0-.5.1-.7.3-.2.2-.3.5-.3.7s.1.5.3.7z\"\/><\/svg><\/span><\/span><\/span><\/a><\/span><\/div>\n<nav><ul class='ez-toc-list ez-toc-list-level-1 eztoc-toggle-hide-by-default' ><li class='ez-toc-page-1 ez-toc-heading-level-3'><a class=\"ez-toc-link ez-toc-heading-1\" href=\"https:\/\/staging.pokeriomokykla.com\/tr\/kurallar-denklemler\/#Iletisim\" >\u0130leti\u015fim<\/a><\/li><li class='ez-toc-page-1 ez-toc-heading-level-3'><a class=\"ez-toc-link ez-toc-heading-2\" href=\"https:\/\/staging.pokeriomokykla.com\/tr\/kurallar-denklemler\/#Sorumluluk\" >Sorumluluk<\/a><\/li><li class='ez-toc-page-1 ez-toc-heading-level-3'><a class=\"ez-toc-link ez-toc-heading-3\" href=\"https:\/\/staging.pokeriomokykla.com\/tr\/kurallar-denklemler\/#Reklam\" >Reklam<\/a><\/li><li class='ez-toc-page-1 ez-toc-heading-level-3'><a class=\"ez-toc-link ez-toc-heading-4\" href=\"https:\/\/staging.pokeriomokykla.com\/tr\/kurallar-denklemler\/#Bilgi_Toplama\" >Bilgi Toplama<\/a><\/li><\/ul><\/nav><\/div>\n<h3 class=\"p1\"><span class=\"ez-toc-section\" id=\"Iletisim\"><\/span><span class=\"s1\"><b>\u0130leti\u015fim<\/b><\/span><span class=\"ez-toc-section-end\"><\/span><\/h3>\n<ol>\n<li><span class=\"s1\">PokerioMokykla.com kapal\u0131 bir poker toplulu\u011fudur, birbirimizi y\u00fcksek bir anlay\u0131\u015f seviyesinde tutmay\u0131 ama\u00e7l\u0131yoruz. Bu nedenle, okul i\u00e7indeki t\u00fcm ileti\u015fim kar\u015f\u0131l\u0131kl\u0131 anlay\u0131\u015fa dayanmaktad\u0131r.<\/span><\/li>\n<li><span class=\"s1\">Her \u00f6\u011frenci kendi g\u00f6r\u00fc\u015flerine ve farkl\u0131 bak\u0131\u015f a\u00e7\u0131lar\u0131na sahip olma hakk\u0131na sahiptir. Bu nedenle, her okul \u00fcyesi di\u011fer ki\u015finin g\u00f6r\u00fc\u015flerine sayg\u0131 g\u00f6stermek zorundad\u0131r. Ancak, herhangi bir \u0131rksal, dini, ulusal, cinsel ve di\u011fer ayr\u0131mc\u0131l\u0131k t\u00fcrleri kesinlikle yasakt\u0131r. Bu kural\u0131 kas\u0131tl\u0131 olarak ihlal eden \u00fcyeler (kas\u0131tl\u0131 olarak hakaret eden, ayr\u0131mc\u0131l\u0131\u011f\u0131 te\u015fvik eden, a\u015fa\u011f\u0131layan, taciz eden, tehdit eden ve di\u011fer ki\u015filerin \u00f6zg\u00fcrl\u00fck ve onurunu a\u015fa\u011f\u0131layan) derhal ve kal\u0131c\u0131 olarak poker okulundan \u00e7\u0131kar\u0131lacak, geri d\u00f6nme hakk\u0131 olmadan. Bu durumda \u00fcye \u00e7\u0131kar\u0131l\u0131r ve \u00f6dedi\u011fi giri\u015f ve abonelik \u00fccretleri iade edilmez.<\/span><\/li>\n<li><span class=\"s1\">Gerekti\u011finde, PokerioMokykla.com y\u00f6netimi tehditler veya te\u015fvik edilen ayr\u0131mc\u0131l\u0131k hakk\u0131nda Litvanya Cumhuriyeti polisine ve di\u011fer kurumlara bildirimde bulunma hakk\u0131n\u0131 sakl\u0131 tutar.<\/span><\/li>\n<\/ol>\n<h3 class=\"p1\"><span class=\"ez-toc-section\" id=\"Sorumluluk\"><\/span><span class=\"s1\"><b>Sorumluluk<\/b><\/span><span class=\"ez-toc-section-end\"><\/span><\/h3>\n<ol>\n<li><span class=\"s1\">PokerioMokykla.com kumar oyunlar\u0131n\u0131 tan\u0131tmaz, herhangi bir poker, kumarhane veya bahis \u015firketini temsil etmez. Sitede sunulan i\u00e7erik tamamen bilgilendirme ama\u00e7l\u0131d\u0131r. Poker okulunun y\u00f6netimi kumar operat\u00f6rlerinden ve benzerlerinden herhangi bir gelir elde etmez.<\/span><\/li>\n<li>Pokeriomokykla.com poker, kumarhane ve bahis g\u00fcncellemeleri hakk\u0131nda s\u00fcrekli bilgi ekler ve g\u00fcnceller.<\/li>\n<li><span class=\"s1\">Sa\u011flanan hizmetler i\u00e7in \u00f6denen paralar (abonelik \u00fccreti, dersler, yard\u0131mc\u0131 programlar) iade edilmez.<\/span><\/li>\n<li><span class=\"s1\">PokerioMokykla.com, PokerioMokykla.com poker okulundan al\u0131nan bilgiler, bahis tahminleri i\u00e7eri\u011fi, forum i\u00e7eri\u011fi, bilgilerin g\u00fcvenilirli\u011fi, kayb\u0131 veya gecikmesi nedeniyle do\u011frudan veya dolayl\u0131 olarak ya\u015fayabilece\u011finiz zararlardan sorumlu de\u011fildir.<\/span><\/li>\n<li><span class=\"s1\">PokerioMokykla.com, Litvanya Cumhuriyeti yasalar\u0131na, uluslararas\u0131 anla\u015fmalara ve etik normlara ayk\u0131r\u0131 mesajlar\u0131 tolere etmeyecektir. Bu t\u00fcr mesajlar kald\u0131r\u0131lacakt\u0131r.<\/span><\/li>\n<li><span class=\"s1\">Kurallar s\u00fcrekli g\u00fcncellenmektedir. Kurallar\u0131 bilmemek sorumluluktan kurtarmaz.<\/span><\/li>\n<\/ol>\n<h3 class=\"p1\"><span class=\"ez-toc-section\" id=\"Reklam\"><\/span><span class=\"s1\"><b>Reklam<\/b><\/span><span class=\"ez-toc-section-end\"><\/span><\/h3>\n<ol>\n<li class=\"p2\"><span class=\"s1\">PokerioMokykla.com'da, PokerioMokykla.com poker okulu y\u00f6netimi ile uyumlu olmayan herhangi bir t\u00fcr reklam yasakt\u0131r. Reklam yayan kullan\u0131c\u0131lar uyar\u0131lacakt\u0131r.<\/span><\/li>\n<li class=\"p3\"><span class=\"s2\">PokerioMokykla.com'da, mesaj olu\u015ftururken veya ki\u015fisel mesajlar g\u00f6nderirken, \u00f6zellikle Litvanya Cumhuriyeti kumar denetim yasas\u0131n\u0131 ihlal eden herhangi bir affiliate t\u00fcr\u00fc ba\u011flant\u0131 reklam\u0131 kesinlikle yasakt\u0131r. Bu t\u00fcr mesajlar\u0131n yazarlar\u0131 derhal ve kal\u0131c\u0131 olarak poker okulundan \u00e7\u0131kar\u0131lacak, paralar\u0131 iade edilmeyecek ve bilgileri (IP adresleri dahil) Litvanya Cumhuriyeti yasalar\u0131n\u0131 ihlal edenler olarak devlet kumar denetim komisyonuna iletilecektir.<\/span><\/li>\n<\/ol>\n<h3><span class=\"ez-toc-section\" id=\"Bilgi_Toplama\"><\/span><strong>Bilgi Toplama<\/strong><span class=\"ez-toc-section-end\"><\/span><\/h3>\n<ol>\n<li>PokerioMokykla.com, pazarlama ama\u00e7lar\u0131 i\u00e7in kay\u0131tl\u0131 ziyaret\u00e7ilerin bilgilerini toplama ve kullanma hakk\u0131n\u0131 sakl\u0131 tutar. Ziyaret\u00e7i bilgileri aras\u0131nda gezinme ge\u00e7mi\u015fi, e-posta adresi, telefon numaras\u0131 ve di\u011fer veriler bulunmaktad\u0131r.<\/li>\n<li>PokerioMokykla.com, ziyaret\u00e7ilerinin gizlili\u011fine ve bilgi g\u00fcvenli\u011fine sayg\u0131 duyar, bu nedenle sa\u011flanan veriler yaln\u0131zca web sitesi faaliyetlerinin pazarlama ama\u00e7lar\u0131 i\u00e7in kullan\u0131labilir. Toplanan bilgiler \u00fc\u00e7\u00fcnc\u00fc \u015fah\u0131slara iletilemez.<\/li>\n<\/ol>\n","protected":false},"excerpt":{"rendered":"<p>\u0130leti\u015fim PokerioMokykla.com kapal\u0131 bir poker toplulu\u011fudur, birbirimizi y\u00fcksek bir anlay\u0131\u015f&#8230;<\/p>\n","protected":false},"author":491,"featured_media":0,"parent":0,"menu_order":23,"comment_status":"closed","ping_status":"closed","template":"","meta":{"_acf_changed":false,"footnotes":""},"class_list":["post-896496","page","type-page","status-publish","hentry"],"acf":[],"_links":{"self":[{"href":"https:\/\/staging.pokeriomokykla.com\/tr\/wp-json\/wp\/v2\/pages\/896496","targetHints":{"allow":["GET"]}}],"collection":[{"href":"https:\/\/staging.pokeriomokykla.com\/tr\/wp-json\/wp\/v2\/pages"}],"about":[{"href":"https:\/\/staging.pokeriomokykla.com\/tr\/wp-json\/wp\/v2\/types\/page"}],"author":[{"embeddable":true,"href":"https:\/\/staging.pokeriomokykla.com\/tr\/wp-json\/wp\/v2\/users\/491"}],"replies":[{"embeddable":true,"href":"https:\/\/staging.pokeriomokykla.com\/tr\/wp-json\/wp\/v2\/comments?post=896496"}],"version-history":[{"count":3,"href":"https:\/\/staging.pokeriomokykla.com\/tr\/wp-json\/wp\/v2\/pages\/896496\/revisions"}],"predecessor-version":[{"id":1027113,"href":"https:\/\/staging.pokeriomokykla.com\/tr\/wp-json\/wp\/v2\/pages\/896496\/revisions\/1027113"}],"wp:attachment":[{"href":"https:\/\/staging.pokeriomokykla.com\/tr\/wp-json\/wp\/v2\/media?parent=896496"}],"curies":[{"name":"wp","href":"https:\/\/api.w.org\/{rel}","templated":true}]}}