{"id":895739,"date":"2017-06-27T03:02:48","date_gmt":"2017-06-27T01:02:48","guid":{"rendered":"https:\/\/staging.pokeriomokykla.com\/ortaklik-programi-hakkinda"},"modified":"2025-04-28T23:47:27","modified_gmt":"2025-04-28T21:47:27","slug":"ortaklik-programi-hakkinda","status":"publish","type":"page","link":"https:\/\/staging.pokeriomokykla.com\/tr\/ortaklik-programi-hakkinda","title":{"rendered":"Ortakl\u0131k program\u0131 hakk\u0131nda"},"content":{"rendered":"","protected":false},"excerpt":{"rendered":"","protected":false},"author":491,"featured_media":0,"parent":0,"menu_order":0,"comment_status":"closed","ping_status":"closed","template":"","meta":{"_acf_changed":false,"footnotes":""},"class_list":["post-895739","page","type-page","status-publish","hentry"],"acf":[],"_links":{"self":[{"href":"https:\/\/staging.pokeriomokykla.com\/tr\/wp-json\/wp\/v2\/pages\/895739","targetHints":{"allow":["GET"]}}],"collection":[{"href":"https:\/\/staging.pokeriomokykla.com\/tr\/wp-json\/wp\/v2\/pages"}],"about":[{"href":"https:\/\/staging.pokeriomokykla.com\/tr\/wp-json\/wp\/v2\/types\/page"}],"author":[{"embeddable":true,"href":"https:\/\/staging.pokeriomokykla.com\/tr\/wp-json\/wp\/v2\/users\/491"}],"replies":[{"embeddable":true,"href":"https:\/\/staging.pokeriomokykla.com\/tr\/wp-json\/wp\/v2\/comments?post=895739"}],"version-history":[{"count":1,"href":"https:\/\/staging.pokeriomokykla.com\/tr\/wp-json\/wp\/v2\/pages\/895739\/revisions"}],"predecessor-version":[{"id":995381,"href":"https:\/\/staging.pokeriomokykla.com\/tr\/wp-json\/wp\/v2\/pages\/895739\/revisions\/995381"}],"wp:attachment":[{"href":"https:\/\/staging.pokeriomokykla.com\/tr\/wp-json\/wp\/v2\/media?parent=895739"}],"curies":[{"name":"wp","href":"https:\/\/api.w.org\/{rel}","templated":true}]}}