{"id":868856,"date":"2015-07-19T07:20:45","date_gmt":"2015-07-19T05:20:45","guid":{"rendered":"https:\/\/staging.pokeriomokykla.com\/skyddat-innehall"},"modified":"2025-04-29T00:04:17","modified_gmt":"2025-04-28T22:04:17","slug":"skyddat-innehall","status":"publish","type":"page","link":"https:\/\/staging.pokeriomokykla.com\/sv\/skyddad-grasmatta","title":{"rendered":"Skyddat inneh\u00e5ll"},"content":{"rendered":"<p style=\"text-align: center\">Detta inneh\u00e5ll \u00e4r endast tillg\u00e4ngligt f\u00f6r aktiva medlemmar. Registrera dig eller logga in!<\/p>\n","protected":false},"excerpt":{"rendered":"<p>Detta inneh\u00e5ll \u00e4r endast tillg\u00e4ngligt f\u00f6r aktiva medlemmar. Registrera dig&#8230;<\/p>\n","protected":false},"author":72,"featured_media":0,"parent":0,"menu_order":26,"comment_status":"open","ping_status":"closed","template":"","meta":{"_acf_changed":false,"footnotes":""},"class_list":["post-868856","page","type-page","status-publish","hentry"],"acf":[],"_links":{"self":[{"href":"https:\/\/staging.pokeriomokykla.com\/sv\/wp-json\/wp\/v2\/pages\/868856","targetHints":{"allow":["GET"]}}],"collection":[{"href":"https:\/\/staging.pokeriomokykla.com\/sv\/wp-json\/wp\/v2\/pages"}],"about":[{"href":"https:\/\/staging.pokeriomokykla.com\/sv\/wp-json\/wp\/v2\/types\/page"}],"author":[{"embeddable":true,"href":"https:\/\/staging.pokeriomokykla.com\/sv\/wp-json\/wp\/v2\/users\/72"}],"replies":[{"embeddable":true,"href":"https:\/\/staging.pokeriomokykla.com\/sv\/wp-json\/wp\/v2\/comments?post=868856"}],"version-history":[{"count":1,"href":"https:\/\/staging.pokeriomokykla.com\/sv\/wp-json\/wp\/v2\/pages\/868856\/revisions"}],"predecessor-version":[{"id":948194,"href":"https:\/\/staging.pokeriomokykla.com\/sv\/wp-json\/wp\/v2\/pages\/868856\/revisions\/948194"}],"wp:attachment":[{"href":"https:\/\/staging.pokeriomokykla.com\/sv\/wp-json\/wp\/v2\/media?parent=868856"}],"curies":[{"name":"wp","href":"https:\/\/api.w.org\/{rel}","templated":true}]}}