{"id":867309,"date":"2016-08-10T17:45:47","date_gmt":"2016-08-10T15:45:47","guid":{"rendered":"https:\/\/staging.pokeriomokykla.com\/regler-och-villkor"},"modified":"2025-04-28T23:55:14","modified_gmt":"2025-04-28T21:55:14","slug":"regler-och-villkor","status":"publish","type":"page","link":"https:\/\/staging.pokeriomokykla.com\/sv\/regler-ekvationer","title":{"rendered":"Regler och villkor"},"content":{"rendered":"<div id=\"ez-toc-container\" class=\"ez-toc-v2_0_76 ez-toc-wrap-left counter-hierarchy ez-toc-counter ez-toc-light-blue ez-toc-container-direction\">\n<div class=\"ez-toc-title-container\">\n<p class=\"ez-toc-title\" style=\"cursor:inherit\">Table of contents sw<\/p>\n<span class=\"ez-toc-title-toggle\"><a href=\"#\" class=\"ez-toc-pull-right ez-toc-btn ez-toc-btn-xs ez-toc-btn-default ez-toc-toggle\" aria-label=\"Toggle Table of Content\"><span class=\"ez-toc-js-icon-con\"><span class=\"\"><span class=\"eztoc-hide\" style=\"display:none;\">Toggle<\/span><span class=\"ez-toc-icon-toggle-span\"><svg style=\"fill: #000000;color:#000000\" xmlns=\"http:\/\/www.w3.org\/2000\/svg\" class=\"list-377408\" width=\"20px\" height=\"20px\" viewBox=\"0 0 24 24\" fill=\"none\"><path d=\"M6 6H4v2h2V6zm14 0H8v2h12V6zM4 11h2v2H4v-2zm16 0H8v2h12v-2zM4 16h2v2H4v-2zm16 0H8v2h12v-2z\" fill=\"currentColor\"><\/path><\/svg><svg style=\"fill: #000000;color:#000000\" class=\"arrow-unsorted-368013\" xmlns=\"http:\/\/www.w3.org\/2000\/svg\" width=\"10px\" height=\"10px\" viewBox=\"0 0 24 24\" version=\"1.2\" baseProfile=\"tiny\"><path d=\"M18.2 9.3l-6.2-6.3-6.2 6.3c-.2.2-.3.4-.3.7s.1.5.3.7c.2.2.4.3.7.3h11c.3 0 .5-.1.7-.3.2-.2.3-.5.3-.7s-.1-.5-.3-.7zM5.8 14.7l6.2 6.3 6.2-6.3c.2-.2.3-.5.3-.7s-.1-.5-.3-.7c-.2-.2-.4-.3-.7-.3h-11c-.3 0-.5.1-.7.3-.2.2-.3.5-.3.7s.1.5.3.7z\"\/><\/svg><\/span><\/span><\/span><\/a><\/span><\/div>\n<nav><ul class='ez-toc-list ez-toc-list-level-1 eztoc-toggle-hide-by-default' ><li class='ez-toc-page-1 ez-toc-heading-level-3'><a class=\"ez-toc-link ez-toc-heading-1\" href=\"https:\/\/staging.pokeriomokykla.com\/sv\/regler-ekvationer\/#Kommunikation\" >Kommunikation<\/a><\/li><li class='ez-toc-page-1 ez-toc-heading-level-3'><a class=\"ez-toc-link ez-toc-heading-2\" href=\"https:\/\/staging.pokeriomokykla.com\/sv\/regler-ekvationer\/#Ansvar\" >Ansvar<\/a><\/li><li class='ez-toc-page-1 ez-toc-heading-level-3'><a class=\"ez-toc-link ez-toc-heading-3\" href=\"https:\/\/staging.pokeriomokykla.com\/sv\/regler-ekvationer\/#Reklam\" >Reklam<\/a><\/li><li class='ez-toc-page-1 ez-toc-heading-level-3'><a class=\"ez-toc-link ez-toc-heading-4\" href=\"https:\/\/staging.pokeriomokykla.com\/sv\/regler-ekvationer\/#Informationsinsamling\" >Informationsinsamling<\/a><\/li><\/ul><\/nav><\/div>\n<h3 class=\"p1\"><span class=\"ez-toc-section\" id=\"Kommunikation\"><\/span><span class=\"s1\"><b>Kommunikation<\/b><\/span><span class=\"ez-toc-section-end\"><\/span><\/h3>\n<ol>\n<li><span class=\"s1\">PokerioMokykla.com \u00e4r en sluten pokergemenskap, vi str\u00e4var efter att uppr\u00e4tth\u00e5lla en h\u00f6g niv\u00e5 av \u00f6msesidig f\u00f6rst\u00e5else. All kommunikation i skolan \u00e4r d\u00e4rf\u00f6r baserad p\u00e5 \u00f6msesidig f\u00f6rst\u00e5else.<\/span><\/li>\n<li><span class=\"s1\">Varje elev har r\u00e4tt till sina egna \u00e5sikter och olika syns\u00e4tt. D\u00e4rf\u00f6r m\u00e5ste varje medlem av skolan respektera andras \u00e5sikter. Men all form av ras-, religions-, nationell, k\u00f6ns- och annan diskriminering \u00e4r str\u00e4ngt f\u00f6rbjuden. Medlemmar som medvetet bryter mot denna regel (medvetet f\u00f6rol\u00e4mpar, uppmuntrar diskriminering, f\u00f6rnedrar, trakasserar, hotar och p\u00e5 annat s\u00e4tt kr\u00e4nker andras friheter och v\u00e4rdighet) kommer omedelbart och permanent att avl\u00e4gsnas fr\u00e5n pokerskolan utan r\u00e4tt att \u00e5terv\u00e4nda. I s\u00e5dana fall avl\u00e4gsnas medlemmen och de betalda intr\u00e4des- och abonnemangsavgifterna \u00e5terbetalas inte.<\/span><\/li>\n<li><span class=\"s1\">Vid behov f\u00f6rbeh\u00e5ller sig PokerioMokykla.com administrationen r\u00e4tten att rapportera hot eller uppmuntran till diskriminering till polisen och andra myndigheter.<\/span><\/li>\n<\/ol>\n<h3 class=\"p1\"><span class=\"ez-toc-section\" id=\"Ansvar\"><\/span><span class=\"s1\"><b>Ansvar<\/b><\/span><span class=\"ez-toc-section-end\"><\/span><\/h3>\n<ol>\n<li><span class=\"s1\">PokerioMokykla.com marknadsf\u00f6r inte hasardspel, representerar inte n\u00e5got poker-, kasino- eller vadslagningsf\u00f6retag. Webbplatsen inneh\u00e5ller endast information. Pokerskolans administration f\u00e5r inga inkomster fr\u00e5n hasardspelsoperat\u00f6rer och liknande.<\/span><\/li>\n<li>Pokeriomokykla.com uppdaterar och kompletterar st\u00e4ndigt information om poker, kasino och vadslagning.<\/li>\n<li><span class=\"s1\">Pengar f\u00f6r tillhandah\u00e5llna tj\u00e4nster (abonnemangsavgift, lektioner, hj\u00e4lpprogram) \u00e5terbetalas inte.<\/span><\/li>\n<li><span class=\"s1\">PokerioMokykla.com ansvarar inte f\u00f6r skador som du kan drabbas av direkt eller indirekt p\u00e5 grund av information som erh\u00e5llits fr\u00e5n PokerioMokykla.com pokerskola, vadslagningsprognoser, foruminneh\u00e5ll, informations tillf\u00f6rlitlighet, f\u00f6rlust eller f\u00f6rsening.<\/span><\/li>\n<li><span class=\"s1\">PokerioMokykla.com tolererar inte meddelanden vars inneh\u00e5ll strider mot Republiken Litauens lagar, internationella avtal och meddelanden som strider mot etiska normer. S\u00e5dana meddelanden kommer att tas bort.<\/span><\/li>\n<li><span class=\"s1\">Reglerna uppdateras st\u00e4ndigt. Okunskap om reglerna befriar inte fr\u00e5n ansvar.<\/span><\/li>\n<\/ol>\n<h3 class=\"p1\"><span class=\"ez-toc-section\" id=\"Reklam\"><\/span><span class=\"s1\"><b>Reklam<\/b><\/span><span class=\"ez-toc-section-end\"><\/span><\/h3>\n<ol>\n<li class=\"p2\"><span class=\"s1\">All typ av reklam som inte \u00e4r godk\u00e4nd av PokerioMokykla.com pokerskolans administration \u00e4r f\u00f6rbjuden p\u00e5 PokerioMokykla.com. Anv\u00e4ndare som sprider reklam kommer att varnas.<\/span><\/li>\n<li class=\"p3\"><span class=\"s2\">All typ av affiliate-l\u00e4nk reklam \u00e4r str\u00e4ngt f\u00f6rbjuden p\u00e5 PokerioMokykla.com, b\u00e5de i meddelanden och i personliga meddelanden. Speciellt om det bryter mot Republiken Litauens spellag. F\u00f6rfattarna till s\u00e5dana meddelanden kommer omedelbart att avl\u00e4gsnas fr\u00e5n pokerskolan permanent, pengar \u00e5terbetalas inte, och deras uppgifter (inklusive IP-adresser) kommer att \u00f6verl\u00e4mnas till den statliga spelkommissionen som bryter mot Republiken Litauens lagar.<\/span><\/li>\n<\/ol>\n<h3><span class=\"ez-toc-section\" id=\"Informationsinsamling\"><\/span><strong>Informationsinsamling<\/strong><span class=\"ez-toc-section-end\"><\/span><\/h3>\n<ol>\n<li>PokerioMokykla.com f\u00f6rbeh\u00e5ller sig r\u00e4tten att samla in och anv\u00e4nda registrerade bes\u00f6kares information f\u00f6r marknadsf\u00f6rings\u00e4ndam\u00e5l. Bes\u00f6karinformation inkluderar alla data, inklusive webbhistorik, e-postadress, telefonnummer etc.<\/li>\n<li>PokerioMokykla.com respekterar sina bes\u00f6kares integritet och informationss\u00e4kerhet, s\u00e5 de tillhandah\u00e5llna uppgifterna kan endast anv\u00e4ndas f\u00f6r webbplatsens marknadsf\u00f6rings\u00e4ndam\u00e5l. Den insamlade informationen f\u00e5r inte \u00f6verf\u00f6ras till tredje part.<\/li>\n<\/ol>\n","protected":false},"excerpt":{"rendered":"<p>Kommunikation PokerioMokykla.com \u00e4r en sluten pokergemenskap, vi str\u00e4var efter att&#8230;<\/p>\n","protected":false},"author":491,"featured_media":0,"parent":0,"menu_order":23,"comment_status":"closed","ping_status":"closed","template":"","meta":{"_acf_changed":false,"footnotes":""},"class_list":["post-867309","page","type-page","status-publish","hentry"],"acf":[],"_links":{"self":[{"href":"https:\/\/staging.pokeriomokykla.com\/sv\/wp-json\/wp\/v2\/pages\/867309","targetHints":{"allow":["GET"]}}],"collection":[{"href":"https:\/\/staging.pokeriomokykla.com\/sv\/wp-json\/wp\/v2\/pages"}],"about":[{"href":"https:\/\/staging.pokeriomokykla.com\/sv\/wp-json\/wp\/v2\/types\/page"}],"author":[{"embeddable":true,"href":"https:\/\/staging.pokeriomokykla.com\/sv\/wp-json\/wp\/v2\/users\/491"}],"replies":[{"embeddable":true,"href":"https:\/\/staging.pokeriomokykla.com\/sv\/wp-json\/wp\/v2\/comments?post=867309"}],"version-history":[{"count":2,"href":"https:\/\/staging.pokeriomokykla.com\/sv\/wp-json\/wp\/v2\/pages\/867309\/revisions"}],"predecessor-version":[{"id":1007364,"href":"https:\/\/staging.pokeriomokykla.com\/sv\/wp-json\/wp\/v2\/pages\/867309\/revisions\/1007364"}],"wp:attachment":[{"href":"https:\/\/staging.pokeriomokykla.com\/sv\/wp-json\/wp\/v2\/media?parent=867309"}],"curies":[{"name":"wp","href":"https:\/\/api.w.org\/{rel}","templated":true}]}}