{"id":862329,"date":"2018-12-21T15:29:24","date_gmt":"2018-12-21T13:29:24","guid":{"rendered":"https:\/\/staging.pokeriomokykla.com\/julkampanj-30-rabatt-pa-alla-medlemskap"},"modified":"2025-04-28T23:35:30","modified_gmt":"2025-04-28T21:35:30","slug":"julkampanj-30-rabatt-pa-alla-medlemskap","status":"publish","type":"page","link":"https:\/\/staging.pokeriomokykla.com\/sv\/julkampanj-30-rabatt-pa-alla-medlemskap","title":{"rendered":"Julkampanj &#8211; 30% rabatt p\u00e5 alla medlemskap!"},"content":{"rendered":"<div id=\"ez-toc-container\" class=\"ez-toc-v2_0_76 ez-toc-wrap-left counter-hierarchy ez-toc-counter ez-toc-light-blue ez-toc-container-direction\">\n<div class=\"ez-toc-title-container\">\n<p class=\"ez-toc-title\" style=\"cursor:inherit\">Table of contents sw<\/p>\n<span class=\"ez-toc-title-toggle\"><a href=\"#\" class=\"ez-toc-pull-right ez-toc-btn ez-toc-btn-xs ez-toc-btn-default ez-toc-toggle\" aria-label=\"Toggle Table of Content\"><span class=\"ez-toc-js-icon-con\"><span class=\"\"><span class=\"eztoc-hide\" style=\"display:none;\">Toggle<\/span><span class=\"ez-toc-icon-toggle-span\"><svg style=\"fill: #000000;color:#000000\" xmlns=\"http:\/\/www.w3.org\/2000\/svg\" class=\"list-377408\" width=\"20px\" height=\"20px\" viewBox=\"0 0 24 24\" fill=\"none\"><path d=\"M6 6H4v2h2V6zm14 0H8v2h12V6zM4 11h2v2H4v-2zm16 0H8v2h12v-2zM4 16h2v2H4v-2zm16 0H8v2h12v-2z\" fill=\"currentColor\"><\/path><\/svg><svg style=\"fill: #000000;color:#000000\" class=\"arrow-unsorted-368013\" xmlns=\"http:\/\/www.w3.org\/2000\/svg\" width=\"10px\" height=\"10px\" viewBox=\"0 0 24 24\" version=\"1.2\" baseProfile=\"tiny\"><path d=\"M18.2 9.3l-6.2-6.3-6.2 6.3c-.2.2-.3.4-.3.7s.1.5.3.7c.2.2.4.3.7.3h11c.3 0 .5-.1.7-.3.2-.2.3-.5.3-.7s-.1-.5-.3-.7zM5.8 14.7l6.2 6.3 6.2-6.3c.2-.2.3-.5.3-.7s-.1-.5-.3-.7c-.2-.2-.4-.3-.7-.3h-11c-.3 0-.5.1-.7.3-.2.2-.3.5-.3.7s.1.5.3.7z\"\/><\/svg><\/span><\/span><\/span><\/a><\/span><\/div>\n<nav><ul class='ez-toc-list ez-toc-list-level-1 eztoc-toggle-hide-by-default' ><li class='ez-toc-page-1 ez-toc-heading-level-2'><a class=\"ez-toc-link ez-toc-heading-1\" href=\"https:\/\/staging.pokeriomokykla.com\/sv\/julkampanj-30-rabatt-pa-alla-medlemskap\/#Julrabatt_pa_30_pa_alla_medlemskap\" >Julrabatt p\u00e5 30%  p\u00e5 alla medlemskap!<\/a><ul class='ez-toc-list-level-3' ><li class='ez-toc-heading-level-3'><a class=\"ez-toc-link ez-toc-heading-2\" href=\"https:\/\/staging.pokeriomokykla.com\/sv\/julkampanj-30-rabatt-pa-alla-medlemskap\/#Medlemskapsplaner\" >Medlemskapsplaner<\/a><\/li><\/ul><\/li><li class='ez-toc-page-1 ez-toc-heading-level-2'><a class=\"ez-toc-link ez-toc-heading-3\" href=\"https:\/\/staging.pokeriomokykla.com\/sv\/julkampanj-30-rabatt-pa-alla-medlemskap\/#1_manad\" >1 m\u00e5nad<\/a><\/li><li class='ez-toc-page-1 ez-toc-heading-level-2'><a class=\"ez-toc-link ez-toc-heading-4\" href=\"https:\/\/staging.pokeriomokykla.com\/sv\/julkampanj-30-rabatt-pa-alla-medlemskap\/#16_E_24_E\" >16 \u20ac 24 \u20ac<\/a><\/li><li class='ez-toc-page-1 ez-toc-heading-level-2'><a class=\"ez-toc-link ez-toc-heading-5\" href=\"https:\/\/staging.pokeriomokykla.com\/sv\/julkampanj-30-rabatt-pa-alla-medlemskap\/#6_manader\" >6 m\u00e5nader<\/a><\/li><li class='ez-toc-page-1 ez-toc-heading-level-2'><a class=\"ez-toc-link ez-toc-heading-6\" href=\"https:\/\/staging.pokeriomokykla.com\/sv\/julkampanj-30-rabatt-pa-alla-medlemskap\/#83_E_119_E\" >83 \u20ac 119 \u20ac<\/a><\/li><\/ul><\/nav><\/div>\n<h2><span class=\"ez-toc-section\" id=\"Julrabatt_pa_30_pa_alla_medlemskap\"><\/span>Julrabatt p\u00e5 30% <br \/>p\u00e5 alla medlemskap!<span class=\"ez-toc-section-end\"><\/span><\/h2>\n<p>Erbjudandet g\u00e4ller endast till <b>1 januari<\/b><\/p>\n<h3><span class=\"ez-toc-section\" id=\"Medlemskapsplaner\"><\/span>Medlemskapsplaner<span class=\"ez-toc-section-end\"><\/span><\/h3>\n<h2><span class=\"ez-toc-section\" id=\"1_manad\"><\/span>1 m\u00e5nad<span class=\"ez-toc-section-end\"><\/span><\/h2>\n<h2><span class=\"ez-toc-section\" id=\"16_E_24_E\"><\/span>16 \u20ac 24 \u20ac<span class=\"ez-toc-section-end\"><\/span><\/h2>\n<ul>\n<li>\n\t\t\t\t\t\t\t\t\t\t550+ st\u00e4ngda videor p\u00e5 litauiska\n\t\t\t\t\t\t\t\t\t<\/li>\n<li>\n\t\t\t\t\t\t\t\t\t\tSlutet forum f\u00f6r medlemmar\n\t\t\t\t\t\t\t\t\t<\/li>\n<li>\n\t\t\t\t\t\t\t\t\t\tDu sparar <b>8 \u20ac<\/b> genom att k\u00f6pa nu\n\t\t\t\t\t\t\t\t\t<\/li>\n<\/ul>\n<p>\t\t\t<a href=\"https:\/\/pokeriomokykla.com\/mokejimo-budai\/?id=1\" role=\"button\"><br \/>\n\t\t\t\t\t\tK\u00d6P MEDLEMSKAP F\u00d6R 16 \u20ac<br \/>\n\t\t\t\t\t<\/a><\/p>\n<h2><span class=\"ez-toc-section\" id=\"6_manader\"><\/span>6 m\u00e5nader<span class=\"ez-toc-section-end\"><\/span><\/h2>\n<h2><span class=\"ez-toc-section\" id=\"83_E_119_E\"><\/span>83 \u20ac 119 \u20ac<span class=\"ez-toc-section-end\"><\/span><\/h2>\n<ul>\n<li>\n\t\t\t\t\t\t\t\t\t\t550+ st\u00e4ngda videor p\u00e5 litauiska\n\t\t\t\t\t\t\t\t\t<\/li>\n<li>\n\t\t\t\t\t\t\t\t\t\tSlutet forum f\u00f6r medlemmar\n\t\t\t\t\t\t\t\t\t<\/li>\n<li>\n\t\t\t\t\t\t\t\t\t\t1 privat lektion med vald tr\u00e4nare  (<strong>v\u00e4rde 50 \u20ac<\/strong>)\n\t\t\t\t\t\t\t\t\t<\/li>\n<li>\n\t\t\t\t\t\t\t\t\t\tDu sparar <b>36 \u20ac<\/b> genom att k\u00f6pa nu\n\t\t\t\t\t\t\t\t\t<\/li>\n<\/ul>\n<p>\t\t\t<a href=\"https:\/\/pokeriomokykla.com\/mokejimo-budai\/?id=3\" role=\"button\"><br \/>\n\t\t\t\t\t\tK\u00d6P MEDLEMSKAP F\u00d6R 83 \u20ac<br \/>\n\t\t\t\t\t<\/a><\/p>\n<p>Dela <b>30% rabatt<\/b> med dina pokerkompisar p\u00e5 Facebook!<\/p>\n<p>\t\t\t\t\t\t\t<a href=\"https:\/\/www.facebook.com\/sharer\/sharer.php?u=https%3A%2F%2Fpokeriomokykla.com%2Fkaledine-akcija-30-nuolaida-visom-narystems\" target=\"_blank\" rel=\"noopener\"><br \/>\n\t\t\t\t\tFacebook<br \/>\n\t\t\t\t<\/a><\/p>\n","protected":false},"excerpt":{"rendered":"<p>Julrabatt p\u00e5 30% p\u00e5 alla medlemskap! Erbjudandet g\u00e4ller endast till&#8230;<\/p>\n","protected":false},"author":491,"featured_media":0,"parent":0,"menu_order":0,"comment_status":"closed","ping_status":"closed","template":"elementor_header_footer","meta":{"_acf_changed":false,"footnotes":""},"class_list":["post-862329","page","type-page","status-publish","hentry"],"acf":[],"_links":{"self":[{"href":"https:\/\/staging.pokeriomokykla.com\/sv\/wp-json\/wp\/v2\/pages\/862329","targetHints":{"allow":["GET"]}}],"collection":[{"href":"https:\/\/staging.pokeriomokykla.com\/sv\/wp-json\/wp\/v2\/pages"}],"about":[{"href":"https:\/\/staging.pokeriomokykla.com\/sv\/wp-json\/wp\/v2\/types\/page"}],"author":[{"embeddable":true,"href":"https:\/\/staging.pokeriomokykla.com\/sv\/wp-json\/wp\/v2\/users\/491"}],"replies":[{"embeddable":true,"href":"https:\/\/staging.pokeriomokykla.com\/sv\/wp-json\/wp\/v2\/comments?post=862329"}],"version-history":[{"count":2,"href":"https:\/\/staging.pokeriomokykla.com\/sv\/wp-json\/wp\/v2\/pages\/862329\/revisions"}],"predecessor-version":[{"id":1031474,"href":"https:\/\/staging.pokeriomokykla.com\/sv\/wp-json\/wp\/v2\/pages\/862329\/revisions\/1031474"}],"wp:attachment":[{"href":"https:\/\/staging.pokeriomokykla.com\/sv\/wp-json\/wp\/v2\/media?parent=862329"}],"curies":[{"name":"wp","href":"https:\/\/api.w.org\/{rel}","templated":true}]}}