{"id":855644,"date":"2024-09-15T20:33:52","date_gmt":"2024-09-15T18:33:52","guid":{"rendered":"https:\/\/staging.pokeriomokykla.com\/hemside"},"modified":"2025-04-28T22:48:06","modified_gmt":"2025-04-28T20:48:06","slug":"hemside","status":"publish","type":"page","link":"https:\/\/staging.pokeriomokykla.com\/sv\/hemside","title":{"rendered":"Hemside"},"content":{"rendered":"\n<div class=\"wp-block-group\"><div class=\"wp-block-group__inner-container is-layout-constrained wp-block-group-is-layout-constrained\">\n<div id=\"ez-toc-container\" class=\"ez-toc-v2_0_76 ez-toc-wrap-left counter-hierarchy ez-toc-counter ez-toc-light-blue ez-toc-container-direction\">\n<div class=\"ez-toc-title-container\">\n<p class=\"ez-toc-title\" style=\"cursor:inherit\">Table of contents sw<\/p>\n<span class=\"ez-toc-title-toggle\"><a href=\"#\" class=\"ez-toc-pull-right ez-toc-btn ez-toc-btn-xs ez-toc-btn-default ez-toc-toggle\" aria-label=\"Toggle Table of Content\"><span class=\"ez-toc-js-icon-con\"><span class=\"\"><span class=\"eztoc-hide\" style=\"display:none;\">Toggle<\/span><span class=\"ez-toc-icon-toggle-span\"><svg style=\"fill: #000000;color:#000000\" xmlns=\"http:\/\/www.w3.org\/2000\/svg\" class=\"list-377408\" width=\"20px\" height=\"20px\" viewBox=\"0 0 24 24\" fill=\"none\"><path d=\"M6 6H4v2h2V6zm14 0H8v2h12V6zM4 11h2v2H4v-2zm16 0H8v2h12v-2zM4 16h2v2H4v-2zm16 0H8v2h12v-2z\" fill=\"currentColor\"><\/path><\/svg><svg style=\"fill: #000000;color:#000000\" class=\"arrow-unsorted-368013\" xmlns=\"http:\/\/www.w3.org\/2000\/svg\" width=\"10px\" height=\"10px\" viewBox=\"0 0 24 24\" version=\"1.2\" baseProfile=\"tiny\"><path d=\"M18.2 9.3l-6.2-6.3-6.2 6.3c-.2.2-.3.4-.3.7s.1.5.3.7c.2.2.4.3.7.3h11c.3 0 .5-.1.7-.3.2-.2.3-.5.3-.7s-.1-.5-.3-.7zM5.8 14.7l6.2 6.3 6.2-6.3c.2-.2.3-.5.3-.7s-.1-.5-.3-.7c-.2-.2-.4-.3-.7-.3h-11c-.3 0-.5.1-.7.3-.2.2-.3.5-.3.7s.1.5.3.7z\"\/><\/svg><\/span><\/span><\/span><\/a><\/span><\/div>\n<nav><ul class='ez-toc-list ez-toc-list-level-1 eztoc-toggle-hide-by-default' ><li class='ez-toc-page-1 ez-toc-heading-level-1'><a class=\"ez-toc-link ez-toc-heading-1\" href=\"https:\/\/staging.pokeriomokykla.com\/sv\/hemside\/#Basta_pokerrummen_ar_2026\" >B\u00e4sta pokerrummen \u00e5r 2026<\/a><ul class='ez-toc-list-level-2' ><li class='ez-toc-heading-level-2'><a class=\"ez-toc-link ez-toc-heading-2\" href=\"https:\/\/staging.pokeriomokykla.com\/sv\/hemside\/#Basta_onlinekasinon_ar_2026\" >B\u00e4sta onlinekasinon \u00e5r 2026<\/a><\/li><li class='ez-toc-page-1 ez-toc-heading-level-2'><a class=\"ez-toc-link ez-toc-heading-3\" href=\"https:\/\/staging.pokeriomokykla.com\/sv\/hemside\/#Basta_spelbolagen_ar_2026\" >B\u00e4sta spelbolagen \u00e5r 2026<\/a><\/li><\/ul><\/li><\/ul><\/nav><\/div>\n<h1 class=\"wp-block-heading has-text-align-center section-title\"><span class=\"ez-toc-section\" id=\"Basta_pokerrummen_ar_2026\"><\/span>B\u00e4sta pokerrummen \u00e5r 2026<span class=\"ez-toc-section-end\"><\/span><\/h1>\n\n\n\n<p class=\"has-text-align-center\">Vi erbjuder dig exklusiva erbjudanden p\u00e5 pokerrum d\u00e4r det \u00e4r mest f\u00f6rdelaktigt att spela och f\u00e5 bra rakeback.<br><\/p>\n\n\n<div class='widget-card placeholder--card'\n     data-source-gql='https:\/\/guru-back.refactoring.dev.gggroup.media\/graphql\/affiliates'\n     data-source-widgetjs='https:\/\/staging--widget-affprojects.netlify.app\/widget.js'\n     data-shortcode='widget-card'\n     data-shortcode-text='[poker-rooms]'\n     data-props='{\n\"show_more_button\":true,\n\"show_more_button_text\":\"Show More Bookmakers\",\n\"show_more_text\":false,\n\"show_less_text\":false,\n\"vpn_notification\":true,\n\"show_more_items_amount\":null,\n\"scrollable\":\"always\",\n\"violet_bonus_text\":true,\n\"ab_testing_show_more_button_rework\":true\n}'\n     data-queries='{\n\"type\":\"TOP-Poker\",\n\"limit\":10,\n\"mobile_limit\":10,\n\"show_new\":1,\n\"button_text_type\":\"TOP\",\n\"language\":\"sv\",\n\"project\":\"PM\",\n\"page\":1\n}'\n     ><\/div>\n<\/div><\/div>\n\n\n\n<div class=\"wp-block-group\"><div class=\"wp-block-group__inner-container is-layout-constrained wp-block-group-is-layout-constrained\">\n<h2 class=\"wp-block-heading has-text-align-center section-title\"><span class=\"ez-toc-section\" id=\"Basta_onlinekasinon_ar_2026\"><\/span>B\u00e4sta onlinekasinon \u00e5r 2026<span class=\"ez-toc-section-end\"><\/span><\/h2>\n\n\n\n<p class=\"has-text-align-center\">Vi erbjuder dig exklusiva erbjudanden fr\u00e5n onlinekasinon d\u00e4r det \u00e4r mest bekv\u00e4mt att spela och f\u00e5 de b\u00e4sta kasinobonusarna.<\/p>\n\n\n<div class='widget-card placeholder--card'\n     data-source-gql='https:\/\/guru-back.refactoring.dev.gggroup.media\/graphql\/affiliates'\n     data-source-widgetjs='https:\/\/staging--widget-affprojects.netlify.app\/widget.js'\n     data-shortcode='widget-card'\n     data-shortcode-text='[top-casinos]'\n     data-props='{\n\"show_more_button\":true,\n\"show_more_button_text\":\"Show More Bookmakers\",\n\"show_more_text\":false,\n\"show_less_text\":false,\n\"vpn_notification\":true,\n\"show_more_items_amount\":null,\n\"scrollable\":\"always\",\n\"violet_bonus_text\":true,\n\"ab_testing_show_more_button_rework\":true\n}'\n     data-queries='{\n\"type\":\"TOP-Casino\",\n\"limit\":10,\n\"mobile_limit\":10,\n\"show_new\":1,\n\"button_text_type\":\"TOP\",\n\"language\":\"sv\",\n\"project\":\"PM\",\n\"page\":1\n}'\n     ><\/div>\n<\/div><\/div>\n\n\n\n<div class=\"wp-block-group\"><div class=\"wp-block-group__inner-container is-layout-constrained wp-block-group-is-layout-constrained\">\n<h2 class=\"wp-block-heading has-text-align-center section-title\"><span class=\"ez-toc-section\" id=\"Basta_spelbolagen_ar_2026\"><\/span>B\u00e4sta spelbolagen \u00e5r 2026<span class=\"ez-toc-section-end\"><\/span><\/h2>\n\n\n\n<p class=\"has-text-align-center\">Vi erbjuder dig exklusiva erbjudanden fr\u00e5n spelbolag d\u00e4r det \u00e4r mest bekv\u00e4mt att spela och f\u00e5 de b\u00e4sta spelbonusarna.<\/p>\n\n\n<div class='widget-card placeholder--card'\n     data-source-gql='https:\/\/guru-back.refactoring.dev.gggroup.media\/graphql\/affiliates'\n     data-source-widgetjs='https:\/\/staging--widget-affprojects.netlify.app\/widget.js'\n     data-shortcode='widget-card'\n     data-shortcode-text='[top-bookmakers]'\n     data-props='{\n\"show_more_button\":true,\n\"show_more_button_text\":\"Show More Bookmakers\",\n\"show_more_text\":false,\n\"show_less_text\":false,\n\"vpn_notification\":true,\n\"show_more_items_amount\":null,\n\"scrollable\":\"always\",\n\"violet_bonus_text\":true,\n\"ab_testing_show_more_button_rework\":true\n}'\n     data-queries='{\n\"type\":\"TOP-Betting\",\n\"limit\":10,\n\"mobile_limit\":10,\n\"show_new\":1,\n\"button_text_type\":\"TOP\",\n\"language\":\"sv\",\n\"project\":\"PM\",\n\"page\":1\n}'\n     ><\/div>\n<\/div><\/div>\n","protected":false},"excerpt":{"rendered":"<p>B\u00e4sta pokerrummen \u00e5r Vi erbjuder dig exklusiva erbjudanden p\u00e5 pokerrum&#8230;<\/p>\n","protected":false},"author":491,"featured_media":0,"parent":0,"menu_order":0,"comment_status":"closed","ping_status":"closed","template":"homepage.php","meta":{"_acf_changed":false,"footnotes":""},"class_list":["post-855644","page","type-page","status-publish","hentry"],"acf":[],"_links":{"self":[{"href":"https:\/\/staging.pokeriomokykla.com\/sv\/wp-json\/wp\/v2\/pages\/855644","targetHints":{"allow":["GET"]}}],"collection":[{"href":"https:\/\/staging.pokeriomokykla.com\/sv\/wp-json\/wp\/v2\/pages"}],"about":[{"href":"https:\/\/staging.pokeriomokykla.com\/sv\/wp-json\/wp\/v2\/types\/page"}],"author":[{"embeddable":true,"href":"https:\/\/staging.pokeriomokykla.com\/sv\/wp-json\/wp\/v2\/users\/491"}],"replies":[{"embeddable":true,"href":"https:\/\/staging.pokeriomokykla.com\/sv\/wp-json\/wp\/v2\/comments?post=855644"}],"version-history":[{"count":1,"href":"https:\/\/staging.pokeriomokykla.com\/sv\/wp-json\/wp\/v2\/pages\/855644\/revisions"}],"predecessor-version":[{"id":902171,"href":"https:\/\/staging.pokeriomokykla.com\/sv\/wp-json\/wp\/v2\/pages\/855644\/revisions\/902171"}],"wp:attachment":[{"href":"https:\/\/staging.pokeriomokykla.com\/sv\/wp-json\/wp\/v2\/media?parent=855644"}],"curies":[{"name":"wp","href":"https:\/\/api.w.org\/{rel}","templated":true}]}}