{"id":894473,"date":"2016-08-10T17:45:47","date_gmt":"2016-08-10T15:45:47","guid":{"rendered":"https:\/\/staging.pokeriomokykla.com\/pravila-in-pogoji"},"modified":"2025-04-28T23:55:14","modified_gmt":"2025-04-28T21:55:14","slug":"pravila-in-pogoji","status":"publish","type":"page","link":"https:\/\/staging.pokeriomokykla.com\/sl\/pravila-enacbe","title":{"rendered":"Pravila in pogoji"},"content":{"rendered":"<div id=\"ez-toc-container\" class=\"ez-toc-v2_0_76 ez-toc-wrap-left counter-hierarchy ez-toc-counter ez-toc-light-blue ez-toc-container-direction\">\n<div class=\"ez-toc-title-container\">\n<p class=\"ez-toc-title\" style=\"cursor:inherit\">Table of contents sl<\/p>\n<span class=\"ez-toc-title-toggle\"><a href=\"#\" class=\"ez-toc-pull-right ez-toc-btn ez-toc-btn-xs ez-toc-btn-default ez-toc-toggle\" aria-label=\"Toggle Table of Content\"><span class=\"ez-toc-js-icon-con\"><span class=\"\"><span class=\"eztoc-hide\" style=\"display:none;\">Toggle<\/span><span class=\"ez-toc-icon-toggle-span\"><svg style=\"fill: #000000;color:#000000\" xmlns=\"http:\/\/www.w3.org\/2000\/svg\" class=\"list-377408\" width=\"20px\" height=\"20px\" viewBox=\"0 0 24 24\" fill=\"none\"><path d=\"M6 6H4v2h2V6zm14 0H8v2h12V6zM4 11h2v2H4v-2zm16 0H8v2h12v-2zM4 16h2v2H4v-2zm16 0H8v2h12v-2z\" fill=\"currentColor\"><\/path><\/svg><svg style=\"fill: #000000;color:#000000\" class=\"arrow-unsorted-368013\" xmlns=\"http:\/\/www.w3.org\/2000\/svg\" width=\"10px\" height=\"10px\" viewBox=\"0 0 24 24\" version=\"1.2\" baseProfile=\"tiny\"><path d=\"M18.2 9.3l-6.2-6.3-6.2 6.3c-.2.2-.3.4-.3.7s.1.5.3.7c.2.2.4.3.7.3h11c.3 0 .5-.1.7-.3.2-.2.3-.5.3-.7s-.1-.5-.3-.7zM5.8 14.7l6.2 6.3 6.2-6.3c.2-.2.3-.5.3-.7s-.1-.5-.3-.7c-.2-.2-.4-.3-.7-.3h-11c-.3 0-.5.1-.7.3-.2.2-.3.5-.3.7s.1.5.3.7z\"\/><\/svg><\/span><\/span><\/span><\/a><\/span><\/div>\n<nav><ul class='ez-toc-list ez-toc-list-level-1 eztoc-toggle-hide-by-default' ><li class='ez-toc-page-1 ez-toc-heading-level-3'><a class=\"ez-toc-link ez-toc-heading-1\" href=\"https:\/\/staging.pokeriomokykla.com\/sl\/pravila-enacbe\/#Komunikacija\" >Komunikacija<\/a><\/li><li class='ez-toc-page-1 ez-toc-heading-level-3'><a class=\"ez-toc-link ez-toc-heading-2\" href=\"https:\/\/staging.pokeriomokykla.com\/sl\/pravila-enacbe\/#Odgovornost\" >Odgovornost<\/a><\/li><li class='ez-toc-page-1 ez-toc-heading-level-3'><a class=\"ez-toc-link ez-toc-heading-3\" href=\"https:\/\/staging.pokeriomokykla.com\/sl\/pravila-enacbe\/#Oglasevanje\" >Ogla\u0161evanje<\/a><\/li><li class='ez-toc-page-1 ez-toc-heading-level-3'><a class=\"ez-toc-link ez-toc-heading-4\" href=\"https:\/\/staging.pokeriomokykla.com\/sl\/pravila-enacbe\/#Zbiranje_informacij\" >Zbiranje informacij<\/a><\/li><\/ul><\/nav><\/div>\n<h3 class=\"p1\"><span class=\"ez-toc-section\" id=\"Komunikacija\"><\/span><span class=\"s1\"><b>Komunikacija<\/b><\/span><span class=\"ez-toc-section-end\"><\/span><\/h3>\n<ol>\n<li><span class=\"s1\">PokerioMokykla.com je zaprta poker skupnost, prizadevamo si ohraniti visoko raven medsebojnega razumevanja. Zato je vsa komunikacija v \u0161oli temelji na medsebojnem razumevanju.<\/span><\/li>\n<li><span class=\"s1\">Vsak u\u010denec ima pravico do svojega mnenja in razli\u010dnega pogleda. Zato mora vsak \u010dlan \u0161ole spo\u0161tovati mnenje druge osebe. Vendar pa je kakr\u0161na koli rasna, verska, nacionalna, spolna in druga diskriminacija strogo prepovedana. \u010clani, ki namerno kr\u0161ijo to dolo\u010dilo (namerno \u017ealijo, spodbujajo diskriminacijo, poni\u017eujejo, nadlegujejo, grozijo in druga\u010de kr\u0161ijo svobodo in dostojanstvo drugih oseb), bodo takoj in za vedno odstranjeni iz poker \u0161ole, brez pravice do vrnitve. V tem primeru je \u010dlan odstranjen, njegovi pla\u010dani vpisni in naro\u010dni\u0161ki stro\u0161ki pa niso povrnjeni.<\/span><\/li>\n<li><span class=\"s1\">Po potrebi si PokerioMokykla.com administracija pridr\u017euje pravico, da o gro\u017enjah ali spodbujanju diskriminacije obvesti policijo in druge institucije.<\/span><\/li>\n<\/ol>\n<h3 class=\"p1\"><span class=\"ez-toc-section\" id=\"Odgovornost\"><\/span><span class=\"s1\"><b>Odgovornost<\/b><\/span><span class=\"ez-toc-section-end\"><\/span><\/h3>\n<ol>\n<li><span class=\"s1\">PokerioMokykla.com ne ogla\u0161uje iger na sre\u010do, ne zastopa nobene poker, kazino ali stavne dru\u017ebe. Na strani so predstavljene zgolj informativne vsebine. Administracija poker \u0161ole ne prejema nobenih prihodkov od operaterjev iger na sre\u010do in podobno.<\/span><\/li>\n<li>Pokeriomokykla.com nenehno dopolnjuje in posodablja informacije o aktualnostih pokra, kazinojev in stav.<\/li>\n<li><span class=\"s1\">Denar za opravljene storitve (naro\u010dnina, lekcije, pomo\u017eni programi) ni povrnjen.<\/span><\/li>\n<li><span class=\"s1\">PokerioMokykla.com ne odgovarja za \u0161kodo, ki jo lahko neposredno ali posredno utrpite zaradi informacij, pridobljenih iz poker \u0161ole PokerioMokykla.com, vsebine stavnih napovedi, vsebine foruma, zanesljivosti informacij, izgube ali zamude.<\/span><\/li>\n<li><span class=\"s1\">PokerioMokykla.com ne bo tolerirala sporo\u010dil, katerih vsebina je v nasprotju z zakoni Republike Litve, mednarodnimi pogodbami in sporo\u010dil, ki so v nasprotju z eti\u010dnimi normami. Tak\u0161na sporo\u010dila bodo odstranjena.<\/span><\/li>\n<li><span class=\"s1\">Pravila se nenehno posodabljajo. Nevednost pravil ne opro\u0161\u010da odgovornosti.<\/span><\/li>\n<\/ol>\n<h3 class=\"p1\"><span class=\"ez-toc-section\" id=\"Oglasevanje\"><\/span><span class=\"s1\"><b>Ogla\u0161evanje<\/b><\/span><span class=\"ez-toc-section-end\"><\/span><\/h3>\n<ol>\n<li class=\"p2\"><span class=\"s1\">Na PokerioMokykla.com je prepovedano kakr\u0161no koli ogla\u0161evanje, ki ni usklajeno z administracijo poker \u0161ole PokerioMokykla.com. Uporabniki, ki \u0161irijo ogla\u0161evanje, bodo opozorjeni.<\/span><\/li>\n<li class=\"p3\"><span class=\"s2\">Na PokerioMokykla.com je strogo prepovedano kakr\u0161no koli ogla\u0161evanje affiliate povezav, bodisi pri ustvarjanju sporo\u010dil bodisi pri po\u0161iljanju osebnih sporo\u010dil. \u0160e posebej, \u010de kr\u0161i zakon o nadzoru iger na sre\u010do Republike Litve. Avtorji tak\u0161nih sporo\u010dil bodo takoj odstranjeni iz poker \u0161ole za vedno, denar ne bo povrnjen, njihovi podatki (vklju\u010dno z IP naslovi) pa bodo posredovani dr\u017eavni komisiji za nadzor iger na sre\u010do kot kr\u0161itelji zakonov Republike Litve.<\/span><\/li>\n<\/ol>\n<h3><span class=\"ez-toc-section\" id=\"Zbiranje_informacij\"><\/span><strong>Zbiranje informacij<\/strong><span class=\"ez-toc-section-end\"><\/span><\/h3>\n<ol>\n<li>PokerioMokykla.com si pridr\u017euje pravico, da za namene tr\u017eenja zbira in uporablja informacije registriranih obiskovalcev. Informacije obiskovalcev vklju\u010dujejo vse podatke, med katerimi so zgodovina brskanja, e-po\u0161tni naslov, telefonska \u0161tevilka in drugi.<\/li>\n<li>PokerioMokykla.com spo\u0161tuje zasebnost svojih obiskovalcev in varovanje informacij, zato se posredovani podatki lahko uporabljajo izklju\u010dno za namene tr\u017eenja spletne strani. Zbrani podatki ne smejo biti posredovani tretjim osebam.<\/li>\n<\/ol>\n","protected":false},"excerpt":{"rendered":"<p>Komunikacija PokerioMokykla.com je zaprta poker skupnost, prizadevamo si ohraniti visoko&#8230;<\/p>\n","protected":false},"author":491,"featured_media":0,"parent":0,"menu_order":23,"comment_status":"closed","ping_status":"closed","template":"","meta":{"_acf_changed":false,"footnotes":""},"class_list":["post-894473","page","type-page","status-publish","hentry"],"acf":[],"_links":{"self":[{"href":"https:\/\/staging.pokeriomokykla.com\/sl\/wp-json\/wp\/v2\/pages\/894473","targetHints":{"allow":["GET"]}}],"collection":[{"href":"https:\/\/staging.pokeriomokykla.com\/sl\/wp-json\/wp\/v2\/pages"}],"about":[{"href":"https:\/\/staging.pokeriomokykla.com\/sl\/wp-json\/wp\/v2\/types\/page"}],"author":[{"embeddable":true,"href":"https:\/\/staging.pokeriomokykla.com\/sl\/wp-json\/wp\/v2\/users\/491"}],"replies":[{"embeddable":true,"href":"https:\/\/staging.pokeriomokykla.com\/sl\/wp-json\/wp\/v2\/comments?post=894473"}],"version-history":[{"count":2,"href":"https:\/\/staging.pokeriomokykla.com\/sl\/wp-json\/wp\/v2\/pages\/894473\/revisions"}],"predecessor-version":[{"id":1007360,"href":"https:\/\/staging.pokeriomokykla.com\/sl\/wp-json\/wp\/v2\/pages\/894473\/revisions\/1007360"}],"wp:attachment":[{"href":"https:\/\/staging.pokeriomokykla.com\/sl\/wp-json\/wp\/v2\/media?parent=894473"}],"curies":[{"name":"wp","href":"https:\/\/api.w.org\/{rel}","templated":true}]}}