{"id":892764,"date":"2016-06-27T12:57:20","date_gmt":"2016-06-27T10:57:20","guid":{"rendered":"https:\/\/staging.pokeriomokykla.com\/kontakty"},"modified":"2025-04-28T23:56:11","modified_gmt":"2025-04-28T21:56:11","slug":"kontakty","status":"publish","type":"page","link":"https:\/\/staging.pokeriomokykla.com\/sk\/kontakt-892764","title":{"rendered":"Kontakty"},"content":{"rendered":"<p>M\u00e1te ot\u00e1zky alebo n\u00e1vrhy? Kontaktujte n\u00e1s.<br \/>Kontaktujte PokerioMokykla.com!<br \/><strong>E-mailom<\/strong>:\u00a0<a href=\"mailto:info@pokeriomokykla.com\">info@pokeriomokykla.com<\/a><\/p>\n","protected":false},"excerpt":{"rendered":"<p>M\u00e1te ot\u00e1zky alebo n\u00e1vrhy? Kontaktujte n\u00e1s.Kontaktujte PokerioMokykla.com!E-mailom:\u00a0info@pokeriomokykla.com<\/p>\n","protected":false},"author":491,"featured_media":0,"parent":0,"menu_order":6,"comment_status":"closed","ping_status":"closed","template":"","meta":{"_acf_changed":false,"footnotes":""},"class_list":["post-892764","page","type-page","status-publish","hentry"],"acf":[],"_links":{"self":[{"href":"https:\/\/staging.pokeriomokykla.com\/sk\/wp-json\/wp\/v2\/pages\/892764","targetHints":{"allow":["GET"]}}],"collection":[{"href":"https:\/\/staging.pokeriomokykla.com\/sk\/wp-json\/wp\/v2\/pages"}],"about":[{"href":"https:\/\/staging.pokeriomokykla.com\/sk\/wp-json\/wp\/v2\/types\/page"}],"author":[{"embeddable":true,"href":"https:\/\/staging.pokeriomokykla.com\/sk\/wp-json\/wp\/v2\/users\/491"}],"replies":[{"embeddable":true,"href":"https:\/\/staging.pokeriomokykla.com\/sk\/wp-json\/wp\/v2\/comments?post=892764"}],"version-history":[{"count":3,"href":"https:\/\/staging.pokeriomokykla.com\/sk\/wp-json\/wp\/v2\/pages\/892764\/revisions"}],"predecessor-version":[{"id":1089907,"href":"https:\/\/staging.pokeriomokykla.com\/sk\/wp-json\/wp\/v2\/pages\/892764\/revisions\/1089907"}],"wp:attachment":[{"href":"https:\/\/staging.pokeriomokykla.com\/sk\/wp-json\/wp\/v2\/media?parent=892764"}],"curies":[{"name":"wp","href":"https:\/\/api.w.org\/{rel}","templated":true}]}}