{"id":892667,"date":"2016-08-10T17:45:47","date_gmt":"2016-08-10T15:45:47","guid":{"rendered":"https:\/\/staging.pokeriomokykla.com\/pravidla-a-podmienky"},"modified":"2025-04-28T23:55:14","modified_gmt":"2025-04-28T21:55:14","slug":"pravidla-a-podmienky","status":"publish","type":"page","link":"https:\/\/staging.pokeriomokykla.com\/sk\/pravidla-rovnice","title":{"rendered":"Pravidl\u00e1 a podmienky"},"content":{"rendered":"<div id=\"ez-toc-container\" class=\"ez-toc-v2_0_76 ez-toc-wrap-left counter-hierarchy ez-toc-counter ez-toc-light-blue ez-toc-container-direction\">\n<div class=\"ez-toc-title-container\">\n<p class=\"ez-toc-title\" style=\"cursor:inherit\">Table of contents sv<\/p>\n<span class=\"ez-toc-title-toggle\"><a href=\"#\" class=\"ez-toc-pull-right ez-toc-btn ez-toc-btn-xs ez-toc-btn-default ez-toc-toggle\" aria-label=\"Toggle Table of Content\"><span class=\"ez-toc-js-icon-con\"><span class=\"\"><span class=\"eztoc-hide\" style=\"display:none;\">Toggle<\/span><span class=\"ez-toc-icon-toggle-span\"><svg style=\"fill: #000000;color:#000000\" xmlns=\"http:\/\/www.w3.org\/2000\/svg\" class=\"list-377408\" width=\"20px\" height=\"20px\" viewBox=\"0 0 24 24\" fill=\"none\"><path d=\"M6 6H4v2h2V6zm14 0H8v2h12V6zM4 11h2v2H4v-2zm16 0H8v2h12v-2zM4 16h2v2H4v-2zm16 0H8v2h12v-2z\" fill=\"currentColor\"><\/path><\/svg><svg style=\"fill: #000000;color:#000000\" class=\"arrow-unsorted-368013\" xmlns=\"http:\/\/www.w3.org\/2000\/svg\" width=\"10px\" height=\"10px\" viewBox=\"0 0 24 24\" version=\"1.2\" baseProfile=\"tiny\"><path d=\"M18.2 9.3l-6.2-6.3-6.2 6.3c-.2.2-.3.4-.3.7s.1.5.3.7c.2.2.4.3.7.3h11c.3 0 .5-.1.7-.3.2-.2.3-.5.3-.7s-.1-.5-.3-.7zM5.8 14.7l6.2 6.3 6.2-6.3c.2-.2.3-.5.3-.7s-.1-.5-.3-.7c-.2-.2-.4-.3-.7-.3h-11c-.3 0-.5.1-.7.3-.2.2-.3.5-.3.7s.1.5.3.7z\"\/><\/svg><\/span><\/span><\/span><\/a><\/span><\/div>\n<nav><ul class='ez-toc-list ez-toc-list-level-1 eztoc-toggle-hide-by-default' ><li class='ez-toc-page-1 ez-toc-heading-level-3'><a class=\"ez-toc-link ez-toc-heading-1\" href=\"https:\/\/staging.pokeriomokykla.com\/sk\/pravidla-rovnice\/#Komunikacia\" >Komunik\u00e1cia<\/a><\/li><li class='ez-toc-page-1 ez-toc-heading-level-3'><a class=\"ez-toc-link ez-toc-heading-2\" href=\"https:\/\/staging.pokeriomokykla.com\/sk\/pravidla-rovnice\/#Zodpovednost\" >Zodpovednos\u0165<\/a><\/li><li class='ez-toc-page-1 ez-toc-heading-level-3'><a class=\"ez-toc-link ez-toc-heading-3\" href=\"https:\/\/staging.pokeriomokykla.com\/sk\/pravidla-rovnice\/#Reklama\" >Reklama<\/a><\/li><li class='ez-toc-page-1 ez-toc-heading-level-3'><a class=\"ez-toc-link ez-toc-heading-4\" href=\"https:\/\/staging.pokeriomokykla.com\/sk\/pravidla-rovnice\/#Zber_informacii\" >Zber inform\u00e1ci\u00ed<\/a><\/li><\/ul><\/nav><\/div>\n<h3 class=\"p1\"><span class=\"ez-toc-section\" id=\"Komunikacia\"><\/span><span class=\"s1\"><b>Komunik\u00e1cia<\/b><\/span><span class=\"ez-toc-section-end\"><\/span><\/h3>\n<ol>\n<li><span class=\"s1\">PokerioMokykla.com je uzavret\u00e1 pokerov\u00e1 komunita, usilujeme sa udr\u017eiava\u0165 vysok\u00fa \u00farove\u0148 vz\u00e1jomn\u00e9ho porozumenia. Preto je v\u0161etka komunik\u00e1cia v \u0161kole zalo\u017een\u00e1 na vz\u00e1jomnom porozumen\u00ed.<\/span><\/li>\n<li><span class=\"s1\">Ka\u017ed\u00fd \u0161tudent m\u00e1 pr\u00e1vo na svoje n\u00e1zory a odli\u0161n\u00fd poh\u013ead. Preto ka\u017ed\u00fd \u010dlen \u0161koly mus\u00ed re\u0161pektova\u0165 n\u00e1zor in\u00e9ho \u010dloveka. Av\u0161ak, ak\u00e1ko\u013evek rasov\u00e1, n\u00e1bo\u017eensk\u00e1, n\u00e1rodnostn\u00e1, rodov\u00e1 a in\u00e1 diskrimin\u00e1cia je pr\u00edsne zak\u00e1zan\u00e1. \u010clenovia, ktor\u00ed \u00famyselne poru\u0161uj\u00fa toto ustanovenie (\u00famyselne ur\u00e1\u017eaj\u00fa, podnecuj\u00fa diskrimin\u00e1ciu, poni\u017euj\u00fa, ob\u0165a\u017euj\u00fa, vyhr\u00e1\u017eaj\u00fa sa a inak poni\u017euj\u00fa slobodu a d\u00f4stojnos\u0165 in\u00fdch os\u00f4b), bud\u00fa okam\u017eite a natrvalo vyl\u00fa\u010den\u00ed z pokerovej \u0161koly bez pr\u00e1va na n\u00e1vrat. V takom pr\u00edpade je \u010dlen vyl\u00fa\u010den\u00fd a jeho zaplaten\u00e9 vstupn\u00e9 a predplatn\u00e9 poplatky sa nevracaj\u00fa.<\/span><\/li>\n<li><span class=\"s1\">V pr\u00edpade potreby si administr\u00e1cia PokerioMokykla.com vyhradzuje pr\u00e1vo ozn\u00e1mi\u0165 hrozby alebo podnecovanie diskrimin\u00e1cie pol\u00edcii SR a in\u00fdm in\u0161tit\u00faci\u00e1m.<\/span><\/li>\n<\/ol>\n<h3 class=\"p1\"><span class=\"ez-toc-section\" id=\"Zodpovednost\"><\/span><span class=\"s1\"><b>Zodpovednos\u0165<\/b><\/span><span class=\"ez-toc-section-end\"><\/span><\/h3>\n<ol>\n<li><span class=\"s1\">PokerioMokykla.com nepropaguje hazardn\u00e9 hry, nezastupuje \u017eiadnu pokerov\u00fa, kas\u00ednov\u00fa alebo st\u00e1vkov\u00fa spolo\u010dnos\u0165. Na str\u00e1nke je poskytovan\u00fd \u010disto informa\u010dn\u00fd obsah. Administr\u00e1cia pokerovej \u0161koly nez\u00edskava \u017eiadne pr\u00edjmy od oper\u00e1torov hazardn\u00fdch hier a pod.<\/span><\/li>\n<li>Pokeriomokykla.com neust\u00e1le dop\u013a\u0148a a aktualizuje inform\u00e1cie o aktu\u00e1lnych udalostiach v pokri, kas\u00edne a st\u00e1vkovan\u00ed.<\/li>\n<li><span class=\"s1\">Peniaze za poskytnut\u00e9 slu\u017eby (predplatn\u00e9, lekcie, pomocn\u00e9 programy) sa nevracaj\u00fa.<\/span><\/li>\n<li><span class=\"s1\">PokerioMokykla.com nezodpoved\u00e1 za \u0161kody, ktor\u00e9 m\u00f4\u017eete priamo alebo nepriamo utrpie\u0165 v d\u00f4sledku inform\u00e1ci\u00ed z\u00edskan\u00fdch z pokerovej \u0161koly PokerioMokykla.com, obsahu st\u00e1vkov\u00fdch progn\u00f3z, obsahu f\u00f3ra, spo\u013eahlivosti inform\u00e1ci\u00ed, straty alebo oneskorenia.<\/span><\/li>\n<li><span class=\"s1\">PokerioMokykla.com nebude tolerova\u0165 spr\u00e1vy, ktor\u00fdch obsah je v rozpore so z\u00e1konmi Slovenskej republiky, medzin\u00e1rodn\u00fdmi zmluvami a spr\u00e1vy, ktor\u00e9 s\u00fa v rozpore s etick\u00fdmi normami. Tak\u00e9to spr\u00e1vy bud\u00fa odstr\u00e1nen\u00e9.<\/span><\/li>\n<li><span class=\"s1\">Pravidl\u00e1 s\u00fa neust\u00e1le aktualizovan\u00e9. Neznalos\u0165 pravidiel neoslobodzuje od zodpovednosti.<\/span><\/li>\n<\/ol>\n<h3 class=\"p1\"><span class=\"ez-toc-section\" id=\"Reklama\"><\/span><span class=\"s1\"><b>Reklama<\/b><\/span><span class=\"ez-toc-section-end\"><\/span><\/h3>\n<ol>\n<li class=\"p2\"><span class=\"s1\">Na PokerioMokykla.com je zak\u00e1zan\u00e1 ak\u00e1ko\u013evek reklama, ktor\u00e1 nie je schv\u00e1len\u00e1 administr\u00e1ciou pokerovej \u0161koly PokerioMokykla.com. Pou\u017e\u00edvatelia \u0161\u00edriaci reklamu bud\u00fa upozornen\u00ed.<\/span><\/li>\n<li class=\"p3\"><span class=\"s2\">Na PokerioMokykla.com je pr\u00edsne zak\u00e1zan\u00e1 ak\u00e1ko\u013evek reklama typu affiliate, \u010di u\u017e pri vytv\u00e1ran\u00ed spr\u00e1v alebo pri posielan\u00ed osobn\u00fdch spr\u00e1v. Najm\u00e4, ak poru\u0161uje z\u00e1kon o doh\u013eade nad hazardn\u00fdmi hrami Slovenskej republiky. Autori tak\u00fdchto spr\u00e1v bud\u00fa okam\u017eite a natrvalo vyl\u00fa\u010den\u00ed z pokerovej \u0161koly, peniaze sa nevracaj\u00fa a ich \u00fadaje (vr\u00e1tane IP adries) bud\u00fa odovzdan\u00e9 \u0161t\u00e1tnej komisii pre doh\u013ead nad hazardn\u00fdmi hrami ako poru\u0161uj\u00face z\u00e1kony Slovenskej republiky.<\/span><\/li>\n<\/ol>\n<h3><span class=\"ez-toc-section\" id=\"Zber_informacii\"><\/span><strong>Zber inform\u00e1ci\u00ed<\/strong><span class=\"ez-toc-section-end\"><\/span><\/h3>\n<ol>\n<li>PokerioMokykla.com si vyhradzuje pr\u00e1vo zhroma\u017e\u010fova\u0165 a pou\u017e\u00edva\u0165 inform\u00e1cie registrovan\u00fdch n\u00e1v\u0161tevn\u00edkov na marketingov\u00e9 \u00fa\u010dely. Inform\u00e1cie o n\u00e1v\u0161tevn\u00edkoch zah\u0155\u0148aj\u00fa v\u0161etky \u00fadaje, medzi ktor\u00e9 patr\u00ed hist\u00f3ria prehliadania, e-mailov\u00e1 adresa, telef\u00f3nne \u010d\u00edslo a pod.<\/li>\n<li>PokerioMokykla.com re\u0161pektuje s\u00fakromie svojich n\u00e1v\u0161tevn\u00edkov a ochranu inform\u00e1ci\u00ed, tak\u017ee poskytnut\u00e9 \u00fadaje m\u00f4\u017eu by\u0165 pou\u017eit\u00e9 v\u00fdlu\u010dne na marketingov\u00e9 \u00fa\u010dely prev\u00e1dzky webovej str\u00e1nky. Zhroma\u017eden\u00e9 inform\u00e1cie nem\u00f4\u017eu by\u0165 odovzdan\u00e9 tret\u00edm stran\u00e1m.<\/li>\n<\/ol>\n","protected":false},"excerpt":{"rendered":"<p>Komunik\u00e1cia PokerioMokykla.com je uzavret\u00e1 pokerov\u00e1 komunita, usilujeme sa udr\u017eiava\u0165 vysok\u00fa&#8230;<\/p>\n","protected":false},"author":491,"featured_media":0,"parent":0,"menu_order":23,"comment_status":"closed","ping_status":"closed","template":"","meta":{"_acf_changed":false,"footnotes":""},"class_list":["post-892667","page","type-page","status-publish","hentry"],"acf":[],"_links":{"self":[{"href":"https:\/\/staging.pokeriomokykla.com\/sk\/wp-json\/wp\/v2\/pages\/892667","targetHints":{"allow":["GET"]}}],"collection":[{"href":"https:\/\/staging.pokeriomokykla.com\/sk\/wp-json\/wp\/v2\/pages"}],"about":[{"href":"https:\/\/staging.pokeriomokykla.com\/sk\/wp-json\/wp\/v2\/types\/page"}],"author":[{"embeddable":true,"href":"https:\/\/staging.pokeriomokykla.com\/sk\/wp-json\/wp\/v2\/users\/491"}],"replies":[{"embeddable":true,"href":"https:\/\/staging.pokeriomokykla.com\/sk\/wp-json\/wp\/v2\/comments?post=892667"}],"version-history":[{"count":2,"href":"https:\/\/staging.pokeriomokykla.com\/sk\/wp-json\/wp\/v2\/pages\/892667\/revisions"}],"predecessor-version":[{"id":1007368,"href":"https:\/\/staging.pokeriomokykla.com\/sk\/wp-json\/wp\/v2\/pages\/892667\/revisions\/1007368"}],"wp:attachment":[{"href":"https:\/\/staging.pokeriomokykla.com\/sk\/wp-json\/wp\/v2\/media?parent=892667"}],"curies":[{"name":"wp","href":"https:\/\/api.w.org\/{rel}","templated":true}]}}