{"id":889037,"date":"2018-05-23T20:07:11","date_gmt":"2018-05-23T18:07:11","guid":{"rendered":"https:\/\/staging.pokeriomokykla.com\/zasady-ochrany-osobnych-udajov-a-pouzivania-suborov-cookie"},"modified":"2025-04-28T23:39:20","modified_gmt":"2025-04-28T21:39:20","slug":"zasady-ochrany-osobnych-udajov-a-pouzivania-suborov-cookie","status":"publish","type":"page","link":"https:\/\/staging.pokeriomokykla.com\/sk\/zasady-ochrany-osobnych-udajov","title":{"rendered":"Z\u00e1sady ochrany osobn\u00fdch \u00fadajov a pou\u017e\u00edvania s\u00faborov cookie"},"content":{"rendered":"<div id=\"ez-toc-container\" class=\"ez-toc-v2_0_76 ez-toc-wrap-left counter-hierarchy ez-toc-counter ez-toc-light-blue ez-toc-container-direction\">\n<div class=\"ez-toc-title-container\">\n<p class=\"ez-toc-title\" style=\"cursor:inherit\">Table of contents sv<\/p>\n<span class=\"ez-toc-title-toggle\"><a href=\"#\" class=\"ez-toc-pull-right ez-toc-btn ez-toc-btn-xs ez-toc-btn-default ez-toc-toggle\" aria-label=\"Toggle Table of Content\"><span class=\"ez-toc-js-icon-con\"><span class=\"\"><span class=\"eztoc-hide\" style=\"display:none;\">Toggle<\/span><span class=\"ez-toc-icon-toggle-span\"><svg style=\"fill: #000000;color:#000000\" xmlns=\"http:\/\/www.w3.org\/2000\/svg\" class=\"list-377408\" width=\"20px\" height=\"20px\" viewBox=\"0 0 24 24\" fill=\"none\"><path d=\"M6 6H4v2h2V6zm14 0H8v2h12V6zM4 11h2v2H4v-2zm16 0H8v2h12v-2zM4 16h2v2H4v-2zm16 0H8v2h12v-2z\" fill=\"currentColor\"><\/path><\/svg><svg style=\"fill: #000000;color:#000000\" class=\"arrow-unsorted-368013\" xmlns=\"http:\/\/www.w3.org\/2000\/svg\" width=\"10px\" height=\"10px\" viewBox=\"0 0 24 24\" version=\"1.2\" baseProfile=\"tiny\"><path d=\"M18.2 9.3l-6.2-6.3-6.2 6.3c-.2.2-.3.4-.3.7s.1.5.3.7c.2.2.4.3.7.3h11c.3 0 .5-.1.7-.3.2-.2.3-.5.3-.7s-.1-.5-.3-.7zM5.8 14.7l6.2 6.3 6.2-6.3c.2-.2.3-.5.3-.7s-.1-.5-.3-.7c-.2-.2-.4-.3-.7-.3h-11c-.3 0-.5.1-.7.3-.2.2-.3.5-.3.7s.1.5.3.7z\"\/><\/svg><\/span><\/span><\/span><\/a><\/span><\/div>\n<nav><ul class='ez-toc-list ez-toc-list-level-1 eztoc-toggle-hide-by-default' ><li class='ez-toc-page-1 ez-toc-heading-level-2'><a class=\"ez-toc-link ez-toc-heading-1\" href=\"https:\/\/staging.pokeriomokykla.com\/sk\/zasady-ochrany-osobnych-udajov\/#Politika_ochrany_udajov\" >Politika ochrany \u00fadajov<\/a><\/li><li class='ez-toc-page-1 ez-toc-heading-level-2'><a class=\"ez-toc-link ez-toc-heading-2\" href=\"https:\/\/staging.pokeriomokykla.com\/sk\/zasady-ochrany-osobnych-udajov\/#Cookies_a_ich_pouzivanie\" >Cookies a ich pou\u017e\u00edvanie<\/a><\/li><\/ul><\/nav><\/div>\n<h2><span class=\"ez-toc-section\" id=\"Politika_ochrany_udajov\"><\/span>Politika ochrany \u00fadajov<span class=\"ez-toc-section-end\"><\/span><\/h2>\n<p>Na str\u00e1nke PokerioMokykla.com, pri registr\u00e1cii do vn\u00fatorn\u00e9ho syst\u00e9mu \u010dlenov, pri s\u0165ahovan\u00ed e-knihy alebo pri prihl\u00e1sen\u00ed sa na odber noviniek, mus\u00edte zanecha\u0165 svoje meno a e-mailov\u00fa adresu. V\u00e1\u0161 e-mail sa pou\u017e\u00edva na zasielanie noviniek str\u00e1nky, ktor\u00e9 s\u00favisia s pokrom a jeho v\u00fdu\u010dbou.<\/p>\n<p>V\u017edy sa m\u00f4\u017eete odhl\u00e1si\u0165 z odberu noviniek \u2013 na konci ka\u017ed\u00e9ho e-mailu je akt\u00edvny odkaz, na ktor\u00fd ke\u010f kliknete, prestanete dost\u00e1va\u0165 novinky a v\u00e1\u0161 e-mail bude vymazan\u00fd z datab\u00e1zy.<\/p>\n<p>Va\u0161e \u00fadaje (e-mail a meno) bud\u00fa tie\u017e automaticky vymazan\u00e9 zo syst\u00e9mu, ak neotvor\u00edte 15 na\u0161ich zaslan\u00fdch e-mailov za sebou, \u010d\u00edm pochop\u00edme, \u017ee n\u00e1\u0161 obsah pre v\u00e1s jednoducho nie je relevantn\u00fd.<\/p>\n<p><strong>Zber inform\u00e1ci\u00ed<\/strong><\/p>\n<p>PokerioMokykla.com si vyhradzuje pr\u00e1vo na marketingov\u00e9 \u00fa\u010dely zbiera\u0165 a pou\u017e\u00edva\u0165 inform\u00e1cie registrovan\u00fdch n\u00e1v\u0161tevn\u00edkov. Inform\u00e1cie o n\u00e1v\u0161tevn\u00edkoch zah\u0155\u0148aj\u00fa v\u0161etky \u00fadaje, medzi ktor\u00e9 patr\u00ed hist\u00f3ria prehliadania, e-mailov\u00e1 adresa, telef\u00f3nne \u010d\u00edslo a pod.<\/p>\n<p>PokerioMokykla.com re\u0161pektuje s\u00fakromie svojich n\u00e1v\u0161tevn\u00edkov a ochranu inform\u00e1ci\u00ed, tak\u017ee poskytnut\u00e9 \u00fadaje m\u00f4\u017eu by\u0165 pou\u017eit\u00e9 v\u00fdlu\u010dne na marketingov\u00e9 \u00fa\u010dely webovej str\u00e1nky. Zhroma\u017eden\u00e9 inform\u00e1cie nem\u00f4\u017eu by\u0165 poskytnut\u00e9 tret\u00edm stran\u00e1m.<\/p>\n<p>V pr\u00edpade \u010fal\u0161\u00edch ot\u00e1zok t\u00fdkaj\u00facich sa va\u0161ich \u00fadajov a politiky ochrany s\u00fakromia n\u00e1s m\u00f4\u017eete kontaktova\u0165 e-mailom: <a href=\"mailto:info@pokeriomokykla.com\">info@pokeriomokykla.com<\/a><\/p>\n<h2><span class=\"ez-toc-section\" id=\"Cookies_a_ich_pouzivanie\"><\/span>Cookies a ich pou\u017e\u00edvanie<span class=\"ez-toc-section-end\"><\/span><\/h2>\n<p>Na webovej str\u00e1nke PokerioMokykla.com pou\u017e\u00edvame cookies, preto v\u00e1m v tejto \u010dasti poskytujeme podrobn\u00e9 inform\u00e1cie o tom, ako sa cookies pou\u017e\u00edvaj\u00fa a ako sa m\u00f4\u017eete rozhodn\u00fa\u0165, \u010di cookies ponech\u00e1te alebo odstr\u00e1nite.<\/p>\n<p><strong>\u010co je to cookie?<\/strong><\/p>\n<p>Cookies s\u00fa informa\u010dn\u00e9 prvky, ktor\u00e9 sa pren\u00e1\u0161aj\u00fa z webovej str\u00e1nky na pevn\u00fd disk v\u00e1\u0161ho po\u010d\u00edta\u010da. S\u00fa to mal\u00e9 informa\u010dn\u00e9 s\u00fabory, ktor\u00e9 umo\u017e\u0148uj\u00fa webov\u00fdm str\u00e1nkam uklada\u0165 a znovu pristupova\u0165 k inform\u00e1ci\u00e1m o prehliadac\u00edch n\u00e1vykoch pou\u017e\u00edvate\u013ea.<\/p>\n<p>Cookies pou\u017e\u00edva v\u00e4\u010d\u0161ina webov\u00fdch str\u00e1nok, preto\u017ee s\u00fa jedn\u00fdm z mnoh\u00fdch n\u00e1strojov, ktor\u00e9 pom\u00e1haj\u00fa prisp\u00f4sobi\u0165 obsah internetu potreb\u00e1m pou\u017e\u00edvate\u013eov. Cookies umo\u017e\u0148uj\u00fa webov\u00fdm str\u00e1nkam poskytova\u0165 slu\u017eby prisp\u00f4soben\u00e9 potreb\u00e1m pou\u017e\u00edvate\u013eov (napr\u00edklad zapam\u00e4tan\u00edm si prihlasovac\u00edch \u00fadajov, udr\u017eiavan\u00edm n\u00e1kupov v n\u00e1kupnom ko\u0161\u00edku alebo zobrazovan\u00edm obsahu, ktor\u00fd zauj\u00edma konkr\u00e9tneho pou\u017e\u00edvate\u013ea).<\/p>\n<p>Existuj\u00fa r\u00f4zne typy cookies: do\u010dasn\u00e9 cookies (alebo session cookies) \u2013 odstr\u00e1nia sa, ke\u010f sa zatvor\u00ed prehliada\u010d; trval\u00e9 cookies \u2013 neodstr\u00e1nia sa a zostan\u00fa, k\u00fdm sa neodstr\u00e1nia akt\u00edvnymi krokmi alebo k\u00fdm nevypr\u0161\u00ed ich platnos\u0165.<\/p>\n<p><strong>Ako odstr\u00e1ni\u0165 cookie?<\/strong><\/p>\n<p>V\u00e4\u010d\u0161ina prehliada\u010dov je nastaven\u00e1 tak, aby automaticky prij\u00edmala cookies. M\u00f4\u017eete cookies v prehliada\u010di vypn\u00fa\u0165, ale vedzte, \u017ee ak tak urob\u00edte, m\u00f4\u017eete strati\u0165 mo\u017enos\u0165 pou\u017e\u00edva\u0165 mnoho funkci\u00ed, ktor\u00e9 s\u00fa potrebn\u00e9 na to, aby webov\u00e1 str\u00e1nka fungovala spr\u00e1vne. Ak potrebujete podrobnej\u0161ie inform\u00e1cie o cookies, nav\u0161t\u00edvte webov\u00fa str\u00e1nku www.aboutcookies.org, kde n\u00e1jdete podrobn\u00e9, nez\u00e1visl\u00e9 inform\u00e1cie o tom, ako vypn\u00fa\u0165 cookies v nastaveniach prehliada\u010da a ako odstr\u00e1ni\u0165 cookies, ktor\u00e9 s\u00fa u\u017e vo va\u0161om po\u010d\u00edta\u010di. Ak chcete odstr\u00e1ni\u0165 cookies z mobiln\u00e9ho telef\u00f3nu, budete si musie\u0165 pre\u010d\u00edta\u0165 n\u00e1vod na pou\u017e\u00edvanie telef\u00f3nu.<\/p>\n","protected":false},"excerpt":{"rendered":"<p>Politika ochrany \u00fadajov Na str\u00e1nke PokerioMokykla.com, pri registr\u00e1cii do vn\u00fatorn\u00e9ho&#8230;<\/p>\n","protected":false},"author":491,"featured_media":0,"parent":0,"menu_order":0,"comment_status":"closed","ping_status":"closed","template":"","meta":{"_acf_changed":false,"footnotes":""},"class_list":["post-889037","page","type-page","status-publish","hentry"],"acf":[],"_links":{"self":[{"href":"https:\/\/staging.pokeriomokykla.com\/sk\/wp-json\/wp\/v2\/pages\/889037","targetHints":{"allow":["GET"]}}],"collection":[{"href":"https:\/\/staging.pokeriomokykla.com\/sk\/wp-json\/wp\/v2\/pages"}],"about":[{"href":"https:\/\/staging.pokeriomokykla.com\/sk\/wp-json\/wp\/v2\/types\/page"}],"author":[{"embeddable":true,"href":"https:\/\/staging.pokeriomokykla.com\/sk\/wp-json\/wp\/v2\/users\/491"}],"replies":[{"embeddable":true,"href":"https:\/\/staging.pokeriomokykla.com\/sk\/wp-json\/wp\/v2\/comments?post=889037"}],"version-history":[{"count":1,"href":"https:\/\/staging.pokeriomokykla.com\/sk\/wp-json\/wp\/v2\/pages\/889037\/revisions"}],"predecessor-version":[{"id":976053,"href":"https:\/\/staging.pokeriomokykla.com\/sk\/wp-json\/wp\/v2\/pages\/889037\/revisions\/976053"}],"wp:attachment":[{"href":"https:\/\/staging.pokeriomokykla.com\/sk\/wp-json\/wp\/v2\/media?parent=889037"}],"curies":[{"name":"wp","href":"https:\/\/api.w.org\/{rel}","templated":true}]}}