{"id":887971,"date":"2018-12-21T15:29:24","date_gmt":"2018-12-21T13:29:24","guid":{"rendered":"https:\/\/staging.pokeriomokykla.com\/vianocna-akcia-30-zlava-na-vsetky-clenstva"},"modified":"2025-04-28T23:35:30","modified_gmt":"2025-04-28T21:35:30","slug":"vianocna-akcia-30-zlava-na-vsetky-clenstva","status":"publish","type":"page","link":"https:\/\/staging.pokeriomokykla.com\/sk\/vianocna-akcia-30-zlava-na-vsetky-clenstva","title":{"rendered":"Viano\u010dn\u00e1 akcia &#8211; 30% z\u013eava na v\u0161etky \u010dlenstv\u00e1!"},"content":{"rendered":"<div id=\"ez-toc-container\" class=\"ez-toc-v2_0_76 ez-toc-wrap-left counter-hierarchy ez-toc-counter ez-toc-light-blue ez-toc-container-direction\">\n<div class=\"ez-toc-title-container\">\n<p class=\"ez-toc-title\" style=\"cursor:inherit\">Table of contents sv<\/p>\n<span class=\"ez-toc-title-toggle\"><a href=\"#\" class=\"ez-toc-pull-right ez-toc-btn ez-toc-btn-xs ez-toc-btn-default ez-toc-toggle\" aria-label=\"Toggle Table of Content\"><span class=\"ez-toc-js-icon-con\"><span class=\"\"><span class=\"eztoc-hide\" style=\"display:none;\">Toggle<\/span><span class=\"ez-toc-icon-toggle-span\"><svg style=\"fill: #000000;color:#000000\" xmlns=\"http:\/\/www.w3.org\/2000\/svg\" class=\"list-377408\" width=\"20px\" height=\"20px\" viewBox=\"0 0 24 24\" fill=\"none\"><path d=\"M6 6H4v2h2V6zm14 0H8v2h12V6zM4 11h2v2H4v-2zm16 0H8v2h12v-2zM4 16h2v2H4v-2zm16 0H8v2h12v-2z\" fill=\"currentColor\"><\/path><\/svg><svg style=\"fill: #000000;color:#000000\" class=\"arrow-unsorted-368013\" xmlns=\"http:\/\/www.w3.org\/2000\/svg\" width=\"10px\" height=\"10px\" viewBox=\"0 0 24 24\" version=\"1.2\" baseProfile=\"tiny\"><path d=\"M18.2 9.3l-6.2-6.3-6.2 6.3c-.2.2-.3.4-.3.7s.1.5.3.7c.2.2.4.3.7.3h11c.3 0 .5-.1.7-.3.2-.2.3-.5.3-.7s-.1-.5-.3-.7zM5.8 14.7l6.2 6.3 6.2-6.3c.2-.2.3-.5.3-.7s-.1-.5-.3-.7c-.2-.2-.4-.3-.7-.3h-11c-.3 0-.5.1-.7.3-.2.2-.3.5-.3.7s.1.5.3.7z\"\/><\/svg><\/span><\/span><\/span><\/a><\/span><\/div>\n<nav><ul class='ez-toc-list ez-toc-list-level-1 eztoc-toggle-hide-by-default' ><li class='ez-toc-page-1 ez-toc-heading-level-2'><a class=\"ez-toc-link ez-toc-heading-1\" href=\"https:\/\/staging.pokeriomokykla.com\/sk\/vianocna-akcia-30-zlava-na-vsetky-clenstva\/#Vianocna_30_zlava_na_vsetky_clenstva\" >Viano\u010dn\u00e1 30% z\u013eava  na v\u0161etky \u010dlenstv\u00e1!<\/a><ul class='ez-toc-list-level-3' ><li class='ez-toc-heading-level-3'><a class=\"ez-toc-link ez-toc-heading-2\" href=\"https:\/\/staging.pokeriomokykla.com\/sk\/vianocna-akcia-30-zlava-na-vsetky-clenstva\/#Plany_clenstiev\" >Pl\u00e1ny \u010dlenstiev<\/a><\/li><\/ul><\/li><li class='ez-toc-page-1 ez-toc-heading-level-2'><a class=\"ez-toc-link ez-toc-heading-3\" href=\"https:\/\/staging.pokeriomokykla.com\/sk\/vianocna-akcia-30-zlava-na-vsetky-clenstva\/#1_mesiac\" >1 mesiac<\/a><\/li><li class='ez-toc-page-1 ez-toc-heading-level-2'><a class=\"ez-toc-link ez-toc-heading-4\" href=\"https:\/\/staging.pokeriomokykla.com\/sk\/vianocna-akcia-30-zlava-na-vsetky-clenstva\/#16_E_24_E\" >16 \u20ac 24 \u20ac<\/a><\/li><li class='ez-toc-page-1 ez-toc-heading-level-2'><a class=\"ez-toc-link ez-toc-heading-5\" href=\"https:\/\/staging.pokeriomokykla.com\/sk\/vianocna-akcia-30-zlava-na-vsetky-clenstva\/#6_mesiacov\" >6 mesiacov<\/a><\/li><li class='ez-toc-page-1 ez-toc-heading-level-2'><a class=\"ez-toc-link ez-toc-heading-6\" href=\"https:\/\/staging.pokeriomokykla.com\/sk\/vianocna-akcia-30-zlava-na-vsetky-clenstva\/#83_E_119_E\" >83 \u20ac 119 \u20ac<\/a><\/li><\/ul><\/nav><\/div>\n<h2><span class=\"ez-toc-section\" id=\"Vianocna_30_zlava_na_vsetky_clenstva\"><\/span>Viano\u010dn\u00e1 30% z\u013eava <br \/>na v\u0161etky \u010dlenstv\u00e1!<span class=\"ez-toc-section-end\"><\/span><\/h2>\n<p>Akcia plat\u00ed len do <b>1. janu\u00e1ra.<\/b><\/p>\n<h3><span class=\"ez-toc-section\" id=\"Plany_clenstiev\"><\/span>Pl\u00e1ny \u010dlenstiev<span class=\"ez-toc-section-end\"><\/span><\/h3>\n<h2><span class=\"ez-toc-section\" id=\"1_mesiac\"><\/span>1 mesiac<span class=\"ez-toc-section-end\"><\/span><\/h2>\n<h2><span class=\"ez-toc-section\" id=\"16_E_24_E\"><\/span>16 \u20ac 24 \u20ac<span class=\"ez-toc-section-end\"><\/span><\/h2>\n<ul>\n<li>\n\t\t\t\t\t\t\t\t\t\t550+ uzavret\u00fdch vide\u00ed v litov\u010dine\n\t\t\t\t\t\t\t\t\t<\/li>\n<li>\n\t\t\t\t\t\t\t\t\t\tUzavret\u00e9 f\u00f3rum pre \u010dlenov\n\t\t\t\t\t\t\t\t\t<\/li>\n<li>\n\t\t\t\t\t\t\t\t\t\tU\u0161etr\u00edte <b>8 \u20ac<\/b> pri n\u00e1kupe teraz\n\t\t\t\t\t\t\t\t\t<\/li>\n<\/ul>\n<p>\t\t\t<a href=\"https:\/\/pokeriomokykla.com\/mokejimo-budai\/?id=1\" role=\"button\"><br \/>\n\t\t\t\t\t\tK\u00daPI\u0164 \u010cLENSTVO ZA 16 \u20ac<br \/>\n\t\t\t\t\t<\/a><\/p>\n<h2><span class=\"ez-toc-section\" id=\"6_mesiacov\"><\/span>6 mesiacov<span class=\"ez-toc-section-end\"><\/span><\/h2>\n<h2><span class=\"ez-toc-section\" id=\"83_E_119_E\"><\/span>83 \u20ac 119 \u20ac<span class=\"ez-toc-section-end\"><\/span><\/h2>\n<ul>\n<li>\n\t\t\t\t\t\t\t\t\t\t550+ uzavret\u00fdch vide\u00ed v litov\u010dine\n\t\t\t\t\t\t\t\t\t<\/li>\n<li>\n\t\t\t\t\t\t\t\t\t\tUzavret\u00e9 f\u00f3rum pre \u010dlenov\n\t\t\t\t\t\t\t\t\t<\/li>\n<li>\n\t\t\t\t\t\t\t\t\t\t1 osobn\u00e1 lekcia s vybran\u00fdm tr\u00e9nerom  (<strong>hodnota 50 \u20ac<\/strong>)\n\t\t\t\t\t\t\t\t\t<\/li>\n<li>\n\t\t\t\t\t\t\t\t\t\tU\u0161etr\u00edte <b>36 \u20ac<\/b> pri n\u00e1kupe teraz\n\t\t\t\t\t\t\t\t\t<\/li>\n<\/ul>\n<p>\t\t\t<a href=\"https:\/\/pokeriomokykla.com\/mokejimo-budai\/?id=3\" role=\"button\"><br \/>\n\t\t\t\t\t\tK\u00daPI\u0164 \u010cLENSTVO ZA 83 \u20ac<br \/>\n\t\t\t\t\t<\/a><\/p>\n<p>Zdie\u013eajte <b>30% z\u013eavu<\/b> so svojimi pokerov\u00fdmi priate\u013emi na Facebooku!<\/p>\n<p>\t\t\t\t\t\t\t<a href=\"https:\/\/www.facebook.com\/sharer\/sharer.php?u=https%3A%2F%2Fpokeriomokykla.com%2Fkaledine-akcija-30-nuolaida-visom-narystems\" target=\"_blank\" rel=\"noopener\"><br \/>\n\t\t\t\t\tFacebook<br \/>\n\t\t\t\t<\/a><\/p>\n","protected":false},"excerpt":{"rendered":"<p>Viano\u010dn\u00e1 30% z\u013eava na v\u0161etky \u010dlenstv\u00e1! Akcia plat\u00ed len do&#8230;<\/p>\n","protected":false},"author":491,"featured_media":0,"parent":0,"menu_order":0,"comment_status":"closed","ping_status":"closed","template":"elementor_header_footer","meta":{"_acf_changed":false,"footnotes":""},"class_list":["post-887971","page","type-page","status-publish","hentry"],"acf":[],"_links":{"self":[{"href":"https:\/\/staging.pokeriomokykla.com\/sk\/wp-json\/wp\/v2\/pages\/887971","targetHints":{"allow":["GET"]}}],"collection":[{"href":"https:\/\/staging.pokeriomokykla.com\/sk\/wp-json\/wp\/v2\/pages"}],"about":[{"href":"https:\/\/staging.pokeriomokykla.com\/sk\/wp-json\/wp\/v2\/types\/page"}],"author":[{"embeddable":true,"href":"https:\/\/staging.pokeriomokykla.com\/sk\/wp-json\/wp\/v2\/users\/491"}],"replies":[{"embeddable":true,"href":"https:\/\/staging.pokeriomokykla.com\/sk\/wp-json\/wp\/v2\/comments?post=887971"}],"version-history":[{"count":2,"href":"https:\/\/staging.pokeriomokykla.com\/sk\/wp-json\/wp\/v2\/pages\/887971\/revisions"}],"predecessor-version":[{"id":1040810,"href":"https:\/\/staging.pokeriomokykla.com\/sk\/wp-json\/wp\/v2\/pages\/887971\/revisions\/1040810"}],"wp:attachment":[{"href":"https:\/\/staging.pokeriomokykla.com\/sk\/wp-json\/wp\/v2\/media?parent=887971"}],"curies":[{"name":"wp","href":"https:\/\/api.w.org\/{rel}","templated":true}]}}