{"id":881255,"date":"2015-07-19T07:20:45","date_gmt":"2015-07-19T05:20:45","guid":{"rendered":"https:\/\/staging.pokeriomokykla.com\/aizsargats-saturs"},"modified":"2025-04-29T00:04:16","modified_gmt":"2025-04-28T22:04:16","slug":"aizsargats-saturs","status":"publish","type":"page","link":"https:\/\/staging.pokeriomokykla.com\/lv\/aizsargats-kudra","title":{"rendered":"Aizsarg\u0101ts saturs"},"content":{"rendered":"<p style=\"text-align: center\">\u0160is saturs ir pieejams tikai akt\u012bviem biedriem. Re\u0123istr\u0113jieties vai piesakieties!<\/p>\n","protected":false},"excerpt":{"rendered":"<p>\u0160is saturs ir pieejams tikai akt\u012bviem biedriem. Re\u0123istr\u0113jieties vai piesakieties!<\/p>\n","protected":false},"author":72,"featured_media":0,"parent":0,"menu_order":26,"comment_status":"open","ping_status":"closed","template":"","meta":{"_acf_changed":false,"footnotes":""},"class_list":["post-881255","page","type-page","status-publish","hentry"],"acf":[],"_links":{"self":[{"href":"https:\/\/staging.pokeriomokykla.com\/lv\/wp-json\/wp\/v2\/pages\/881255","targetHints":{"allow":["GET"]}}],"collection":[{"href":"https:\/\/staging.pokeriomokykla.com\/lv\/wp-json\/wp\/v2\/pages"}],"about":[{"href":"https:\/\/staging.pokeriomokykla.com\/lv\/wp-json\/wp\/v2\/types\/page"}],"author":[{"embeddable":true,"href":"https:\/\/staging.pokeriomokykla.com\/lv\/wp-json\/wp\/v2\/users\/72"}],"replies":[{"embeddable":true,"href":"https:\/\/staging.pokeriomokykla.com\/lv\/wp-json\/wp\/v2\/comments?post=881255"}],"version-history":[{"count":2,"href":"https:\/\/staging.pokeriomokykla.com\/lv\/wp-json\/wp\/v2\/pages\/881255\/revisions"}],"predecessor-version":[{"id":1100119,"href":"https:\/\/staging.pokeriomokykla.com\/lv\/wp-json\/wp\/v2\/pages\/881255\/revisions\/1100119"}],"wp:attachment":[{"href":"https:\/\/staging.pokeriomokykla.com\/lv\/wp-json\/wp\/v2\/media?parent=881255"}],"curies":[{"name":"wp","href":"https:\/\/api.w.org\/{rel}","templated":true}]}}