{"id":880093,"date":"2016-08-10T17:45:47","date_gmt":"2016-08-10T15:45:47","guid":{"rendered":"https:\/\/staging.pokeriomokykla.com\/noteikumi-un-nosacijumi"},"modified":"2025-04-28T23:55:14","modified_gmt":"2025-04-28T21:55:14","slug":"noteikumi-un-nosacijumi","status":"publish","type":"page","link":"https:\/\/staging.pokeriomokykla.com\/lv\/noteikumi-vienadojumi","title":{"rendered":"Noteikumi un nosac\u012bjumi"},"content":{"rendered":"<div id=\"ez-toc-container\" class=\"ez-toc-v2_0_76 ez-toc-wrap-left counter-hierarchy ez-toc-counter ez-toc-light-blue ez-toc-container-direction\">\n<div class=\"ez-toc-title-container\">\n<p class=\"ez-toc-title\" style=\"cursor:inherit\">Table of contents lv<\/p>\n<span class=\"ez-toc-title-toggle\"><a href=\"#\" class=\"ez-toc-pull-right ez-toc-btn ez-toc-btn-xs ez-toc-btn-default ez-toc-toggle\" aria-label=\"Toggle Table of Content\"><span class=\"ez-toc-js-icon-con\"><span class=\"\"><span class=\"eztoc-hide\" style=\"display:none;\">Toggle<\/span><span class=\"ez-toc-icon-toggle-span\"><svg style=\"fill: #000000;color:#000000\" xmlns=\"http:\/\/www.w3.org\/2000\/svg\" class=\"list-377408\" width=\"20px\" height=\"20px\" viewBox=\"0 0 24 24\" fill=\"none\"><path d=\"M6 6H4v2h2V6zm14 0H8v2h12V6zM4 11h2v2H4v-2zm16 0H8v2h12v-2zM4 16h2v2H4v-2zm16 0H8v2h12v-2z\" fill=\"currentColor\"><\/path><\/svg><svg style=\"fill: #000000;color:#000000\" class=\"arrow-unsorted-368013\" xmlns=\"http:\/\/www.w3.org\/2000\/svg\" width=\"10px\" height=\"10px\" viewBox=\"0 0 24 24\" version=\"1.2\" baseProfile=\"tiny\"><path d=\"M18.2 9.3l-6.2-6.3-6.2 6.3c-.2.2-.3.4-.3.7s.1.5.3.7c.2.2.4.3.7.3h11c.3 0 .5-.1.7-.3.2-.2.3-.5.3-.7s-.1-.5-.3-.7zM5.8 14.7l6.2 6.3 6.2-6.3c.2-.2.3-.5.3-.7s-.1-.5-.3-.7c-.2-.2-.4-.3-.7-.3h-11c-.3 0-.5.1-.7.3-.2.2-.3.5-.3.7s.1.5.3.7z\"\/><\/svg><\/span><\/span><\/span><\/a><\/span><\/div>\n<nav><ul class='ez-toc-list ez-toc-list-level-1 eztoc-toggle-hide-by-default' ><li class='ez-toc-page-1 ez-toc-heading-level-3'><a class=\"ez-toc-link ez-toc-heading-1\" href=\"https:\/\/staging.pokeriomokykla.com\/lv\/noteikumi-vienadojumi\/#Sazina\" >Sazi\u0146a<\/a><\/li><li class='ez-toc-page-1 ez-toc-heading-level-3'><a class=\"ez-toc-link ez-toc-heading-2\" href=\"https:\/\/staging.pokeriomokykla.com\/lv\/noteikumi-vienadojumi\/#Atbildiba\" >Atbild\u012bba<\/a><\/li><li class='ez-toc-page-1 ez-toc-heading-level-3'><a class=\"ez-toc-link ez-toc-heading-3\" href=\"https:\/\/staging.pokeriomokykla.com\/lv\/noteikumi-vienadojumi\/#Reklama\" >Rekl\u0101ma<\/a><\/li><li class='ez-toc-page-1 ez-toc-heading-level-3'><a class=\"ez-toc-link ez-toc-heading-4\" href=\"https:\/\/staging.pokeriomokykla.com\/lv\/noteikumi-vienadojumi\/#Informacijas_vaksana\" >Inform\u0101cijas v\u0101k\u0161ana<\/a><\/li><\/ul><\/nav><\/div>\n<h3 class=\"p1\"><span class=\"ez-toc-section\" id=\"Sazina\"><\/span><span class=\"s1\"><b>Sazi\u0146a<\/b><\/span><span class=\"ez-toc-section-end\"><\/span><\/h3>\n<ol>\n<li><span class=\"s1\">PokerioMokykla.com ir sl\u0113gta pokera kopiena, m\u0113s cen\u0161amies uztur\u0113t augstu savstarp\u0113j\u0101s sapratnes l\u012bmeni. T\u0101p\u0113c visa sazi\u0146a skol\u0101 ir balst\u012bta uz savstarp\u0113ju sapratni.<\/span><\/li>\n<li><span class=\"s1\">Katram skol\u0113nam ir ties\u012bbas uz savu viedokli un at\u0161\u0137ir\u012bgu skat\u012bjumu. T\u0101p\u0113c katram skolas biedram ir pien\u0101kums cien\u012bt cita cilv\u0113ka viedokli. Tom\u0113r jebk\u0101da veida rasu, reli\u0123isk\u0101, nacion\u0101l\u0101, dzimuma un cita diskrimin\u0101cija ir stingri aizliegta. Biedri, kas apzin\u0101ti p\u0101rk\u0101pj \u0161o noteikumu (apzin\u0101ti aizskar, veicina diskrimin\u0101ciju, pazemo, apvaino, draud un cit\u0101di pazemo citu personu br\u012bv\u012bbas un cie\u0146u), tiks nekav\u0113joties un uz visiem laikiem izsl\u0113gti no pokera skolas, bez ties\u012bb\u0101m atgriezties. \u0160\u0101d\u0101 gad\u012bjum\u0101 biedrs tiek izsl\u0113gts, un vi\u0146a samaks\u0101t\u0101s iest\u0101\u0161an\u0101s un abon\u0113\u0161anas maksas netiek atmaks\u0101tas.<\/span><\/li>\n<li><span class=\"s1\">Ja nepiecie\u0161ams, PokerioMokykla.com administr\u0101cija patur ties\u012bbas zi\u0146ot LR policijai un cit\u0101m iest\u0101d\u0113m par draudiem vai veicin\u0101tu diskrimin\u0101ciju.<\/span><\/li>\n<\/ol>\n<h3 class=\"p1\"><span class=\"ez-toc-section\" id=\"Atbildiba\"><\/span><span class=\"s1\"><b>Atbild\u012bba<\/b><\/span><span class=\"ez-toc-section-end\"><\/span><\/h3>\n<ol>\n<li><span class=\"s1\">PokerioMokykla.com nereklam\u0113 azartsp\u0113les, nep\u0101rst\u0101v nevienu pokera, kazino vai der\u012bbu uz\u0146\u0113mumu. Vietn\u0113 sniegtais saturs ir t\u012bri informat\u012bvs. Pokera skolas administr\u0101cija nesa\u0146em nek\u0101du ien\u0101kumu no azartsp\u0113\u013cu operatoriem un taml\u012bdz\u012bgi.<\/span><\/li>\n<li>Pokeriomokykla.com past\u0101v\u012bgi papildina un atjaunina inform\u0101ciju par pokera, kazino un der\u012bbu aktualit\u0101t\u0113m.<\/li>\n<li><span class=\"s1\">Nauda par sniegtajiem pakalpojumiem (abon\u0113\u0161anas maksa, nodarb\u012bbas, pal\u012bgprogrammas) netiek atmaks\u0101ta.<\/span><\/li>\n<li><span class=\"s1\">PokerioMokykla.com neatbild par zaud\u0113jumiem, kurus j\u016bs varat tie\u0161i vai netie\u0161i ciest inform\u0101cijas d\u0113\u013c, kas ieg\u016bta no PokerioMokykla.com pokera skolas, der\u012bbu progno\u017eu satura, foruma satura, inform\u0101cijas uzticam\u012bbas, zaud\u0113juma vai kav\u0113\u0161an\u0101s.<\/span><\/li>\n<li><span class=\"s1\">PokerioMokykla.com netoler\u0113s zi\u0146as, kuru saturs ir pretrun\u0101 ar Latvijas Republikas likumiem, starptautiskajiem l\u012bgumiem un zi\u0146as, kas ir pretrun\u0101 ar \u0113tikas norm\u0101m. \u0160\u0101das zi\u0146as tiks dz\u0113stas.<\/span><\/li>\n<li><span class=\"s1\">Noteikumi tiek past\u0101v\u012bgi atjaunin\u0101ti. Noteikumu nezin\u0101\u0161ana neatbr\u012bvo no atbild\u012bbas.<\/span><\/li>\n<\/ol>\n<h3 class=\"p1\"><span class=\"ez-toc-section\" id=\"Reklama\"><\/span><span class=\"s1\"><b>Rekl\u0101ma<\/b><\/span><span class=\"ez-toc-section-end\"><\/span><\/h3>\n<ol>\n<li class=\"p2\"><span class=\"s1\">PokerioMokykla.com aizliegta jebk\u0101da veida rekl\u0101ma, kas nav saska\u0146ota ar PokerioMokykla.com pokera skolas administr\u0101ciju. Lietot\u0101ji, kas izplata rekl\u0101mu, tiks br\u012bdin\u0101ti.<\/span><\/li>\n<li class=\"p3\"><span class=\"s2\">PokerioMokykla.com stingri aizliegta jebk\u0101da veida affiliate saites rekl\u0101ma, gan veidojot zi\u0146as, gan s\u016btot personisk\u0101s zi\u0146as. \u012apa\u0161i, ja t\u0101 p\u0101rk\u0101pj Latvijas Republikas azartsp\u0113\u013cu uzraudz\u012bbas likumu. \u0160\u0101du zi\u0146u autori tiks nekav\u0113joties izsl\u0113gti no pokera skolas uz visiem laikiem, nauda netiks atmaks\u0101ta, un vi\u0146u dati (ieskaitot IP adreses) tiks nodoti valsts azartsp\u0113\u013cu uzraudz\u012bbas komisijai k\u0101 p\u0101rk\u0101p\u0113ji Latvijas Republikas likumiem.<\/span><\/li>\n<\/ol>\n<h3><span class=\"ez-toc-section\" id=\"Informacijas_vaksana\"><\/span><strong>Inform\u0101cijas v\u0101k\u0161ana<\/strong><span class=\"ez-toc-section-end\"><\/span><\/h3>\n<ol>\n<li>PokerioMokykla.com patur ties\u012bbas m\u0101rketinga nol\u016bkos v\u0101kt un izmantot re\u0123istr\u0113to apmekl\u0113t\u0101ju inform\u0101ciju. Apmekl\u0113t\u0101ju inform\u0101cijai tiek pieskait\u012bti visi dati, tostarp p\u0101rl\u016bko\u0161anas v\u0113sture, elektronisk\u0101 pasta adrese, t\u0101lru\u0146a numurs utt.<\/li>\n<li>PokerioMokykla.com ciena savu apmekl\u0113t\u0101ju priv\u0101tumu un inform\u0101cijas aizsardz\u012bbu, t\u0101p\u0113c sniegtie dati var tikt izmantoti tikai vietnes darb\u012bbas m\u0101rketinga nol\u016bkos. Sav\u0101kt\u0101 inform\u0101cija nevar tikt nodota tre\u0161aj\u0101m pus\u0113m.<\/li>\n<\/ol>\n","protected":false},"excerpt":{"rendered":"<p>Sazi\u0146a PokerioMokykla.com ir sl\u0113gta pokera kopiena, m\u0113s cen\u0161amies uztur\u0113t augstu&#8230;<\/p>\n","protected":false},"author":491,"featured_media":0,"parent":0,"menu_order":23,"comment_status":"closed","ping_status":"closed","template":"","meta":{"_acf_changed":false,"footnotes":""},"class_list":["post-880093","page","type-page","status-publish","hentry"],"acf":[],"_links":{"self":[{"href":"https:\/\/staging.pokeriomokykla.com\/lv\/wp-json\/wp\/v2\/pages\/880093","targetHints":{"allow":["GET"]}}],"collection":[{"href":"https:\/\/staging.pokeriomokykla.com\/lv\/wp-json\/wp\/v2\/pages"}],"about":[{"href":"https:\/\/staging.pokeriomokykla.com\/lv\/wp-json\/wp\/v2\/types\/page"}],"author":[{"embeddable":true,"href":"https:\/\/staging.pokeriomokykla.com\/lv\/wp-json\/wp\/v2\/users\/491"}],"replies":[{"embeddable":true,"href":"https:\/\/staging.pokeriomokykla.com\/lv\/wp-json\/wp\/v2\/comments?post=880093"}],"version-history":[{"count":2,"href":"https:\/\/staging.pokeriomokykla.com\/lv\/wp-json\/wp\/v2\/pages\/880093\/revisions"}],"predecessor-version":[{"id":1007367,"href":"https:\/\/staging.pokeriomokykla.com\/lv\/wp-json\/wp\/v2\/pages\/880093\/revisions\/1007367"}],"wp:attachment":[{"href":"https:\/\/staging.pokeriomokykla.com\/lv\/wp-json\/wp\/v2\/media?parent=880093"}],"curies":[{"name":"wp","href":"https:\/\/api.w.org\/{rel}","templated":true}]}}