{"id":875383,"date":"2018-12-21T15:29:24","date_gmt":"2018-12-21T13:29:24","guid":{"rendered":"https:\/\/staging.pokeriomokykla.com\/ziemassvetku-akcija-30-atlaide-visam-biedra-maksam"},"modified":"2025-04-28T23:35:30","modified_gmt":"2025-04-28T21:35:30","slug":"ziemassvetku-akcija-30-atlaide-visam-biedra-maksam","status":"publish","type":"page","link":"https:\/\/staging.pokeriomokykla.com\/lv\/ziemassvetku-akcija-30-atlaide-visam-biedra-maksam","title":{"rendered":"Ziemassv\u0113tku akcija &#8211; 30% atlaide vis\u0101m biedra maks\u0101m!"},"content":{"rendered":"<div id=\"ez-toc-container\" class=\"ez-toc-v2_0_76 ez-toc-wrap-left counter-hierarchy ez-toc-counter ez-toc-light-blue ez-toc-container-direction\">\n<div class=\"ez-toc-title-container\">\n<p class=\"ez-toc-title\" style=\"cursor:inherit\">Table of contents lv<\/p>\n<span class=\"ez-toc-title-toggle\"><a href=\"#\" class=\"ez-toc-pull-right ez-toc-btn ez-toc-btn-xs ez-toc-btn-default ez-toc-toggle\" aria-label=\"Toggle Table of Content\"><span class=\"ez-toc-js-icon-con\"><span class=\"\"><span class=\"eztoc-hide\" style=\"display:none;\">Toggle<\/span><span class=\"ez-toc-icon-toggle-span\"><svg style=\"fill: #000000;color:#000000\" xmlns=\"http:\/\/www.w3.org\/2000\/svg\" class=\"list-377408\" width=\"20px\" height=\"20px\" viewBox=\"0 0 24 24\" fill=\"none\"><path d=\"M6 6H4v2h2V6zm14 0H8v2h12V6zM4 11h2v2H4v-2zm16 0H8v2h12v-2zM4 16h2v2H4v-2zm16 0H8v2h12v-2z\" fill=\"currentColor\"><\/path><\/svg><svg style=\"fill: #000000;color:#000000\" class=\"arrow-unsorted-368013\" xmlns=\"http:\/\/www.w3.org\/2000\/svg\" width=\"10px\" height=\"10px\" viewBox=\"0 0 24 24\" version=\"1.2\" baseProfile=\"tiny\"><path d=\"M18.2 9.3l-6.2-6.3-6.2 6.3c-.2.2-.3.4-.3.7s.1.5.3.7c.2.2.4.3.7.3h11c.3 0 .5-.1.7-.3.2-.2.3-.5.3-.7s-.1-.5-.3-.7zM5.8 14.7l6.2 6.3 6.2-6.3c.2-.2.3-.5.3-.7s-.1-.5-.3-.7c-.2-.2-.4-.3-.7-.3h-11c-.3 0-.5.1-.7.3-.2.2-.3.5-.3.7s.1.5.3.7z\"\/><\/svg><\/span><\/span><\/span><\/a><\/span><\/div>\n<nav><ul class='ez-toc-list ez-toc-list-level-1 eztoc-toggle-hide-by-default' ><li class='ez-toc-page-1 ez-toc-heading-level-2'><a class=\"ez-toc-link ez-toc-heading-1\" href=\"https:\/\/staging.pokeriomokykla.com\/lv\/ziemassvetku-akcija-30-atlaide-visam-biedra-maksam\/#Ziemassvetku_30_atlaide_visam_dalibam\" >Ziemassv\u0113tku 30% atlaide  vis\u0101m dal\u012bb\u0101m!<\/a><ul class='ez-toc-list-level-3' ><li class='ez-toc-heading-level-3'><a class=\"ez-toc-link ez-toc-heading-2\" href=\"https:\/\/staging.pokeriomokykla.com\/lv\/ziemassvetku-akcija-30-atlaide-visam-biedra-maksam\/#Dalibu_plani\" >Dal\u012bbu pl\u0101ni<\/a><\/li><\/ul><\/li><li class='ez-toc-page-1 ez-toc-heading-level-2'><a class=\"ez-toc-link ez-toc-heading-3\" href=\"https:\/\/staging.pokeriomokykla.com\/lv\/ziemassvetku-akcija-30-atlaide-visam-biedra-maksam\/#1_menesis\" >1 m\u0113nesis<\/a><\/li><li class='ez-toc-page-1 ez-toc-heading-level-2'><a class=\"ez-toc-link ez-toc-heading-4\" href=\"https:\/\/staging.pokeriomokykla.com\/lv\/ziemassvetku-akcija-30-atlaide-visam-biedra-maksam\/#16_E_24_E\" >16 \u20ac 24 \u20ac<\/a><\/li><li class='ez-toc-page-1 ez-toc-heading-level-2'><a class=\"ez-toc-link ez-toc-heading-5\" href=\"https:\/\/staging.pokeriomokykla.com\/lv\/ziemassvetku-akcija-30-atlaide-visam-biedra-maksam\/#6_menesi\" >6 m\u0113ne\u0161i<\/a><\/li><li class='ez-toc-page-1 ez-toc-heading-level-2'><a class=\"ez-toc-link ez-toc-heading-6\" href=\"https:\/\/staging.pokeriomokykla.com\/lv\/ziemassvetku-akcija-30-atlaide-visam-biedra-maksam\/#83_E_119_E\" >83 \u20ac 119 \u20ac<\/a><\/li><\/ul><\/nav><\/div>\n<h2><span class=\"ez-toc-section\" id=\"Ziemassvetku_30_atlaide_visam_dalibam\"><\/span>Ziemassv\u0113tku 30% atlaide <br \/>vis\u0101m dal\u012bb\u0101m!<span class=\"ez-toc-section-end\"><\/span><\/h2>\n<p>Akcija ir sp\u0113k\u0101 tikai l\u012bdz <b>1. janv\u0101rim<\/b><\/p>\n<h3><span class=\"ez-toc-section\" id=\"Dalibu_plani\"><\/span>Dal\u012bbu pl\u0101ni<span class=\"ez-toc-section-end\"><\/span><\/h3>\n<h2><span class=\"ez-toc-section\" id=\"1_menesis\"><\/span>1 m\u0113nesis<span class=\"ez-toc-section-end\"><\/span><\/h2>\n<h2><span class=\"ez-toc-section\" id=\"16_E_24_E\"><\/span>16 \u20ac 24 \u20ac<span class=\"ez-toc-section-end\"><\/span><\/h2>\n<ul>\n<li>\n\t\t\t\t\t\t\t\t\t\t550+ sl\u0113gti video Lietuvie\u0161u valod\u0101\n\t\t\t\t\t\t\t\t\t<\/li>\n<li>\n\t\t\t\t\t\t\t\t\t\tSl\u0113gts forums dal\u012bbniekiem\n\t\t\t\t\t\t\t\t\t<\/li>\n<li>\n\t\t\t\t\t\t\t\t\t\tJ\u016bs ietaup\u0101t <b>8 \u20ac<\/b> p\u0113rkot tagad\n\t\t\t\t\t\t\t\t\t<\/li>\n<\/ul>\n<p>\t\t\t<a href=\"https:\/\/pokeriomokykla.com\/mokejimo-budai\/?id=1\" role=\"button\"><br \/>\n\t\t\t\t\t\tPIRKT DAL\u012aBU PAR 16 \u20ac<br \/>\n\t\t\t\t\t<\/a><\/p>\n<h2><span class=\"ez-toc-section\" id=\"6_menesi\"><\/span>6 m\u0113ne\u0161i<span class=\"ez-toc-section-end\"><\/span><\/h2>\n<h2><span class=\"ez-toc-section\" id=\"83_E_119_E\"><\/span>83 \u20ac 119 \u20ac<span class=\"ez-toc-section-end\"><\/span><\/h2>\n<ul>\n<li>\n\t\t\t\t\t\t\t\t\t\t550+ sl\u0113gti video Lietuvie\u0161u valod\u0101\n\t\t\t\t\t\t\t\t\t<\/li>\n<li>\n\t\t\t\t\t\t\t\t\t\tSl\u0113gts forums dal\u012bbniekiem\n\t\t\t\t\t\t\t\t\t<\/li>\n<li>\n\t\t\t\t\t\t\t\t\t\t1 priv\u0101ta nodarb\u012bba ar izv\u0113l\u0113to treneri  (<strong>v\u0113rt\u012bba 50 \u20ac<\/strong>)\n\t\t\t\t\t\t\t\t\t<\/li>\n<li>\n\t\t\t\t\t\t\t\t\t\tJ\u016bs ietaup\u0101t <b>36 \u20ac<\/b> p\u0113rkot tagad\n\t\t\t\t\t\t\t\t\t<\/li>\n<\/ul>\n<p>\t\t\t<a href=\"https:\/\/pokeriomokykla.com\/mokejimo-budai\/?id=3\" role=\"button\"><br \/>\n\t\t\t\t\t\tPIRKT DAL\u012aBU PAR 83 \u20ac<br \/>\n\t\t\t\t\t<\/a><\/p>\n<p>Dalies par <b>30% atlaidi<\/b> ar saviem pokera draugiem Facebook'\u0101!<\/p>\n<p>\t\t\t\t\t\t\t<a href=\"https:\/\/www.facebook.com\/sharer\/sharer.php?u=https%3A%2F%2Fpokeriomokykla.com%2Fkaledine-akcija-30-nuolaida-visom-narystems\" target=\"_blank\" rel=\"noopener\"><br \/>\n\t\t\t\t\tFacebook<br \/>\n\t\t\t\t<\/a><\/p>\n","protected":false},"excerpt":{"rendered":"<p>Ziemassv\u0113tku 30% atlaide vis\u0101m dal\u012bb\u0101m! Akcija ir sp\u0113k\u0101 tikai l\u012bdz&#8230;<\/p>\n","protected":false},"author":491,"featured_media":0,"parent":0,"menu_order":0,"comment_status":"closed","ping_status":"closed","template":"elementor_header_footer","meta":{"_acf_changed":false,"footnotes":""},"class_list":["post-875383","page","type-page","status-publish","hentry"],"acf":[],"_links":{"self":[{"href":"https:\/\/staging.pokeriomokykla.com\/lv\/wp-json\/wp\/v2\/pages\/875383","targetHints":{"allow":["GET"]}}],"collection":[{"href":"https:\/\/staging.pokeriomokykla.com\/lv\/wp-json\/wp\/v2\/pages"}],"about":[{"href":"https:\/\/staging.pokeriomokykla.com\/lv\/wp-json\/wp\/v2\/types\/page"}],"author":[{"embeddable":true,"href":"https:\/\/staging.pokeriomokykla.com\/lv\/wp-json\/wp\/v2\/users\/491"}],"replies":[{"embeddable":true,"href":"https:\/\/staging.pokeriomokykla.com\/lv\/wp-json\/wp\/v2\/comments?post=875383"}],"version-history":[{"count":2,"href":"https:\/\/staging.pokeriomokykla.com\/lv\/wp-json\/wp\/v2\/pages\/875383\/revisions"}],"predecessor-version":[{"id":1047154,"href":"https:\/\/staging.pokeriomokykla.com\/lv\/wp-json\/wp\/v2\/pages\/875383\/revisions\/1047154"}],"wp:attachment":[{"href":"https:\/\/staging.pokeriomokykla.com\/lv\/wp-json\/wp\/v2\/media?parent=875383"}],"curies":[{"name":"wp","href":"https:\/\/api.w.org\/{rel}","templated":true}]}}