{"id":868981,"date":"2024-09-15T20:33:52","date_gmt":"2024-09-15T18:33:52","guid":{"rendered":"https:\/\/staging.pokeriomokykla.com\/sakumlapa"},"modified":"2025-04-28T22:48:05","modified_gmt":"2025-04-28T20:48:05","slug":"sakumlapa","status":"publish","type":"page","link":"https:\/\/staging.pokeriomokykla.com\/lv\/sakumlapa","title":{"rendered":"S\u0101kumlapa"},"content":{"rendered":"\n<div class=\"wp-block-group\"><div class=\"wp-block-group__inner-container is-layout-constrained wp-block-group-is-layout-constrained\">\n<div id=\"ez-toc-container\" class=\"ez-toc-v2_0_76 ez-toc-wrap-left counter-hierarchy ez-toc-counter ez-toc-light-blue ez-toc-container-direction\">\n<div class=\"ez-toc-title-container\">\n<p class=\"ez-toc-title\" style=\"cursor:inherit\">Table of contents lv<\/p>\n<span class=\"ez-toc-title-toggle\"><a href=\"#\" class=\"ez-toc-pull-right ez-toc-btn ez-toc-btn-xs ez-toc-btn-default ez-toc-toggle\" aria-label=\"Toggle Table of Content\"><span class=\"ez-toc-js-icon-con\"><span class=\"\"><span class=\"eztoc-hide\" style=\"display:none;\">Toggle<\/span><span class=\"ez-toc-icon-toggle-span\"><svg style=\"fill: #000000;color:#000000\" xmlns=\"http:\/\/www.w3.org\/2000\/svg\" class=\"list-377408\" width=\"20px\" height=\"20px\" viewBox=\"0 0 24 24\" fill=\"none\"><path d=\"M6 6H4v2h2V6zm14 0H8v2h12V6zM4 11h2v2H4v-2zm16 0H8v2h12v-2zM4 16h2v2H4v-2zm16 0H8v2h12v-2z\" fill=\"currentColor\"><\/path><\/svg><svg style=\"fill: #000000;color:#000000\" class=\"arrow-unsorted-368013\" xmlns=\"http:\/\/www.w3.org\/2000\/svg\" width=\"10px\" height=\"10px\" viewBox=\"0 0 24 24\" version=\"1.2\" baseProfile=\"tiny\"><path d=\"M18.2 9.3l-6.2-6.3-6.2 6.3c-.2.2-.3.4-.3.7s.1.5.3.7c.2.2.4.3.7.3h11c.3 0 .5-.1.7-.3.2-.2.3-.5.3-.7s-.1-.5-.3-.7zM5.8 14.7l6.2 6.3 6.2-6.3c.2-.2.3-.5.3-.7s-.1-.5-.3-.7c-.2-.2-.4-.3-.7-.3h-11c-.3 0-.5.1-.7.3-.2.2-.3.5-.3.7s.1.5.3.7z\"\/><\/svg><\/span><\/span><\/span><\/a><\/span><\/div>\n<nav><ul class='ez-toc-list ez-toc-list-level-1 eztoc-toggle-hide-by-default' ><li class='ez-toc-page-1 ez-toc-heading-level-1'><a class=\"ez-toc-link ez-toc-heading-1\" href=\"https:\/\/staging.pokeriomokykla.com\/lv\/sakumlapa\/#Labakie_pokera_istabas_2026_gada\" >Lab\u0101kie pokera istabas 2026 gad\u0101<\/a><ul class='ez-toc-list-level-2' ><li class='ez-toc-heading-level-2'><a class=\"ez-toc-link ez-toc-heading-2\" href=\"https:\/\/staging.pokeriomokykla.com\/lv\/sakumlapa\/#Labakie_kazino_tiessaiste_2026_gada\" >Lab\u0101kie kazino tie\u0161saist\u0113 2026 gad\u0101<\/a><\/li><li class='ez-toc-page-1 ez-toc-heading-level-2'><a class=\"ez-toc-link ez-toc-heading-3\" href=\"https:\/\/staging.pokeriomokykla.com\/lv\/sakumlapa\/#Labakas_deribu_kompanijas_2026_gada\" >Lab\u0101k\u0101s der\u012bbu komp\u0101nijas 2026 gad\u0101<\/a><\/li><\/ul><\/li><\/ul><\/nav><\/div>\n<h1 class=\"wp-block-heading has-text-align-center section-title\"><span class=\"ez-toc-section\" id=\"Labakie_pokera_istabas_2026_gada\"><\/span>Lab\u0101kie pokera istabas 2026 gad\u0101<span class=\"ez-toc-section-end\"><\/span><\/h1>\n\n\n\n<p class=\"has-text-align-center\">Pied\u0101v\u0101jam jums ekskluz\u012bvus pokera istabu pied\u0101v\u0101jumus, kuros ir visizdev\u012bg\u0101k sp\u0113l\u0113t un sa\u0146emt labu rakeback.<br><\/p>\n\n\n<div class='widget-card placeholder--card'\n     data-source-gql='https:\/\/guru-back.refactoring.dev.gggroup.media\/graphql\/affiliates'\n     data-source-widgetjs='https:\/\/staging--widget-affprojects.netlify.app\/widget.js'\n     data-shortcode='widget-card'\n     data-shortcode-text='[poker-rooms]'\n     data-props='{\n\"show_more_button\":true,\n\"show_more_button_text\":\"Show More Bookmakers\",\n\"show_more_text\":false,\n\"show_less_text\":false,\n\"vpn_notification\":true,\n\"show_more_items_amount\":null,\n\"scrollable\":\"always\",\n\"violet_bonus_text\":true,\n\"ab_testing_show_more_button_rework\":true\n}'\n     data-queries='{\n\"type\":\"TOP-Poker\",\n\"limit\":10,\n\"mobile_limit\":10,\n\"show_new\":1,\n\"button_text_type\":\"TOP\",\n\"language\":\"lv\",\n\"project\":\"PM\",\n\"page\":1\n}'\n     ><\/div>\n<\/div><\/div>\n\n\n\n<div class=\"wp-block-group\"><div class=\"wp-block-group__inner-container is-layout-constrained wp-block-group-is-layout-constrained\">\n<h2 class=\"wp-block-heading has-text-align-center section-title\"><span class=\"ez-toc-section\" id=\"Labakie_kazino_tiessaiste_2026_gada\"><\/span>Lab\u0101kie kazino tie\u0161saist\u0113 2026 gad\u0101<span class=\"ez-toc-section-end\"><\/span><\/h2>\n\n\n\n<p class=\"has-text-align-center\">Pied\u0101v\u0101jam jums ekskluz\u012bvus tie\u0161saistes kazino pied\u0101v\u0101jumus, kuros ir vis\u0113rt\u0101k sp\u0113l\u0113t un sa\u0146emt lab\u0101kos kazino bonusus.<\/p>\n\n\n<div class='widget-card placeholder--card'\n     data-source-gql='https:\/\/guru-back.refactoring.dev.gggroup.media\/graphql\/affiliates'\n     data-source-widgetjs='https:\/\/staging--widget-affprojects.netlify.app\/widget.js'\n     data-shortcode='widget-card'\n     data-shortcode-text='[top-casinos]'\n     data-props='{\n\"show_more_button\":true,\n\"show_more_button_text\":\"Show More Bookmakers\",\n\"show_more_text\":false,\n\"show_less_text\":false,\n\"vpn_notification\":true,\n\"show_more_items_amount\":null,\n\"scrollable\":\"always\",\n\"violet_bonus_text\":true,\n\"ab_testing_show_more_button_rework\":true\n}'\n     data-queries='{\n\"type\":\"TOP-Casino\",\n\"limit\":10,\n\"mobile_limit\":10,\n\"show_new\":1,\n\"button_text_type\":\"TOP\",\n\"language\":\"lv\",\n\"project\":\"PM\",\n\"page\":1\n}'\n     ><\/div>\n<\/div><\/div>\n\n\n\n<div class=\"wp-block-group\"><div class=\"wp-block-group__inner-container is-layout-constrained wp-block-group-is-layout-constrained\">\n<h2 class=\"wp-block-heading has-text-align-center section-title\"><span class=\"ez-toc-section\" id=\"Labakas_deribu_kompanijas_2026_gada\"><\/span>Lab\u0101k\u0101s der\u012bbu komp\u0101nijas 2026 gad\u0101<span class=\"ez-toc-section-end\"><\/span><\/h2>\n\n\n\n<p class=\"has-text-align-center\">Pied\u0101v\u0101jam jums ekskluz\u012bvus der\u012bbu komp\u0101niju pied\u0101v\u0101jumus, kuros ir vis\u0113rt\u0101k sp\u0113l\u0113t un sa\u0146emt lab\u0101kos der\u012bbu bonusus.<\/p>\n\n\n<div class='widget-card placeholder--card'\n     data-source-gql='https:\/\/guru-back.refactoring.dev.gggroup.media\/graphql\/affiliates'\n     data-source-widgetjs='https:\/\/staging--widget-affprojects.netlify.app\/widget.js'\n     data-shortcode='widget-card'\n     data-shortcode-text='[top-bookmakers]'\n     data-props='{\n\"show_more_button\":true,\n\"show_more_button_text\":\"Show More Bookmakers\",\n\"show_more_text\":false,\n\"show_less_text\":false,\n\"vpn_notification\":true,\n\"show_more_items_amount\":null,\n\"scrollable\":\"always\",\n\"violet_bonus_text\":true,\n\"ab_testing_show_more_button_rework\":true\n}'\n     data-queries='{\n\"type\":\"TOP-Betting\",\n\"limit\":10,\n\"mobile_limit\":10,\n\"show_new\":1,\n\"button_text_type\":\"TOP\",\n\"language\":\"lv\",\n\"project\":\"PM\",\n\"page\":1\n}'\n     ><\/div>\n<\/div><\/div>\n","protected":false},"excerpt":{"rendered":"<p>Lab\u0101kie pokera istabas gad\u0101 Pied\u0101v\u0101jam jums ekskluz\u012bvus pokera istabu pied\u0101v\u0101jumus,&#8230;<\/p>\n","protected":false},"author":491,"featured_media":0,"parent":0,"menu_order":0,"comment_status":"closed","ping_status":"closed","template":"homepage.php","meta":{"_acf_changed":false,"footnotes":""},"class_list":["post-868981","page","type-page","status-publish","hentry"],"acf":[],"_links":{"self":[{"href":"https:\/\/staging.pokeriomokykla.com\/lv\/wp-json\/wp\/v2\/pages\/868981","targetHints":{"allow":["GET"]}}],"collection":[{"href":"https:\/\/staging.pokeriomokykla.com\/lv\/wp-json\/wp\/v2\/pages"}],"about":[{"href":"https:\/\/staging.pokeriomokykla.com\/lv\/wp-json\/wp\/v2\/types\/page"}],"author":[{"embeddable":true,"href":"https:\/\/staging.pokeriomokykla.com\/lv\/wp-json\/wp\/v2\/users\/491"}],"replies":[{"embeddable":true,"href":"https:\/\/staging.pokeriomokykla.com\/lv\/wp-json\/wp\/v2\/comments?post=868981"}],"version-history":[{"count":1,"href":"https:\/\/staging.pokeriomokykla.com\/lv\/wp-json\/wp\/v2\/pages\/868981\/revisions"}],"predecessor-version":[{"id":902167,"href":"https:\/\/staging.pokeriomokykla.com\/lv\/wp-json\/wp\/v2\/pages\/868981\/revisions\/902167"}],"wp:attachment":[{"href":"https:\/\/staging.pokeriomokykla.com\/lv\/wp-json\/wp\/v2\/media?parent=868981"}],"curies":[{"name":"wp","href":"https:\/\/api.w.org\/{rel}","templated":true}]}}