{"id":819611,"date":"2018-05-23T20:07:11","date_gmt":"2018-05-23T18:07:11","guid":{"rendered":"https:\/\/staging.pokeriomokykla.com\/politica-sulla-privacy-e-sui-cookie"},"modified":"2025-04-28T23:39:20","modified_gmt":"2025-04-28T21:39:20","slug":"politica-sulla-privacy-e-sui-cookie","status":"publish","type":"page","link":"https:\/\/staging.pokeriomokykla.com\/it\/informativa-sulla-privacy","title":{"rendered":"Politica sulla privacy e sui cookie"},"content":{"rendered":"<div id=\"ez-toc-container\" class=\"ez-toc-v2_0_76 ez-toc-wrap-left counter-hierarchy ez-toc-counter ez-toc-light-blue ez-toc-container-direction\">\n<div class=\"ez-toc-title-container\">\n<p class=\"ez-toc-title\" style=\"cursor:inherit\">Table of contents it<\/p>\n<span class=\"ez-toc-title-toggle\"><a href=\"#\" class=\"ez-toc-pull-right ez-toc-btn ez-toc-btn-xs ez-toc-btn-default ez-toc-toggle\" aria-label=\"Toggle Table of Content\"><span class=\"ez-toc-js-icon-con\"><span class=\"\"><span class=\"eztoc-hide\" style=\"display:none;\">Toggle<\/span><span class=\"ez-toc-icon-toggle-span\"><svg style=\"fill: #000000;color:#000000\" xmlns=\"http:\/\/www.w3.org\/2000\/svg\" class=\"list-377408\" width=\"20px\" height=\"20px\" viewBox=\"0 0 24 24\" fill=\"none\"><path d=\"M6 6H4v2h2V6zm14 0H8v2h12V6zM4 11h2v2H4v-2zm16 0H8v2h12v-2zM4 16h2v2H4v-2zm16 0H8v2h12v-2z\" fill=\"currentColor\"><\/path><\/svg><svg style=\"fill: #000000;color:#000000\" class=\"arrow-unsorted-368013\" xmlns=\"http:\/\/www.w3.org\/2000\/svg\" width=\"10px\" height=\"10px\" viewBox=\"0 0 24 24\" version=\"1.2\" baseProfile=\"tiny\"><path d=\"M18.2 9.3l-6.2-6.3-6.2 6.3c-.2.2-.3.4-.3.7s.1.5.3.7c.2.2.4.3.7.3h11c.3 0 .5-.1.7-.3.2-.2.3-.5.3-.7s-.1-.5-.3-.7zM5.8 14.7l6.2 6.3 6.2-6.3c.2-.2.3-.5.3-.7s-.1-.5-.3-.7c-.2-.2-.4-.3-.7-.3h-11c-.3 0-.5.1-.7.3-.2.2-.3.5-.3.7s.1.5.3.7z\"\/><\/svg><\/span><\/span><\/span><\/a><\/span><\/div>\n<nav><ul class='ez-toc-list ez-toc-list-level-1 eztoc-toggle-hide-by-default' ><li class='ez-toc-page-1 ez-toc-heading-level-2'><a class=\"ez-toc-link ez-toc-heading-1\" href=\"https:\/\/staging.pokeriomokykla.com\/it\/informativa-sulla-privacy\/#Politica_di_protezione_dei_dati\" >Politica di protezione dei dati<\/a><\/li><li class='ez-toc-page-1 ez-toc-heading-level-2'><a class=\"ez-toc-link ez-toc-heading-2\" href=\"https:\/\/staging.pokeriomokykla.com\/it\/informativa-sulla-privacy\/#Cookie_e_il_loro_utilizzo\" >Cookie e il loro utilizzo<\/a><\/li><\/ul><\/nav><\/div>\n<h2><span class=\"ez-toc-section\" id=\"Politica_di_protezione_dei_dati\"><\/span>Politica di protezione dei dati<span class=\"ez-toc-section-end\"><\/span><\/h2>\n<p>Sul sito PokerioMokykla.com, registrandosi al sistema interna dei membri, per scaricare un e-book o per iscriversi alle newsletter, \u00e8 necessario lasciare il proprio nome e indirizzo e-mail. Il vostro indirizzo e-mail viene utilizzato per inviarvi notizie del sito relative al poker e ai suoi corsi.<\/p>\n<p>Potete sempre annullare l'iscrizione alle newsletter \u2013 in fondo a ogni e-mail c'\u00e8 un link attivo che, una volta cliccato, vi impedir\u00e0 di ricevere ulteriori notizie e il vostro indirizzo e-mail sar\u00e0 eliminato dal database.<\/p>\n<p>Inoltre, i vostri dati (e-mail e nome) saranno automaticamente eliminati dal sistema se non aprirete 15 delle nostre e-mail consecutive, in questo modo capiremo che il nostro contenuto non \u00e8 rilevante per voi.<\/p>\n<p><strong>Raccolta delle informazioni<\/strong><\/p>\n<p>PokerioMokykla.com si riserva il diritto di raccogliere e utilizzare le informazioni dei visitatori registrati per scopi di marketing. Le informazioni dei visitatori includono tutti i dati, tra cui la cronologia di navigazione, l'indirizzo e-mail, il numero di telefono, ecc.<\/p>\n<p>PokerioMokykla.com rispetta la privacy dei suoi visitatori e la protezione delle informazioni, quindi i dati forniti possono essere utilizzati esclusivamente per scopi di marketing delle attivit\u00e0 del sito web. Le informazioni raccolte non possono essere trasferite a terzi.<\/p>\n<p>Per ulteriori domande sui vostri dati e sulla politica della privacy, potete contattarci via e-mail: <a href=\"mailto:info@pokeriomokykla.com\">info@pokeriomokykla.com<\/a><\/p>\n<h2><span class=\"ez-toc-section\" id=\"Cookie_e_il_loro_utilizzo\"><\/span>Cookie e il loro utilizzo<span class=\"ez-toc-section-end\"><\/span><\/h2>\n<p>Sul sito web PokerioMokykla.com utilizziamo i cookie, quindi in questa sezione vi forniamo informazioni dettagliate su come vengono utilizzati i cookie e su come decidere se mantenerli o rimuoverli.<\/p>\n<p><strong>Che cos'\u00e8 un cookie?<\/strong><\/p>\n<p>I cookie sono elementi di informazione trasferiti da un sito web al disco rigido del vostro computer. Sono piccoli file di informazioni che consentono ai siti web di salvare e accedere nuovamente alle informazioni sulle abitudini di navigazione dell'utente.<\/p>\n<p>La maggior parte dei siti web utilizza i cookie, poich\u00e9 sono uno dei tanti strumenti che aiutano a personalizzare i contenuti del web in base alle esigenze degli utenti. I cookie consentono ai siti web di fornire servizi personalizzati in base alle esigenze degli utenti (ad esempio, ricordando i dati di accesso, mantenendo gli acquisti nel carrello o mostrando solo contenuti di interesse specifico per l'utente).<\/p>\n<p>Esistono diversi tipi di cookie: i cookie temporanei (o di sessione) vengono eliminati quando si chiude il browser; i cookie permanenti non vengono eliminati e rimangono fino a quando non vengono rimossi attivamente o fino alla loro scadenza.<\/p>\n<p><strong>Come rimuovere un cookie?<\/strong><\/p>\n<p>La maggior parte dei browser \u00e8 impostata per accettare automaticamente i cookie. Potete disattivare i cookie nel vostro browser, ma sappiate che se lo fate, potreste perdere la possibilit\u00e0 di utilizzare molte funzionalit\u00e0 necessarie affinch\u00e9 il sito web funzioni correttamente. Se avete bisogno di ulteriori informazioni sui cookie, visitate il sito web www.aboutcookies.org, dove troverete informazioni dettagliate e indipendenti su come disattivare i cookie tramite le impostazioni del browser e su come rimuovere i cookie gi\u00e0 presenti sul vostro computer. Per rimuovere i cookie dal telefono cellulare, dovrete consultare il manuale d'uso del telefono.<\/p>\n","protected":false},"excerpt":{"rendered":"<p>Politica di protezione dei dati Sul sito PokerioMokykla.com, registrandosi al&#8230;<\/p>\n","protected":false},"author":491,"featured_media":0,"parent":0,"menu_order":0,"comment_status":"closed","ping_status":"closed","template":"","meta":{"_acf_changed":false,"footnotes":""},"class_list":["post-819611","page","type-page","status-publish","hentry"],"acf":[],"_links":{"self":[{"href":"https:\/\/staging.pokeriomokykla.com\/it\/wp-json\/wp\/v2\/pages\/819611","targetHints":{"allow":["GET"]}}],"collection":[{"href":"https:\/\/staging.pokeriomokykla.com\/it\/wp-json\/wp\/v2\/pages"}],"about":[{"href":"https:\/\/staging.pokeriomokykla.com\/it\/wp-json\/wp\/v2\/types\/page"}],"author":[{"embeddable":true,"href":"https:\/\/staging.pokeriomokykla.com\/it\/wp-json\/wp\/v2\/users\/491"}],"replies":[{"embeddable":true,"href":"https:\/\/staging.pokeriomokykla.com\/it\/wp-json\/wp\/v2\/comments?post=819611"}],"version-history":[{"count":1,"href":"https:\/\/staging.pokeriomokykla.com\/it\/wp-json\/wp\/v2\/pages\/819611\/revisions"}],"predecessor-version":[{"id":828312,"href":"https:\/\/staging.pokeriomokykla.com\/it\/wp-json\/wp\/v2\/pages\/819611\/revisions\/828312"}],"wp:attachment":[{"href":"https:\/\/staging.pokeriomokykla.com\/it\/wp-json\/wp\/v2\/media?parent=819611"}],"curies":[{"name":"wp","href":"https:\/\/api.w.org\/{rel}","templated":true}]}}