{"id":790908,"date":"2018-12-21T15:29:24","date_gmt":"2018-12-21T13:29:24","guid":{"rendered":"https:\/\/staging.pokeriomokykla.com\/kaledine-akcija-30-nuolaida-visoms-narystems"},"modified":"2025-04-28T23:35:29","modified_gmt":"2025-04-28T21:35:29","slug":"kaledine-akcija-30-nuolaida-visoms-narystems","status":"publish","type":"page","link":"https:\/\/staging.pokeriomokykla.com\/fr\/promotion-de-noel-30-de-reduction-sur-toutes-les-adhesions","title":{"rendered":"Promotion de No\u00ebl &#8211; 30% de r\u00e9duction sur toutes les adh\u00e9sions !"},"content":{"rendered":"<div id=\"ez-toc-container\" class=\"ez-toc-v2_0_76 ez-toc-wrap-left counter-hierarchy ez-toc-counter ez-toc-light-blue ez-toc-container-direction\">\n<div class=\"ez-toc-title-container\">\n<p class=\"ez-toc-title\" style=\"cursor:inherit\">Table of contents fr<\/p>\n<span class=\"ez-toc-title-toggle\"><a href=\"#\" class=\"ez-toc-pull-right ez-toc-btn ez-toc-btn-xs ez-toc-btn-default ez-toc-toggle\" aria-label=\"Toggle Table of Content\"><span class=\"ez-toc-js-icon-con\"><span class=\"\"><span class=\"eztoc-hide\" style=\"display:none;\">Toggle<\/span><span class=\"ez-toc-icon-toggle-span\"><svg style=\"fill: #000000;color:#000000\" xmlns=\"http:\/\/www.w3.org\/2000\/svg\" class=\"list-377408\" width=\"20px\" height=\"20px\" viewBox=\"0 0 24 24\" fill=\"none\"><path d=\"M6 6H4v2h2V6zm14 0H8v2h12V6zM4 11h2v2H4v-2zm16 0H8v2h12v-2zM4 16h2v2H4v-2zm16 0H8v2h12v-2z\" fill=\"currentColor\"><\/path><\/svg><svg style=\"fill: #000000;color:#000000\" class=\"arrow-unsorted-368013\" xmlns=\"http:\/\/www.w3.org\/2000\/svg\" width=\"10px\" height=\"10px\" viewBox=\"0 0 24 24\" version=\"1.2\" baseProfile=\"tiny\"><path d=\"M18.2 9.3l-6.2-6.3-6.2 6.3c-.2.2-.3.4-.3.7s.1.5.3.7c.2.2.4.3.7.3h11c.3 0 .5-.1.7-.3.2-.2.3-.5.3-.7s-.1-.5-.3-.7zM5.8 14.7l6.2 6.3 6.2-6.3c.2-.2.3-.5.3-.7s-.1-.5-.3-.7c-.2-.2-.4-.3-.7-.3h-11c-.3 0-.5.1-.7.3-.2.2-.3.5-.3.7s.1.5.3.7z\"\/><\/svg><\/span><\/span><\/span><\/a><\/span><\/div>\n<nav><ul class='ez-toc-list ez-toc-list-level-1 eztoc-toggle-hide-by-default' ><li class='ez-toc-page-1 ez-toc-heading-level-2'><a class=\"ez-toc-link ez-toc-heading-1\" href=\"https:\/\/staging.pokeriomokykla.com\/fr\/promotion-de-noel-30-de-reduction-sur-toutes-les-adhesions\/#Reduction_de_30_de_Noel_sur_tous_les_abonnements\" >R\u00e9duction de 30% de No\u00ebl  sur tous les abonnements !<\/a><ul class='ez-toc-list-level-3' ><li class='ez-toc-heading-level-3'><a class=\"ez-toc-link ez-toc-heading-2\" href=\"https:\/\/staging.pokeriomokykla.com\/fr\/promotion-de-noel-30-de-reduction-sur-toutes-les-adhesions\/#Plans_dabonnement\" >Plans d'abonnement<\/a><\/li><\/ul><\/li><li class='ez-toc-page-1 ez-toc-heading-level-2'><a class=\"ez-toc-link ez-toc-heading-3\" href=\"https:\/\/staging.pokeriomokykla.com\/fr\/promotion-de-noel-30-de-reduction-sur-toutes-les-adhesions\/#1_mois\" >1 mois<\/a><\/li><li class='ez-toc-page-1 ez-toc-heading-level-2'><a class=\"ez-toc-link ez-toc-heading-4\" href=\"https:\/\/staging.pokeriomokykla.com\/fr\/promotion-de-noel-30-de-reduction-sur-toutes-les-adhesions\/#16_E_24_E\" >16 \u20ac 24 \u20ac<\/a><\/li><li class='ez-toc-page-1 ez-toc-heading-level-2'><a class=\"ez-toc-link ez-toc-heading-5\" href=\"https:\/\/staging.pokeriomokykla.com\/fr\/promotion-de-noel-30-de-reduction-sur-toutes-les-adhesions\/#6_mois\" >6 mois<\/a><\/li><li class='ez-toc-page-1 ez-toc-heading-level-2'><a class=\"ez-toc-link ez-toc-heading-6\" href=\"https:\/\/staging.pokeriomokykla.com\/fr\/promotion-de-noel-30-de-reduction-sur-toutes-les-adhesions\/#83_E_119_E\" >83 \u20ac 119 \u20ac<\/a><\/li><\/ul><\/nav><\/div>\n<h2><span class=\"ez-toc-section\" id=\"Reduction_de_30_de_Noel_sur_tous_les_abonnements\"><\/span>R\u00e9duction de 30% de No\u00ebl <br \/>sur tous les abonnements !<span class=\"ez-toc-section-end\"><\/span><\/h2>\n<p>L'offre est valable jusqu'au <b>1er janvier<\/b> seulement<\/p>\n<h3><span class=\"ez-toc-section\" id=\"Plans_dabonnement\"><\/span>Plans d'abonnement<span class=\"ez-toc-section-end\"><\/span><\/h3>\n<h2><span class=\"ez-toc-section\" id=\"1_mois\"><\/span>1 mois<span class=\"ez-toc-section-end\"><\/span><\/h2>\n<h2><span class=\"ez-toc-section\" id=\"16_E_24_E\"><\/span>16 \u20ac 24 \u20ac<span class=\"ez-toc-section-end\"><\/span><\/h2>\n<ul>\n<li>\n        550+ vid\u00e9os priv\u00e9es en Lituanien\n    <\/li>\n<li>\n        Forum priv\u00e9 pour les membres\n    <\/li>\n<li>\n        \u00c9conomisez <b>8 \u20ac<\/b> en achetant maintenant\n    <\/li>\n<\/ul>\n<p><a href=\"https:\/\/pokeriomokykla.com\/mokejimo-budai\/?id=1\" role=\"button\"><br \/>\n    ACHETER L'ABONNEMENT POUR 16 \u20ac<br \/>\n<\/a><\/p>\n<h2><span class=\"ez-toc-section\" id=\"6_mois\"><\/span>6 mois<span class=\"ez-toc-section-end\"><\/span><\/h2>\n<h2><span class=\"ez-toc-section\" id=\"83_E_119_E\"><\/span>83 \u20ac 119 \u20ac<span class=\"ez-toc-section-end\"><\/span><\/h2>\n<ul>\n<li>\n        550+ vid\u00e9os priv\u00e9es en Lituanien\n    <\/li>\n<li>\n        Forum priv\u00e9 pour les membres\n    <\/li>\n<li>\n        1 le\u00e7on priv\u00e9e avec un entra\u00eeneur de votre choix (<strong>valeur 50 \u20ac<\/strong>)\n    <\/li>\n<li>\n        \u00c9conomisez <b>36 \u20ac<\/b> en achetant maintenant\n    <\/li>\n<\/ul>\n<p><a href=\"https:\/\/pokeriomokykla.com\/mokejimo-budai\/?id=3\" role=\"button\"><br \/>\n    ACHETER L'ABONNEMENT POUR 83 \u20ac<br \/>\n<\/a><\/p>\n<p>Partagez la <b>r\u00e9duction de 30%<\/b> avec vos amis de poker sur Facebook !<\/p>\n<p><a href=\"https:\/\/www.facebook.com\/sharer\/sharer.php?u=https%3A%2F%2Fpokeriomokykla.com%2Fkaledine-akcija-30-nuolaida-visom-narystems\" target=\"_blank\" rel=\"noopener\"><br \/>\n    Facebook<br \/>\n<\/a><\/p>\n","protected":false},"excerpt":{"rendered":"<p>R\u00e9duction de 30% de No\u00ebl sur tous les abonnements !&#8230;<\/p>\n","protected":false},"author":491,"featured_media":0,"parent":0,"menu_order":0,"comment_status":"closed","ping_status":"closed","template":"elementor_header_footer","meta":{"_acf_changed":false,"footnotes":""},"class_list":["post-790908","page","type-page","status-publish","hentry"],"acf":[],"_links":{"self":[{"href":"https:\/\/staging.pokeriomokykla.com\/fr\/wp-json\/wp\/v2\/pages\/790908","targetHints":{"allow":["GET"]}}],"collection":[{"href":"https:\/\/staging.pokeriomokykla.com\/fr\/wp-json\/wp\/v2\/pages"}],"about":[{"href":"https:\/\/staging.pokeriomokykla.com\/fr\/wp-json\/wp\/v2\/types\/page"}],"author":[{"embeddable":true,"href":"https:\/\/staging.pokeriomokykla.com\/fr\/wp-json\/wp\/v2\/users\/491"}],"replies":[{"embeddable":true,"href":"https:\/\/staging.pokeriomokykla.com\/fr\/wp-json\/wp\/v2\/comments?post=790908"}],"version-history":[{"count":2,"href":"https:\/\/staging.pokeriomokykla.com\/fr\/wp-json\/wp\/v2\/pages\/790908\/revisions"}],"predecessor-version":[{"id":1059580,"href":"https:\/\/staging.pokeriomokykla.com\/fr\/wp-json\/wp\/v2\/pages\/790908\/revisions\/1059580"}],"wp:attachment":[{"href":"https:\/\/staging.pokeriomokykla.com\/fr\/wp-json\/wp\/v2\/media?parent=790908"}],"curies":[{"name":"wp","href":"https:\/\/api.w.org\/{rel}","templated":true}]}}