{"id":787134,"date":"2016-08-10T17:45:47","date_gmt":"2016-08-10T15:45:47","guid":{"rendered":"https:\/\/staging.pokeriomokykla.com\/taisykles-ir-salygos"},"modified":"2025-04-28T23:55:13","modified_gmt":"2025-04-28T21:55:13","slug":"taisykles-ir-salygos","status":"publish","type":"page","link":"https:\/\/staging.pokeriomokykla.com\/fr\/regles-equations","title":{"rendered":"R\u00e8gles et conditions"},"content":{"rendered":"<div id=\"ez-toc-container\" class=\"ez-toc-v2_0_76 ez-toc-wrap-left counter-hierarchy ez-toc-counter ez-toc-light-blue ez-toc-container-direction\">\n<div class=\"ez-toc-title-container\">\n<p class=\"ez-toc-title\" style=\"cursor:inherit\">Table of contents fr<\/p>\n<span class=\"ez-toc-title-toggle\"><a href=\"#\" class=\"ez-toc-pull-right ez-toc-btn ez-toc-btn-xs ez-toc-btn-default ez-toc-toggle\" aria-label=\"Toggle Table of Content\"><span class=\"ez-toc-js-icon-con\"><span class=\"\"><span class=\"eztoc-hide\" style=\"display:none;\">Toggle<\/span><span class=\"ez-toc-icon-toggle-span\"><svg style=\"fill: #000000;color:#000000\" xmlns=\"http:\/\/www.w3.org\/2000\/svg\" class=\"list-377408\" width=\"20px\" height=\"20px\" viewBox=\"0 0 24 24\" fill=\"none\"><path d=\"M6 6H4v2h2V6zm14 0H8v2h12V6zM4 11h2v2H4v-2zm16 0H8v2h12v-2zM4 16h2v2H4v-2zm16 0H8v2h12v-2z\" fill=\"currentColor\"><\/path><\/svg><svg style=\"fill: #000000;color:#000000\" class=\"arrow-unsorted-368013\" xmlns=\"http:\/\/www.w3.org\/2000\/svg\" width=\"10px\" height=\"10px\" viewBox=\"0 0 24 24\" version=\"1.2\" baseProfile=\"tiny\"><path d=\"M18.2 9.3l-6.2-6.3-6.2 6.3c-.2.2-.3.4-.3.7s.1.5.3.7c.2.2.4.3.7.3h11c.3 0 .5-.1.7-.3.2-.2.3-.5.3-.7s-.1-.5-.3-.7zM5.8 14.7l6.2 6.3 6.2-6.3c.2-.2.3-.5.3-.7s-.1-.5-.3-.7c-.2-.2-.4-.3-.7-.3h-11c-.3 0-.5.1-.7.3-.2.2-.3.5-.3.7s.1.5.3.7z\"\/><\/svg><\/span><\/span><\/span><\/a><\/span><\/div>\n<nav><ul class='ez-toc-list ez-toc-list-level-1 eztoc-toggle-hide-by-default' ><li class='ez-toc-page-1 ez-toc-heading-level-3'><a class=\"ez-toc-link ez-toc-heading-1\" href=\"https:\/\/staging.pokeriomokykla.com\/fr\/regles-equations\/#Communication\" >Communication<\/a><\/li><li class='ez-toc-page-1 ez-toc-heading-level-3'><a class=\"ez-toc-link ez-toc-heading-2\" href=\"https:\/\/staging.pokeriomokykla.com\/fr\/regles-equations\/#Responsabilite\" >Responsabilit\u00e9<\/a><\/li><li class='ez-toc-page-1 ez-toc-heading-level-3'><a class=\"ez-toc-link ez-toc-heading-3\" href=\"https:\/\/staging.pokeriomokykla.com\/fr\/regles-equations\/#Publicite\" >Publicit\u00e9<\/a><\/li><li class='ez-toc-page-1 ez-toc-heading-level-3'><a class=\"ez-toc-link ez-toc-heading-4\" href=\"https:\/\/staging.pokeriomokykla.com\/fr\/regles-equations\/#Collecte_dinformations\" >Collecte d'informations<\/a><\/li><\/ul><\/nav><\/div>\n<h3 class=\"p1\"><span class=\"ez-toc-section\" id=\"Communication\"><\/span><span class=\"s1\"><b>Communication <\/b><\/span><span class=\"ez-toc-section-end\"><\/span><\/h3>\n<ol>\n<li><span class=\"s1\">PokerioMokykla.com est une communaut\u00e9 de poker ferm\u00e9e, nous nous effor\u00e7ons de maintenir un haut niveau de compr\u00e9hension mutuelle. Ainsi, toute communication au sein de l'\u00e9cole est bas\u00e9e sur la compr\u00e9hension r\u00e9ciproque.<\/span><\/li>\n<li><span class=\"s1\">Chaque \u00e9l\u00e8ve a le droit \u00e0 ses opinions et \u00e0 une perspective diff\u00e9rente. Par cons\u00e9quent, chaque membre de l'\u00e9cole doit respecter l'opinion des autres. Cependant, toute discrimination raciale, religieuse, nationale, sexuelle ou autre est strictement interdite. Les membres qui enfreignent cette r\u00e8gle de mani\u00e8re intentionnelle (insultes d\u00e9lib\u00e9r\u00e9es, incitation \u00e0 la discrimination, humiliation, harc\u00e8lement, menaces et autres atteintes \u00e0 la libert\u00e9 et \u00e0 la dignit\u00e9 des autres) seront imm\u00e9diatement et d\u00e9finitivement exclus de l'\u00e9cole de poker, sans droit de retour. Dans ce cas, le membre sera exclu et ses frais d'adh\u00e9sion et d'abonnement ne seront pas rembours\u00e9s.<\/span><\/li>\n<li><span class=\"s1\">Si n\u00e9cessaire, l'administration de PokerioMokykla.com se r\u00e9serve le droit de signaler les menaces ou l'incitation \u00e0 la discrimination \u00e0 la police de la R\u00e9publique de Lituanie et \u00e0 d'autres institutions.<\/span><\/li>\n<\/ol>\n<h3 class=\"p1\"><span class=\"ez-toc-section\" id=\"Responsabilite\"><\/span><span class=\"s1\"><b>Responsabilit\u00e9<\/b><\/span><span class=\"ez-toc-section-end\"><\/span><\/h3>\n<ol>\n<li><span class=\"s1\">PokerioMokykla.com ne fait pas la promotion des jeux de hasard, ne repr\u00e9sente aucune entreprise de poker, de casino ou de paris. Le contenu du site est purement informatif. L'administration de l'\u00e9cole de poker ne re\u00e7oit aucun revenu des op\u00e9rateurs de jeux de hasard, etc.<\/span><\/li>\n<li>Pokeriomokykla.com met constamment \u00e0 jour et compl\u00e8te les informations sur les actualit\u00e9s du poker, des casinos et des paris.<\/li>\n<li><span class=\"s1\">L'argent pour les services fournis (frais d'abonnement, le\u00e7ons, programmes auxiliaires) n'est pas rembours\u00e9.<\/span><\/li>\n<li><span class=\"s1\">PokerioMokykla.com n'est pas responsable des dommages que vous pourriez subir directement ou indirectement en raison des informations obtenues de l'\u00e9cole de poker PokerioMokykla.com, du contenu des pr\u00e9visions de paris, du contenu du forum, de la fiabilit\u00e9 des informations, de la perte ou du retard.<\/span><\/li>\n<li><span class=\"s1\">PokerioMokykla.com ne tol\u00e9rera pas les messages dont le contenu est contraire aux lois de la R\u00e9publique de Lituanie, aux trait\u00e9s internationaux et aux normes \u00e9thiques. Ces messages seront supprim\u00e9s.<\/span><\/li>\n<li><span class=\"s1\">Les r\u00e8gles sont constamment mises \u00e0 jour. L'ignorance des r\u00e8gles ne dispense pas de la responsabilit\u00e9.<\/span><\/li>\n<\/ol>\n<h3 class=\"p1\"><span class=\"ez-toc-section\" id=\"Publicite\"><\/span><span class=\"s1\"><b>Publicit\u00e9<\/b><\/span><span class=\"ez-toc-section-end\"><\/span><\/h3>\n<ol>\n<li class=\"p2\"><span class=\"s1\">Toute publicit\u00e9 non approuv\u00e9e par l'administration de l'\u00e9cole de poker PokerioMokykla.com est interdite. Les utilisateurs diffusant de la publicit\u00e9 seront avertis.<\/span><\/li>\n<li class=\"p3\"><span class=\"s2\">Toute publicit\u00e9 de type affili\u00e9, que ce soit dans les messages ou dans les messages priv\u00e9s, est strictement interdite sur PokerioMokykla.com, en particulier celle qui enfreint la loi sur la surveillance des jeux de hasard de la R\u00e9publique de Lituanie. Les auteurs de ces messages seront imm\u00e9diatement et d\u00e9finitivement exclus de l'\u00e9cole de poker, l'argent ne sera pas rembours\u00e9, et leurs donn\u00e9es (y compris les adresses IP) seront transmises \u00e0 la commission nationale de surveillance des jeux de hasard pour violation des lois de la R\u00e9publique de Lituanie.<\/span><\/li>\n<\/ol>\n<h3><span class=\"ez-toc-section\" id=\"Collecte_dinformations\"><\/span><strong>Collecte d'informations<\/strong><span class=\"ez-toc-section-end\"><\/span><\/h3>\n<ol>\n<li>PokerioMokykla.com se r\u00e9serve le droit de collecter et d'utiliser les informations des visiteurs enregistr\u00e9s \u00e0 des fins de marketing. Les informations des visiteurs incluent toutes les donn\u00e9es, y compris l'historique de navigation, l'adresse e-mail, le num\u00e9ro de t\u00e9l\u00e9phone, etc.<\/li>\n<li>PokerioMokykla.com respecte la vie priv\u00e9e de ses visiteurs et la protection des informations, de sorte que les donn\u00e9es fournies peuvent \u00eatre utilis\u00e9es exclusivement \u00e0 des fins de marketing pour le site. Les informations collect\u00e9es ne peuvent pas \u00eatre transmises \u00e0 des tiers.<\/li>\n<\/ol>\n","protected":false},"excerpt":{"rendered":"<p>Communication PokerioMokykla.com est une communaut\u00e9 de poker ferm\u00e9e, nous nous&#8230;<\/p>\n","protected":false},"author":491,"featured_media":0,"parent":0,"menu_order":23,"comment_status":"closed","ping_status":"closed","template":"","meta":{"_acf_changed":false,"footnotes":""},"class_list":["post-787134","page","type-page","status-publish","hentry"],"acf":[],"_links":{"self":[{"href":"https:\/\/staging.pokeriomokykla.com\/fr\/wp-json\/wp\/v2\/pages\/787134","targetHints":{"allow":["GET"]}}],"collection":[{"href":"https:\/\/staging.pokeriomokykla.com\/fr\/wp-json\/wp\/v2\/pages"}],"about":[{"href":"https:\/\/staging.pokeriomokykla.com\/fr\/wp-json\/wp\/v2\/types\/page"}],"author":[{"embeddable":true,"href":"https:\/\/staging.pokeriomokykla.com\/fr\/wp-json\/wp\/v2\/users\/491"}],"replies":[{"embeddable":true,"href":"https:\/\/staging.pokeriomokykla.com\/fr\/wp-json\/wp\/v2\/comments?post=787134"}],"version-history":[{"count":2,"href":"https:\/\/staging.pokeriomokykla.com\/fr\/wp-json\/wp\/v2\/pages\/787134\/revisions"}],"predecessor-version":[{"id":1007359,"href":"https:\/\/staging.pokeriomokykla.com\/fr\/wp-json\/wp\/v2\/pages\/787134\/revisions\/1007359"}],"wp:attachment":[{"href":"https:\/\/staging.pokeriomokykla.com\/fr\/wp-json\/wp\/v2\/media?parent=787134"}],"curies":[{"name":"wp","href":"https:\/\/api.w.org\/{rel}","templated":true}]}}