{"id":854644,"date":"2016-06-27T12:57:20","date_gmt":"2016-06-27T10:57:20","guid":{"rendered":"https:\/\/staging.pokeriomokykla.com\/yhteystiedot"},"modified":"2025-04-28T23:56:10","modified_gmt":"2025-04-28T21:56:10","slug":"yhteystiedot","status":"publish","type":"page","link":"https:\/\/staging.pokeriomokykla.com\/fi\/ota-yhteytta","title":{"rendered":"Yhteystiedot"},"content":{"rendered":"<p>Onko sinulla kysymyksi\u00e4 tai ehdotuksia? Ota meihin yhteytt\u00e4.<br \/>Ota yhteytt\u00e4 PokerioMokykla.com!<br \/><strong>S\u00e4hk\u00f6postitse<\/strong>:\u00a0<a href=\"mailto:info@pokeriomokykla.com\">info@pokeriomokykla.com<\/a><\/p>\n","protected":false},"excerpt":{"rendered":"<p>Onko sinulla kysymyksi\u00e4 tai ehdotuksia? Ota meihin yhteytt\u00e4.Ota yhteytt\u00e4 PokerioMokykla.com!S\u00e4hk\u00f6postitse:\u00a0info@pokeriomokykla.com<\/p>\n","protected":false},"author":491,"featured_media":0,"parent":0,"menu_order":6,"comment_status":"closed","ping_status":"closed","template":"","meta":{"_acf_changed":false,"footnotes":""},"class_list":["post-854644","page","type-page","status-publish","hentry"],"acf":[],"_links":{"self":[{"href":"https:\/\/staging.pokeriomokykla.com\/fi\/wp-json\/wp\/v2\/pages\/854644","targetHints":{"allow":["GET"]}}],"collection":[{"href":"https:\/\/staging.pokeriomokykla.com\/fi\/wp-json\/wp\/v2\/pages"}],"about":[{"href":"https:\/\/staging.pokeriomokykla.com\/fi\/wp-json\/wp\/v2\/types\/page"}],"author":[{"embeddable":true,"href":"https:\/\/staging.pokeriomokykla.com\/fi\/wp-json\/wp\/v2\/users\/491"}],"replies":[{"embeddable":true,"href":"https:\/\/staging.pokeriomokykla.com\/fi\/wp-json\/wp\/v2\/comments?post=854644"}],"version-history":[{"count":4,"href":"https:\/\/staging.pokeriomokykla.com\/fi\/wp-json\/wp\/v2\/pages\/854644\/revisions"}],"predecessor-version":[{"id":1089905,"href":"https:\/\/staging.pokeriomokykla.com\/fi\/wp-json\/wp\/v2\/pages\/854644\/revisions\/1089905"}],"wp:attachment":[{"href":"https:\/\/staging.pokeriomokykla.com\/fi\/wp-json\/wp\/v2\/media?parent=854644"}],"curies":[{"name":"wp","href":"https:\/\/api.w.org\/{rel}","templated":true}]}}