{"id":854189,"date":"2016-08-10T17:45:47","date_gmt":"2016-08-10T15:45:47","guid":{"rendered":"https:\/\/staging.pokeriomokykla.com\/saannot-ja-ehdot"},"modified":"2025-04-28T23:55:13","modified_gmt":"2025-04-28T21:55:13","slug":"saannot-ja-ehdot","status":"publish","type":"page","link":"https:\/\/staging.pokeriomokykla.com\/fi\/saannot-yhtalot","title":{"rendered":"S\u00e4\u00e4nn\u00f6t ja ehdot"},"content":{"rendered":"<div id=\"ez-toc-container\" class=\"ez-toc-v2_0_76 ez-toc-wrap-left counter-hierarchy ez-toc-counter ez-toc-light-blue ez-toc-container-direction\">\n<div class=\"ez-toc-title-container\">\n<p class=\"ez-toc-title\" style=\"cursor:inherit\">Table of contents fi<\/p>\n<span class=\"ez-toc-title-toggle\"><a href=\"#\" class=\"ez-toc-pull-right ez-toc-btn ez-toc-btn-xs ez-toc-btn-default ez-toc-toggle\" aria-label=\"Toggle Table of Content\"><span class=\"ez-toc-js-icon-con\"><span class=\"\"><span class=\"eztoc-hide\" style=\"display:none;\">Toggle<\/span><span class=\"ez-toc-icon-toggle-span\"><svg style=\"fill: #000000;color:#000000\" xmlns=\"http:\/\/www.w3.org\/2000\/svg\" class=\"list-377408\" width=\"20px\" height=\"20px\" viewBox=\"0 0 24 24\" fill=\"none\"><path d=\"M6 6H4v2h2V6zm14 0H8v2h12V6zM4 11h2v2H4v-2zm16 0H8v2h12v-2zM4 16h2v2H4v-2zm16 0H8v2h12v-2z\" fill=\"currentColor\"><\/path><\/svg><svg style=\"fill: #000000;color:#000000\" class=\"arrow-unsorted-368013\" xmlns=\"http:\/\/www.w3.org\/2000\/svg\" width=\"10px\" height=\"10px\" viewBox=\"0 0 24 24\" version=\"1.2\" baseProfile=\"tiny\"><path d=\"M18.2 9.3l-6.2-6.3-6.2 6.3c-.2.2-.3.4-.3.7s.1.5.3.7c.2.2.4.3.7.3h11c.3 0 .5-.1.7-.3.2-.2.3-.5.3-.7s-.1-.5-.3-.7zM5.8 14.7l6.2 6.3 6.2-6.3c.2-.2.3-.5.3-.7s-.1-.5-.3-.7c-.2-.2-.4-.3-.7-.3h-11c-.3 0-.5.1-.7.3-.2.2-.3.5-.3.7s.1.5.3.7z\"\/><\/svg><\/span><\/span><\/span><\/a><\/span><\/div>\n<nav><ul class='ez-toc-list ez-toc-list-level-1 eztoc-toggle-hide-by-default' ><li class='ez-toc-page-1 ez-toc-heading-level-3'><a class=\"ez-toc-link ez-toc-heading-1\" href=\"https:\/\/staging.pokeriomokykla.com\/fi\/saannot-yhtalot\/#Viestinta\" >Viestint\u00e4<\/a><\/li><li class='ez-toc-page-1 ez-toc-heading-level-3'><a class=\"ez-toc-link ez-toc-heading-2\" href=\"https:\/\/staging.pokeriomokykla.com\/fi\/saannot-yhtalot\/#Vastuu\" >Vastuu<\/a><\/li><li class='ez-toc-page-1 ez-toc-heading-level-3'><a class=\"ez-toc-link ez-toc-heading-3\" href=\"https:\/\/staging.pokeriomokykla.com\/fi\/saannot-yhtalot\/#Mainonta\" >Mainonta<\/a><\/li><li class='ez-toc-page-1 ez-toc-heading-level-3'><a class=\"ez-toc-link ez-toc-heading-4\" href=\"https:\/\/staging.pokeriomokykla.com\/fi\/saannot-yhtalot\/#Tiedonkeruu\" >Tiedonkeruu<\/a><\/li><\/ul><\/nav><\/div>\n<h3 class=\"p1\"><span class=\"ez-toc-section\" id=\"Viestinta\"><\/span><span class=\"s1\"><b>Viestint\u00e4<\/b><\/span><span class=\"ez-toc-section-end\"><\/span><\/h3>\n<ol>\n<li><span class=\"s1\">PokerioMokykla.com on suljettu pokeriyhteis\u00f6, ja pyrimme yll\u00e4pit\u00e4m\u00e4\u00e4n korkeaa keskin\u00e4isen ymm\u00e4rryksen tasoa. Siksi kaikki viestint\u00e4 koulussa perustuu keskin\u00e4iseen ymm\u00e4rrykseen.<\/span><\/li>\n<li><span class=\"s1\">Jokaisella oppilaalla on oikeus omiin mielipiteisiins\u00e4 ja erilaisiin n\u00e4kemyksiin. Siksi jokaisen koulun j\u00e4senen on kunnioitettava toisen ihmisen mielipidett\u00e4. Kuitenkin kaikenlainen rodullinen, uskonnollinen, kansallinen, sukupuoleen perustuva ja muu syrjint\u00e4 on ehdottomasti kielletty. J\u00e4senet, jotka tarkoituksellisesti rikkovat t\u00e4t\u00e4 s\u00e4\u00e4nt\u00f6\u00e4 (tarkoituksellisesti loukkaavat, yllytt\u00e4v\u00e4t syrjint\u00e4\u00e4n, alentavat, pilkkaavat, uhkaavat ja muulla tavoin alentavat muiden henkil\u00f6iden vapauksia ja arvokkuutta) poistetaan v\u00e4litt\u00f6m\u00e4sti ja pysyv\u00e4sti pokerikoulusta ilman oikeutta palata. T\u00e4llaisessa tapauksessa j\u00e4sen poistetaan, eik\u00e4 h\u00e4nen maksamiaan liittymis- ja tilausmaksuja palauteta.<\/span><\/li>\n<li><span class=\"s1\">Tarvittaessa PokerioMokykla.comin hallinto pid\u00e4tt\u00e4\u00e4 oikeuden ilmoittaa LR:n poliisille ja muille viranomaisille uhkauksista tai yllytyksist\u00e4 syrjint\u00e4\u00e4n.<\/span><\/li>\n<\/ol>\n<h3 class=\"p1\"><span class=\"ez-toc-section\" id=\"Vastuu\"><\/span><span class=\"s1\"><b>Vastuu<\/b><\/span><span class=\"ez-toc-section-end\"><\/span><\/h3>\n<ol>\n<li><span class=\"s1\">PokerioMokykla.com ei mainosta uhkapelej\u00e4, eik\u00e4 edusta mit\u00e4\u00e4n pokeri-, kasino- tai vedonly\u00f6ntiyhti\u00f6t\u00e4. Sivustolla esitetty sis\u00e4lt\u00f6 on puhtaasti informatiivista. Pokerikoulun hallinto ei saa tuloja uhkapelioperaattoreilta tai vastaavilta.<\/span><\/li>\n<li>Pokeriomokykla.com p\u00e4ivitt\u00e4\u00e4 ja t\u00e4ydent\u00e4\u00e4 jatkuvasti tietoja pokerin, kasinon ja vedonly\u00f6nnin ajankohtaisista asioista.<\/li>\n<li><span class=\"s1\">Rahoja tarjotuista palveluista (tilausmaksu, oppitunnit, apuohjelmat) ei palauteta.<\/span><\/li>\n<li><span class=\"s1\">PokerioMokykla.com ei ole vastuussa vahingoista, joita voit suoraan tai ep\u00e4suorasti k\u00e4rsi\u00e4 PokerioMokykla.com pokerikoulusta saadun tiedon, vedonly\u00f6ntiennusteiden sis\u00e4ll\u00f6n, foorumin sis\u00e4ll\u00f6n, tiedon luotettavuuden, menetyksen tai viiv\u00e4stymisen vuoksi.<\/span><\/li>\n<li><span class=\"s1\">PokerioMokykla.com ei suvaitse viestej\u00e4, joiden sis\u00e4lt\u00f6 on ristiriidassa Liettuan tasavallan lakien, kansainv\u00e4listen sopimusten ja eettisten normien kanssa. T\u00e4llaiset viestit poistetaan.<\/span><\/li>\n<li><span class=\"s1\">S\u00e4\u00e4nt\u00f6j\u00e4 p\u00e4ivitet\u00e4\u00e4n jatkuvasti. S\u00e4\u00e4nt\u00f6jen tiet\u00e4m\u00e4tt\u00f6myys ei vapauta vastuusta.<\/span><\/li>\n<\/ol>\n<h3 class=\"p1\"><span class=\"ez-toc-section\" id=\"Mainonta\"><\/span><span class=\"s1\"><b>Mainonta<\/b><\/span><span class=\"ez-toc-section-end\"><\/span><\/h3>\n<ol>\n<li class=\"p2\"><span class=\"s1\">PokerioMokykla.comissa on kielletty kaikenlainen mainonta, joka ei ole sovittu PokerioMokykla.com pokerikoulun hallinnon kanssa. K\u00e4ytt\u00e4j\u00e4t, jotka levitt\u00e4v\u00e4t mainontaa, saavat varoituksen.<\/span><\/li>\n<li class=\"p3\"><span class=\"s2\">PokerioMokykla.comissa on ehdottomasti kielletty kaikenlainen affiliate-tyyppisten linkkien mainonta, sek\u00e4 viestien luomisessa ett\u00e4 henkil\u00f6kohtaisten viestien l\u00e4hett\u00e4misess\u00e4. Erityisesti, jos se rikkoo Liettuan tasavallan uhkapelien valvontalakia. T\u00e4llaisten viestien kirjoittajat poistetaan v\u00e4litt\u00f6m\u00e4sti pokerikoulusta pysyv\u00e4sti, rahat eiv\u00e4t ole palautettavissa, ja heid\u00e4n tietonsa (mukaan lukien IP-osoitteet) toimitetaan valtion uhkapelien valvontakomissiolle Liettuan tasavallan lakien rikkomisesta.<\/span><\/li>\n<\/ol>\n<h3><span class=\"ez-toc-section\" id=\"Tiedonkeruu\"><\/span><strong>Tiedonkeruu<\/strong><span class=\"ez-toc-section-end\"><\/span><\/h3>\n<ol>\n<li>PokerioMokykla.com pid\u00e4tt\u00e4\u00e4 oikeuden ker\u00e4t\u00e4 ja k\u00e4ytt\u00e4\u00e4 rekister\u00f6ityneiden k\u00e4vij\u00f6iden tietoja markkinointitarkoituksiin. K\u00e4vij\u00e4tietoihin kuuluvat kaikki tiedot, mukaan lukien selaushistoria, s\u00e4hk\u00f6postiosoite, puhelinnumero jne.<\/li>\n<li>PokerioMokykla.com kunnioittaa k\u00e4vij\u00f6idens\u00e4 yksityisyytt\u00e4 ja tietojen suojaamista, joten annetut tiedot voidaan k\u00e4ytt\u00e4\u00e4 yksinomaan verkkosivuston toiminnan markkinointitarkoituksiin. Ker\u00e4ttyj\u00e4 tietoja ei saa luovuttaa kolmansille osapuolille.<\/li>\n<\/ol>\n","protected":false},"excerpt":{"rendered":"<p>Viestint\u00e4 PokerioMokykla.com on suljettu pokeriyhteis\u00f6, ja pyrimme yll\u00e4pit\u00e4m\u00e4\u00e4n korkeaa keskin\u00e4isen&#8230;<\/p>\n","protected":false},"author":491,"featured_media":0,"parent":0,"menu_order":23,"comment_status":"closed","ping_status":"closed","template":"","meta":{"_acf_changed":false,"footnotes":""},"class_list":["post-854189","page","type-page","status-publish","hentry"],"acf":[],"_links":{"self":[{"href":"https:\/\/staging.pokeriomokykla.com\/fi\/wp-json\/wp\/v2\/pages\/854189","targetHints":{"allow":["GET"]}}],"collection":[{"href":"https:\/\/staging.pokeriomokykla.com\/fi\/wp-json\/wp\/v2\/pages"}],"about":[{"href":"https:\/\/staging.pokeriomokykla.com\/fi\/wp-json\/wp\/v2\/types\/page"}],"author":[{"embeddable":true,"href":"https:\/\/staging.pokeriomokykla.com\/fi\/wp-json\/wp\/v2\/users\/491"}],"replies":[{"embeddable":true,"href":"https:\/\/staging.pokeriomokykla.com\/fi\/wp-json\/wp\/v2\/comments?post=854189"}],"version-history":[{"count":2,"href":"https:\/\/staging.pokeriomokykla.com\/fi\/wp-json\/wp\/v2\/pages\/854189\/revisions"}],"predecessor-version":[{"id":1007366,"href":"https:\/\/staging.pokeriomokykla.com\/fi\/wp-json\/wp\/v2\/pages\/854189\/revisions\/1007366"}],"wp:attachment":[{"href":"https:\/\/staging.pokeriomokykla.com\/fi\/wp-json\/wp\/v2\/media?parent=854189"}],"curies":[{"name":"wp","href":"https:\/\/api.w.org\/{rel}","templated":true}]}}