{"id":1090121,"date":"2025-04-24T01:04:40","date_gmt":"2025-04-23T23:04:40","guid":{"rendered":"https:\/\/staging.pokeriomokykla.com\/testisivu-vuosi"},"modified":"2025-04-28T22:47:04","modified_gmt":"2025-04-28T20:47:04","slug":"testisivu-vuosi","status":"publish","type":"page","link":"https:\/\/staging.pokeriomokykla.com\/fi\/testisivu-vuosi\/","title":{"rendered":"Testisivu [vuosi]"},"content":{"rendered":"\n<p>jotain sis\u00e4lt\u00f6\u00e4.<\/p>\n","protected":false},"excerpt":{"rendered":"<p>jotain sis\u00e4lt\u00f6\u00e4.<\/p>\n","protected":false},"author":491,"featured_media":0,"parent":0,"menu_order":0,"comment_status":"closed","ping_status":"closed","template":"","meta":{"_acf_changed":false,"footnotes":""},"class_list":["post-1090121","page","type-page","status-publish","hentry"],"acf":[],"_links":{"self":[{"href":"https:\/\/staging.pokeriomokykla.com\/fi\/wp-json\/wp\/v2\/pages\/1090121","targetHints":{"allow":["GET"]}}],"collection":[{"href":"https:\/\/staging.pokeriomokykla.com\/fi\/wp-json\/wp\/v2\/pages"}],"about":[{"href":"https:\/\/staging.pokeriomokykla.com\/fi\/wp-json\/wp\/v2\/types\/page"}],"author":[{"embeddable":true,"href":"https:\/\/staging.pokeriomokykla.com\/fi\/wp-json\/wp\/v2\/users\/491"}],"replies":[{"embeddable":true,"href":"https:\/\/staging.pokeriomokykla.com\/fi\/wp-json\/wp\/v2\/comments?post=1090121"}],"version-history":[{"count":1,"href":"https:\/\/staging.pokeriomokykla.com\/fi\/wp-json\/wp\/v2\/pages\/1090121\/revisions"}],"predecessor-version":[{"id":1090130,"href":"https:\/\/staging.pokeriomokykla.com\/fi\/wp-json\/wp\/v2\/pages\/1090121\/revisions\/1090130"}],"wp:attachment":[{"href":"https:\/\/staging.pokeriomokykla.com\/fi\/wp-json\/wp\/v2\/media?parent=1090121"}],"curies":[{"name":"wp","href":"https:\/\/api.w.org\/{rel}","templated":true}]}}