{"id":785674,"date":"2016-08-10T17:45:47","date_gmt":"2016-08-10T15:45:47","guid":{"rendered":"https:\/\/staging.pokeriomokykla.com\/reglas-y-condiciones"},"modified":"2025-04-28T23:55:13","modified_gmt":"2025-04-28T21:55:13","slug":"reglas-y-condiciones","status":"publish","type":"page","link":"https:\/\/staging.pokeriomokykla.com\/es\/reglas-ecuaciones","title":{"rendered":"Reglas y condiciones"},"content":{"rendered":"<div id=\"ez-toc-container\" class=\"ez-toc-v2_0_76 ez-toc-wrap-left counter-hierarchy ez-toc-counter ez-toc-light-blue ez-toc-container-direction\">\n<div class=\"ez-toc-title-container\">\n<p class=\"ez-toc-title\" style=\"cursor:inherit\">Table of contents es<\/p>\n<span class=\"ez-toc-title-toggle\"><a href=\"#\" class=\"ez-toc-pull-right ez-toc-btn ez-toc-btn-xs ez-toc-btn-default ez-toc-toggle\" aria-label=\"Toggle Table of Content\"><span class=\"ez-toc-js-icon-con\"><span class=\"\"><span class=\"eztoc-hide\" style=\"display:none;\">Toggle<\/span><span class=\"ez-toc-icon-toggle-span\"><svg style=\"fill: #000000;color:#000000\" xmlns=\"http:\/\/www.w3.org\/2000\/svg\" class=\"list-377408\" width=\"20px\" height=\"20px\" viewBox=\"0 0 24 24\" fill=\"none\"><path d=\"M6 6H4v2h2V6zm14 0H8v2h12V6zM4 11h2v2H4v-2zm16 0H8v2h12v-2zM4 16h2v2H4v-2zm16 0H8v2h12v-2z\" fill=\"currentColor\"><\/path><\/svg><svg style=\"fill: #000000;color:#000000\" class=\"arrow-unsorted-368013\" xmlns=\"http:\/\/www.w3.org\/2000\/svg\" width=\"10px\" height=\"10px\" viewBox=\"0 0 24 24\" version=\"1.2\" baseProfile=\"tiny\"><path d=\"M18.2 9.3l-6.2-6.3-6.2 6.3c-.2.2-.3.4-.3.7s.1.5.3.7c.2.2.4.3.7.3h11c.3 0 .5-.1.7-.3.2-.2.3-.5.3-.7s-.1-.5-.3-.7zM5.8 14.7l6.2 6.3 6.2-6.3c.2-.2.3-.5.3-.7s-.1-.5-.3-.7c-.2-.2-.4-.3-.7-.3h-11c-.3 0-.5.1-.7.3-.2.2-.3.5-.3.7s.1.5.3.7z\"\/><\/svg><\/span><\/span><\/span><\/a><\/span><\/div>\n<nav><ul class='ez-toc-list ez-toc-list-level-1 eztoc-toggle-hide-by-default' ><li class='ez-toc-page-1 ez-toc-heading-level-3'><a class=\"ez-toc-link ez-toc-heading-1\" href=\"https:\/\/staging.pokeriomokykla.com\/es\/reglas-ecuaciones\/#Comunicacion\" >Comunicaci\u00f3n<\/a><\/li><li class='ez-toc-page-1 ez-toc-heading-level-3'><a class=\"ez-toc-link ez-toc-heading-2\" href=\"https:\/\/staging.pokeriomokykla.com\/es\/reglas-ecuaciones\/#Responsabilidad\" >Responsabilidad<\/a><\/li><li class='ez-toc-page-1 ez-toc-heading-level-3'><a class=\"ez-toc-link ez-toc-heading-3\" href=\"https:\/\/staging.pokeriomokykla.com\/es\/reglas-ecuaciones\/#Publicidad\" >Publicidad<\/a><\/li><li class='ez-toc-page-1 ez-toc-heading-level-3'><a class=\"ez-toc-link ez-toc-heading-4\" href=\"https:\/\/staging.pokeriomokykla.com\/es\/reglas-ecuaciones\/#Recopilacion_de_informacion\" >Recopilaci\u00f3n de informaci\u00f3n<\/a><\/li><\/ul><\/nav><\/div>\n<h3 class=\"p1\"><span class=\"ez-toc-section\" id=\"Comunicacion\"><\/span><span class=\"s1\"><b>Comunicaci\u00f3n<\/b><\/span><span class=\"ez-toc-section-end\"><\/span><\/h3>\n<ol>\n<li><span class=\"s1\">PokerioMokykla.com es una comunidad de p\u00f3ker cerrada, buscamos mantener un alto nivel de comprensi\u00f3n mutua. Por lo tanto, toda la comunicaci\u00f3n en la escuela se basa en la comprensi\u00f3n mutua.<\/span><\/li>\n<li><span class=\"s1\">Cada estudiante tiene derecho a sus propias opiniones y diferentes puntos de vista. Por lo tanto, cada miembro de la escuela debe respetar la opini\u00f3n de los dem\u00e1s. Sin embargo, cualquier discriminaci\u00f3n racial, religiosa, nacional, de g\u00e9nero u otra est\u00e1 estrictamente prohibida. Los miembros que violen deliberadamente esta disposici\u00f3n (insultando deliberadamente, incitando a la discriminaci\u00f3n, humillando, acosando, amenazando y de cualquier otra manera menospreciando las libertades y la dignidad de otras personas) ser\u00e1n eliminados de inmediato y permanentemente de la escuela de p\u00f3ker, sin derecho a regresar. En tal caso, el miembro ser\u00e1 eliminado y las tarifas de inscripci\u00f3n y suscripci\u00f3n pagadas no ser\u00e1n reembolsadas.<\/span><\/li>\n<li><span class=\"s1\">Si es necesario, la administraci\u00f3n de PokerioMokykla.com se reserva el derecho de informar a la polic\u00eda de la Rep\u00fablica de Lituania y otras instituciones sobre amenazas o incitaci\u00f3n a la discriminaci\u00f3n.<\/span><\/li>\n<\/ol>\n<h3 class=\"p1\"><span class=\"ez-toc-section\" id=\"Responsabilidad\"><\/span><span class=\"s1\"><b>Responsabilidad<\/b><\/span><span class=\"ez-toc-section-end\"><\/span><\/h3>\n<ol>\n<li><span class=\"s1\">PokerioMokykla.com no promociona juegos de azar, no representa a ninguna empresa de p\u00f3ker, casino o apuestas. El contenido del sitio es puramente informativo. La administraci\u00f3n de la escuela de p\u00f3ker no recibe ning\u00fan ingreso de operadores de juegos de azar, etc.<\/span><\/li>\n<li>Pokeriomokykla.com actualiza y complementa constantemente la informaci\u00f3n sobre las novedades de p\u00f3ker, casinos y apuestas.<\/li>\n<li><span class=\"s1\">El dinero por los servicios prestados (cuota de suscripci\u00f3n, lecciones, programas auxiliares) no es reembolsable.<\/span><\/li>\n<li><span class=\"s1\">PokerioMokykla.com no es responsable de los da\u00f1os que pueda sufrir directa o indirectamente debido a la informaci\u00f3n obtenida de la escuela de p\u00f3ker PokerioMokykla.com, el contenido de las predicciones de apuestas, el contenido del foro, la fiabilidad de la informaci\u00f3n, la p\u00e9rdida o el retraso.<\/span><\/li>\n<li><span class=\"s1\">PokerioMokykla.com no tolerar\u00e1 mensajes cuyo contenido contradiga las leyes de la Rep\u00fablica de Lituania, los tratados internacionales y los mensajes que contradigan las normas \u00e9ticas. Dichos mensajes ser\u00e1n eliminados.<\/span><\/li>\n<li><span class=\"s1\">Las reglas se actualizan constantemente. El desconocimiento de las reglas no exime de responsabilidad.<\/span><\/li>\n<\/ol>\n<h3 class=\"p1\"><span class=\"ez-toc-section\" id=\"Publicidad\"><\/span><span class=\"s1\"><b>Publicidad<\/b><\/span><span class=\"ez-toc-section-end\"><\/span><\/h3>\n<ol>\n<li class=\"p2\"><span class=\"s1\">En PokerioMokykla.com est\u00e1 prohibida cualquier tipo de publicidad que no est\u00e9 coordinada con la administraci\u00f3n de la escuela de p\u00f3ker PokerioMokykla.com. Los usuarios que difundan publicidad ser\u00e1n advertidos.<\/span><\/li>\n<li class=\"p3\"><span class=\"s2\">En PokerioMokykla.com est\u00e1 estrictamente prohibida cualquier publicidad de enlaces de tipo afiliado, tanto al crear mensajes como al enviar mensajes personales. Especialmente, si viola la ley de supervisi\u00f3n de juegos de azar de la Rep\u00fablica de Lituania. Los autores de dichos mensajes ser\u00e1n eliminados de inmediato y permanentemente de la escuela de p\u00f3ker, el dinero no ser\u00e1 reembolsado y sus datos (incluidas las direcciones IP) ser\u00e1n entregados a la comisi\u00f3n estatal de supervisi\u00f3n de juegos de azar como violadores de las leyes de la Rep\u00fablica de Lituania.<\/span><\/li>\n<\/ol>\n<h3><span class=\"ez-toc-section\" id=\"Recopilacion_de_informacion\"><\/span><strong>Recopilaci\u00f3n de informaci\u00f3n<\/strong><span class=\"ez-toc-section-end\"><\/span><\/h3>\n<ol>\n<li>PokerioMokykla.com se reserva el derecho de recopilar y utilizar la informaci\u00f3n de los visitantes registrados con fines de marketing. La informaci\u00f3n de los visitantes incluye todos los datos, entre ellos el historial de navegaci\u00f3n, la direcci\u00f3n de correo electr\u00f3nico, el n\u00famero de tel\u00e9fono, etc.<\/li>\n<li>PokerioMokykla.com respeta la privacidad de sus visitantes y la protecci\u00f3n de la informaci\u00f3n, por lo que los datos proporcionados pueden ser utilizados exclusivamente con fines de marketing del sitio web. La informaci\u00f3n recopilada no puede ser transferida a terceros.<\/li>\n<\/ol>\n","protected":false},"excerpt":{"rendered":"<p>Comunicaci\u00f3n PokerioMokykla.com es una comunidad de p\u00f3ker cerrada, buscamos mantener&#8230;<\/p>\n","protected":false},"author":491,"featured_media":0,"parent":0,"menu_order":23,"comment_status":"closed","ping_status":"closed","template":"","meta":{"_acf_changed":false,"footnotes":""},"class_list":["post-785674","page","type-page","status-publish","hentry"],"acf":[],"_links":{"self":[{"href":"https:\/\/staging.pokeriomokykla.com\/es\/wp-json\/wp\/v2\/pages\/785674","targetHints":{"allow":["GET"]}}],"collection":[{"href":"https:\/\/staging.pokeriomokykla.com\/es\/wp-json\/wp\/v2\/pages"}],"about":[{"href":"https:\/\/staging.pokeriomokykla.com\/es\/wp-json\/wp\/v2\/types\/page"}],"author":[{"embeddable":true,"href":"https:\/\/staging.pokeriomokykla.com\/es\/wp-json\/wp\/v2\/users\/491"}],"replies":[{"embeddable":true,"href":"https:\/\/staging.pokeriomokykla.com\/es\/wp-json\/wp\/v2\/comments?post=785674"}],"version-history":[{"count":2,"href":"https:\/\/staging.pokeriomokykla.com\/es\/wp-json\/wp\/v2\/pages\/785674\/revisions"}],"predecessor-version":[{"id":1007363,"href":"https:\/\/staging.pokeriomokykla.com\/es\/wp-json\/wp\/v2\/pages\/785674\/revisions\/1007363"}],"wp:attachment":[{"href":"https:\/\/staging.pokeriomokykla.com\/es\/wp-json\/wp\/v2\/media?parent=785674"}],"curies":[{"name":"wp","href":"https:\/\/api.w.org\/{rel}","templated":true}]}}