{"id":791516,"date":"2018-05-23T20:07:11","date_gmt":"2018-05-23T18:07:11","guid":{"rendered":"https:\/\/staging.pokeriomokykla.com\/privatumo-ir-slapuku-politika"},"modified":"2025-04-28T23:39:19","modified_gmt":"2025-04-28T21:39:19","slug":"privatumo-ir-slapuku-politika","status":"publish","type":"page","link":"https:\/\/staging.pokeriomokykla.com\/de\/datenschutzbestimmungen","title":{"rendered":"Datenschutz- und Cookie-Richtlinie"},"content":{"rendered":"<div id=\"ez-toc-container\" class=\"ez-toc-v2_0_76 ez-toc-wrap-left counter-hierarchy ez-toc-counter ez-toc-light-blue ez-toc-container-direction\">\n<div class=\"ez-toc-title-container\">\n<p class=\"ez-toc-title\" style=\"cursor:inherit\">Table of contents de<\/p>\n<span class=\"ez-toc-title-toggle\"><a href=\"#\" class=\"ez-toc-pull-right ez-toc-btn ez-toc-btn-xs ez-toc-btn-default ez-toc-toggle\" aria-label=\"Toggle Table of Content\"><span class=\"ez-toc-js-icon-con\"><span class=\"\"><span class=\"eztoc-hide\" style=\"display:none;\">Toggle<\/span><span class=\"ez-toc-icon-toggle-span\"><svg style=\"fill: #000000;color:#000000\" xmlns=\"http:\/\/www.w3.org\/2000\/svg\" class=\"list-377408\" width=\"20px\" height=\"20px\" viewBox=\"0 0 24 24\" fill=\"none\"><path d=\"M6 6H4v2h2V6zm14 0H8v2h12V6zM4 11h2v2H4v-2zm16 0H8v2h12v-2zM4 16h2v2H4v-2zm16 0H8v2h12v-2z\" fill=\"currentColor\"><\/path><\/svg><svg style=\"fill: #000000;color:#000000\" class=\"arrow-unsorted-368013\" xmlns=\"http:\/\/www.w3.org\/2000\/svg\" width=\"10px\" height=\"10px\" viewBox=\"0 0 24 24\" version=\"1.2\" baseProfile=\"tiny\"><path d=\"M18.2 9.3l-6.2-6.3-6.2 6.3c-.2.2-.3.4-.3.7s.1.5.3.7c.2.2.4.3.7.3h11c.3 0 .5-.1.7-.3.2-.2.3-.5.3-.7s-.1-.5-.3-.7zM5.8 14.7l6.2 6.3 6.2-6.3c.2-.2.3-.5.3-.7s-.1-.5-.3-.7c-.2-.2-.4-.3-.7-.3h-11c-.3 0-.5.1-.7.3-.2.2-.3.5-.3.7s.1.5.3.7z\"\/><\/svg><\/span><\/span><\/span><\/a><\/span><\/div>\n<nav><ul class='ez-toc-list ez-toc-list-level-1 eztoc-toggle-hide-by-default' ><li class='ez-toc-page-1 ez-toc-heading-level-2'><a class=\"ez-toc-link ez-toc-heading-1\" href=\"https:\/\/staging.pokeriomokykla.com\/de\/datenschutzbestimmungen\/#Datenschutzrichtlinie\" >Datenschutzrichtlinie<\/a><\/li><li class='ez-toc-page-1 ez-toc-heading-level-2'><a class=\"ez-toc-link ez-toc-heading-2\" href=\"https:\/\/staging.pokeriomokykla.com\/de\/datenschutzbestimmungen\/#Cookies_und_deren_Verwendung\" >Cookies und deren Verwendung<\/a><\/li><\/ul><\/nav><\/div>\n<h2><span class=\"ez-toc-section\" id=\"Datenschutzrichtlinie\"><\/span>Datenschutzrichtlinie<span class=\"ez-toc-section-end\"><\/span><\/h2>\n<p>Auf der Website PokerioMokykla.com m\u00fcssen Sie bei der Registrierung im internen Mitgliedersystem, beim Herunterladen eines E-Books oder beim Abonnieren von Newslettern Ihren Namen und Ihre E-Mail-Adresse angeben. Ihre E-Mail-Adresse wird verwendet, um Ihnen Nachrichten \u00fcber Poker und Pokertraining zu senden.<\/p>\n<p>Sie k\u00f6nnen den Newsletter jederzeit abbestellen \u2013 am Ende jeder E-Mail befindet sich ein aktiver Link, durch den Sie keine Nachrichten mehr erhalten und Ihre E-Mail-Adresse aus der Datenbank gel\u00f6scht wird.<\/p>\n<p>Ihre Daten (E-Mail und Name) werden auch automatisch aus dem System gel\u00f6scht, wenn Sie 15 unserer gesendeten E-Mails in Folge nicht \u00f6ffnen, da wir dann verstehen, dass unser Inhalt f\u00fcr Sie einfach nicht relevant ist.<\/p>\n<p><strong>Datenerfassung<\/strong><\/p>\n<p>PokerioMokykla.com beh\u00e4lt sich das Recht vor, die Informationen registrierter Besucher zu Marketingzwecken zu sammeln und zu verwenden. Zu den Besucherinformationen geh\u00f6ren alle Daten, einschlie\u00dflich Browserverlauf, E-Mail-Adresse, Telefonnummer usw.<\/p>\n<p>PokerioMokykla.com respektiert die Privatsph\u00e4re und den Datenschutz seiner Besucher, daher d\u00fcrfen die bereitgestellten Daten ausschlie\u00dflich f\u00fcr Marketingzwecke der Website verwendet werden. Die gesammelten Informationen d\u00fcrfen nicht an Dritte weitergegeben werden.<\/p>\n<p>Bei weiteren Fragen zu Ihren Daten und der Datenschutzrichtlinie k\u00f6nnen Sie uns per E-Mail kontaktieren: <a href=\"mailto:info@pokeriomokykla.com\">info@pokeriomokykla.com<\/a><\/p>\n<h2><span class=\"ez-toc-section\" id=\"Cookies_und_deren_Verwendung\"><\/span>Cookies und deren Verwendung<span class=\"ez-toc-section-end\"><\/span><\/h2>\n<p>Auf der Website PokerioMokykla.com verwenden wir Cookies, daher finden Sie in diesem Abschnitt detaillierte Informationen dar\u00fcber, wie Cookies verwendet werden und wie Sie entscheiden k\u00f6nnen, ob Sie Cookies behalten oder entfernen m\u00f6chten.<\/p>\n<p><strong>Was ist ein Cookie?<\/strong><\/p>\n<p>Cookies sind Informationselemente, die von einer Website auf die Festplatte Ihres Computers \u00fcbertragen werden. Dies sind kleine Informationsdateien, die es Websites erm\u00f6glichen, Informationen \u00fcber die Surfgewohnheiten des Benutzers zu speichern und erneut abzurufen.<\/p>\n<p>Die meisten Websites verwenden Cookies, da sie eine der vielen Ma\u00dfnahmen sind, die dazu beitragen, den Internetinhalt an die Bed\u00fcrfnisse der Benutzer anzupassen. Cookies erm\u00f6glichen es Websites, benutzerdefinierte Dienste anzubieten (z. B. das Speichern von Anmeldedaten, das Behalten von Artikeln im Warenkorb oder das Anzeigen von Inhalten, die nur f\u00fcr den jeweiligen Benutzer von Interesse sind).<\/p>\n<p>Es gibt verschiedene Arten von Cookies: tempor\u00e4re Cookies (oder Sitzungscookies) \u2013 werden gel\u00f6scht, wenn der Browser geschlossen wird; dauerhafte Cookies \u2013 werden nicht gel\u00f6scht und bleiben bestehen, bis sie aktiv entfernt werden oder bis sie ablaufen.<\/p>\n<p><strong>Wie l\u00f6sche ich ein Cookie?<\/strong><\/p>\n<p>Die meisten Browser sind so eingestellt, dass sie Cookies automatisch akzeptieren. Sie k\u00f6nnen Cookies in Ihrem Browser deaktivieren, aber beachten Sie, dass Sie dadurch m\u00f6glicherweise viele Funktionen verlieren, die erforderlich sind, damit die Website ordnungsgem\u00e4\u00df funktioniert. Wenn Sie detailliertere Informationen zu Cookies ben\u00f6tigen, besuchen Sie die Website www.aboutcookies.org, wo Sie umfassende, unabh\u00e4ngige Informationen dar\u00fcber finden, wie Sie Cookies \u00fcber die Browsereinstellungen deaktivieren und wie Sie Cookies entfernen k\u00f6nnen, die sich bereits auf Ihrem Computer befinden. Um Cookies von Ihrem Mobiltelefon zu entfernen, m\u00fcssen Sie das Benutzerhandbuch Ihres Telefons lesen.<\/p>\n","protected":false},"excerpt":{"rendered":"<p>Datenschutzrichtlinie Auf der Website PokerioMokykla.com m\u00fcssen Sie bei der Registrierung&#8230;<\/p>\n","protected":false},"author":491,"featured_media":0,"parent":0,"menu_order":0,"comment_status":"closed","ping_status":"closed","template":"","meta":{"_acf_changed":false,"footnotes":""},"class_list":["post-791516","page","type-page","status-publish","hentry"],"acf":[],"_links":{"self":[{"href":"https:\/\/staging.pokeriomokykla.com\/de\/wp-json\/wp\/v2\/pages\/791516","targetHints":{"allow":["GET"]}}],"collection":[{"href":"https:\/\/staging.pokeriomokykla.com\/de\/wp-json\/wp\/v2\/pages"}],"about":[{"href":"https:\/\/staging.pokeriomokykla.com\/de\/wp-json\/wp\/v2\/types\/page"}],"author":[{"embeddable":true,"href":"https:\/\/staging.pokeriomokykla.com\/de\/wp-json\/wp\/v2\/users\/491"}],"replies":[{"embeddable":true,"href":"https:\/\/staging.pokeriomokykla.com\/de\/wp-json\/wp\/v2\/comments?post=791516"}],"version-history":[{"count":1,"href":"https:\/\/staging.pokeriomokykla.com\/de\/wp-json\/wp\/v2\/pages\/791516\/revisions"}],"predecessor-version":[{"id":808095,"href":"https:\/\/staging.pokeriomokykla.com\/de\/wp-json\/wp\/v2\/pages\/791516\/revisions\/808095"}],"wp:attachment":[{"href":"https:\/\/staging.pokeriomokykla.com\/de\/wp-json\/wp\/v2\/media?parent=791516"}],"curies":[{"name":"wp","href":"https:\/\/api.w.org\/{rel}","templated":true}]}}